{"id":11,"date":"2010-12-29T20:42:31","date_gmt":"2010-12-29T20:42:31","guid":{"rendered":"http:\/\/strubbelmiez.de\/wordpress\/?page_id=11"},"modified":"2012-10-21T23:48:49","modified_gmt":"2012-10-21T21:48:49","slug":"uber-mich","status":"publish","type":"page","link":"http:\/\/strubbelmiez.de\/index.php\/uber-mich\/","title":{"rendered":"\u00dcber mich"},"content":{"rendered":"<p><a rel=\"attachment wp-att-32\" href=\"http:\/\/strubbelmiez.de\/wordpress\/?attachment_id=32\"><img data-recalc-dims=\"1\" loading=\"lazy\" decoding=\"async\" data-attachment-id=\"32\" data-permalink=\"http:\/\/strubbelmiez.de\/index.php\/uber-mich\/portraitt6_avatar-3\/\" data-orig-file=\"https:\/\/i0.wp.com\/strubbelmiez.de\/wordpress\/wp-content\/uploads\/2010\/12\/portraitt6_avatar2-e1293661816250.jpg?fit=178%2C225\" data-orig-size=\"178,225\" data-comments-opened=\"1\" data-image-meta=\"{&quot;aperture&quot;:&quot;0&quot;,&quot;credit&quot;:&quot;&quot;,&quot;camera&quot;:&quot;&quot;,&quot;caption&quot;:&quot;&quot;,&quot;created_timestamp&quot;:&quot;0&quot;,&quot;copyright&quot;:&quot;&quot;,&quot;focal_length&quot;:&quot;0&quot;,&quot;iso&quot;:&quot;0&quot;,&quot;shutter_speed&quot;:&quot;0&quot;,&quot;title&quot;:&quot;&quot;}\" data-image-title=\"Ich\" data-image-description=\"\" data-image-caption=\"\" data-large-file=\"https:\/\/i0.wp.com\/strubbelmiez.de\/wordpress\/wp-content\/uploads\/2010\/12\/portraitt6_avatar2-e1293661816250.jpg?fit=178%2C225\" class=\"size-thumbnail wp-image-32 alignleft\" title=\"portraitt6_avatar\" src=\"https:\/\/i0.wp.com\/strubbelmiez.de\/wordpress\/wp-content\/uploads\/2010\/12\/portraitt6_avatar2.jpg?resize=150%2C150\" alt=\"\" width=\"150\" height=\"150\" \/><\/a>Bis 75\u00b4 habe ich der Welt (gerade) noch gefehlt, ich bin geb\u00fcrtige Brandenburgerin (Bundesland) und zog schon viel durch die St\u00e4dte. Nun bin ich hier in Th\u00fcringen gelandet und habe auch das \u00fcberlebt (bisher *g*). Ich lese B\u00fccher mit Satire, wie sie z. B. Ephraim Kishon schrieb und auch gern ernsthafte W\u00e4lzer. Seit der Kindheit halte ich Meerschweinchen und hatte auch schon einen Hund und 2 Rattenherrschaften. Ich habe zwei Berufsabschl\u00fcsse, bin aber in vielen anderen Bereichen t\u00e4tig gewesen und halte es auch gern weiter so.<\/p>\n<p>Mehr gibt es von mir an dieser Stelle erst einmal nicht, man lernt mich ja schlie\u00dflich St\u00fcck f\u00fcr St\u00fcck im Blog kennen.<\/p>\n<p><strong>\u00dcber diese Seite:<\/strong><\/p>\n<p>Ich k\u00f6nnte es nat\u00fcrlich allein beim verschmitzt gel\u00e4chelten: <em>\u201eFr\u00fcher klebte ich fast t\u00e4glich Tapeten, heute schreibe ich sie gelegentlich\u201c<\/em> belassen. Aber dann w\u00e4ren wir beim Widerspruch. Es ist also anscheinend eine gut tapezierte Webseite. <\/p>\n<p>Ich schreibe nicht rein zielgruppengerecht, es findet sich sicherlich f\u00fcr Jeden etwas. Dass ich als Weibchen nat\u00fcrlich hier und da blumig \u201edaherrede\u201c und oftmals die \u201eM\u00e4dels\u201c angesprochen werden, ist nicht pers\u00f6nlich zu sehen, sondern anderen Gr\u00fcnden geschuldet \ud83d\ude09<br \/>\nHier und da geht es um Politik auf der einen oder anderen Ebene. Ich nenne allerdings weder Orte noch Namen, daher d\u00fcrfte es passieren, dass manche Pieksereien oft nur von \u201eInsidern\u201c verstanden werden k\u00f6nnen.<\/p>\n<p>Wer hier Werbung vermutet oder gar noch erhofft, wird bei mir wohl entt\u00e4uscht sein. Meine Texte enthalten zwar W\u00f6rter und Wortphrasen von fremden Webseiten und sind durch Unterstreichungen gekennzeichnet, aber es verbergen sich nirgends versteckte <a href=\"http:\/\/de.wikipedia.org\/wiki\/Affiliate-Marketing\" target=\"_blank\">Affiliatelinks (Links, die zum geldwerten Vorteil dienen)<\/a>. Der Spa\u00df, den ich mir g\u00f6nne ist allerdings das Zitieren von Werbeslogans aus Funk und Fernsehen oder Webseiten, wenn ich mal wieder auf Widerspr\u00fcche oder lustige Inhalte sto\u00dfe.<\/p>\n<p>Ich bin aber f\u00fcr Austausch mit anderen Blogbetreibern (au\u00dfer kommerziell orientierten) und auch Foren offen, was ebenfalls meine Linkliste betrifft.<br \/>\nIch hafte allerdings nicht f\u00fcr deren Inhalte. Sollte Zweifelhaftes aufkommen, bitte ich um Hinweise und ich werde dem nachgehen.<\/p>\n<p>Da ich technisch noch nicht so auf der H\u00f6he bin, hoffe ich auf Verst\u00e4ndnis, wenn hier und da mal etwas hakt und das Problem nicht sofort behoben werden kann. Ich bin f\u00fcr Hinweise allerdings sehr dankbar. Fehler machen wir alle und man kann sie beheben \ud83d\ude42<\/p>\n<p>.<br \/>\n.<br \/>\n.<\/p>\n<p>&#8230; und nein, ich habe keine Haare auf den Z\u00e4hnen, es ist nur der gelegentlich rutschende Damenbart \ud83d\ude1b<\/p>\n<div id=\"wp_fb_like_button\" style=\"margin:5px 0;float:none;height:100px;\"><script src=\"http:\/\/connect.facebook.net\/en_US\/all.js#xfbml=1\"><\/script><fb:like href=\"http:\/\/strubbelmiez.de\/index.php\/uber-mich\/\" send=\"true\" layout=\"standard\" width=\"450\" show_faces=\"true\" font=\"arial\" action=\"like\" colorscheme=\"light\"><\/fb:like><\/div>","protected":false},"excerpt":{"rendered":"<p>Bis 75\u00b4 habe ich der Welt (gerade) noch gefehlt, ich bin geb\u00fcrtige Brandenburgerin (Bundesland) und zog schon viel durch die St\u00e4dte. Nun bin ich hier in Th\u00fcringen gelandet und habe auch das \u00fcberlebt (bisher *g*). Ich lese B\u00fccher mit Satire, wie sie z. B. Ephraim Kishon schrieb und auch gern ernsthafte W\u00e4lzer. Seit der Kindheit &hellip; <a href=\"http:\/\/strubbelmiez.de\/index.php\/uber-mich\/\" class=\"more-link\"><span class=\"screen-reader-text\">\u00dcber mich<\/span> weiterlesen <span class=\"meta-nav\">&rarr;<\/span><\/a><\/p>\n","protected":false},"author":1,"featured_media":0,"parent":0,"menu_order":0,"comment_status":"open","ping_status":"open","template":"","meta":{"jetpack_post_was_ever_published":false,"footnotes":""},"class_list":["post-11","page","type-page","status-publish","hentry"],"jetpack_sharing_enabled":false,"jetpack_shortlink":"https:\/\/wp.me\/P2ijNL-b","jetpack-related-posts":[],"_links":{"self":[{"href":"http:\/\/strubbelmiez.de\/index.php\/wp-json\/wp\/v2\/pages\/11","targetHints":{"allow":["GET"]}}],"collection":[{"href":"http:\/\/strubbelmiez.de\/index.php\/wp-json\/wp\/v2\/pages"}],"about":[{"href":"http:\/\/strubbelmiez.de\/index.php\/wp-json\/wp\/v2\/types\/page"}],"author":[{"embeddable":true,"href":"http:\/\/strubbelmiez.de\/index.php\/wp-json\/wp\/v2\/users\/1"}],"replies":[{"embeddable":true,"href":"http:\/\/strubbelmiez.de\/index.php\/wp-json\/wp\/v2\/comments?post=11"}],"version-history":[{"count":48,"href":"http:\/\/strubbelmiez.de\/index.php\/wp-json\/wp\/v2\/pages\/11\/revisions"}],"predecessor-version":[{"id":2002,"href":"http:\/\/strubbelmiez.de\/index.php\/wp-json\/wp\/v2\/pages\/11\/revisions\/2002"}],"wp:attachment":[{"href":"http:\/\/strubbelmiez.de\/index.php\/wp-json\/wp\/v2\/media?parent=11"}],"curies":[{"name":"wp","href":"https:\/\/api.w.org\/{rel}","templated":true}]}}