{"id":1390,"date":"2012-06-16T11:01:19","date_gmt":"2012-06-16T09:01:19","guid":{"rendered":"http:\/\/strubbelmiez.de\/?page_id=1390"},"modified":"2015-05-12T18:03:45","modified_gmt":"2015-05-12T16:03:45","slug":"wir-uben-hausputz-wissenschaften","status":"publish","type":"page","link":"http:\/\/strubbelmiez.de\/index.php\/ordnung-ist-das-halbe-leben-aber-es-kann-weniger-brauchen\/wir-uben-hausputz-wissenschaften\/","title":{"rendered":"Wir \u00fcben Hausputz-Wissenschaften&#8230;"},"content":{"rendered":"<p>H\u00fcttenputz ist wahrlich kein Spa\u00df. Echt? Na dann gucken wir mal, was ich so entdeckt habe:<\/p>\n<p>Neulich las ich mal etwas von \u201eEnergie&#8220; und \u201eReinheit\u201c. Mein schallendes Gel\u00e4chter wird sicher durchs \u00d6rtchen zu h\u00f6ren gewesen sein. Es geht im gefundenen Artikelchen um \u201eenergetische Reinigung\u201c. Ich dachte im ersten Moment mal wieder schmunzelnd  an die Leute, die ihre <a href=\"http:\/\/strubbelmiez.de\/?p=305\" target=\"_blank\">Reichtumsecken beispielsweise mit Rot aktivieren wollen und glauben, dass die Stellung der M\u00f6bel ihr Leben bestimmen<\/a> w\u00fcrde. Gar nicht so weit gefehlt.<\/p>\n<p>Im Artikelchen, welches ich hier nicht verlinke, steht sinngem\u00e4\u00df, dass das Betreten des Raumes mit positiven und negativen Emotionen verbunden sein kann. Beim Verweilen k\u00f6nne sich das jeweilige Gef\u00fchl auch noch verst\u00e4rken (Wahnsinn!).  Und jetzt der Kn\u00fcller: Es st\u00fcnde sogar jedem frei, den Aufenthalt in den R\u00e4umen kurz oder lang zu halten (ich werd\u00b4 nicht mehr\u2026!). Und nun wird es dramatisch: Es wird lt. Artikelchen sogar schlimm, wenn die eigene Wohnung negative Gef\u00fchle erzeugt. Erste Frage: An wem liegt es wohl? Doch wohl nicht etwa an mir, die halt mal das eine oder andere Teilchen liegen l\u00e4sst, wenn ich mir morgens mal wieder nicht \u00fcber die Kleiderwahl einig bin? Um Himmelswillen, ich bin selbst f\u00fcr die Ordnung und Sauberkeit in den eigenen Gefilden verantwortlich? Schrecklicher Gedanke, das darf nat\u00fcrlich nicht sein. Es sind sicher irgendwelche Wesen, die w\u00e4hrend meiner Restauration im Bad alles durcheinander schmei\u00dfen und der (innere) <a href=\"http:\/\/strubbelmiez.de\/?p=1380\" target=\"_blank\">Schweinehund<\/a> l\u00e4sst es einfach liegen. B\u00f6se Wesen! Dazu kommt im Artikel auch noch zur Sprache, dass wir sogar unter Niedergeschlagenheit bzw. Antriebslosigkeit leiden k\u00f6nnen, die sich nat\u00fcrlich auf unseren Alltag \u00fcbertragen. Es folgt der Absatz \u00fcber die Vorbereitung der energetischen Reinigung und ich bin gespannt. Die Tipps sind gar nicht mal so verkehrt, aber auch nichts Neues. Man nehme sich einfach mal bei etwas mehr Zeit die sonst stiefm\u00fctterlich behandelten Eckchen vor und entsorge auch dabei die lange nicht mehr ben\u00f6tigten Dinge in die Flohmarktkiste oder in den M\u00fcll \u2013 je nach Zustand. Der Kracher ist die Aussage, dass sich in den \u201etoten Ecken\u201c besonders viel Energie sammelt und wir diese Energie nun mit den H\u00e4ndchen im Kreis aufwirbeln. Darauf folgendes Klatschen soll den in der Luft befindlichen Kummer und Streit vertreiben (haja\u2026).<\/p>\n<p>Meine Lachmuskeln werden gerade mal wieder arg strapaziert und dabei n\u00fctzlicherweise trainiert. Ein mit feuchten Lappen und alten Handtuch zum Nachreiben wirbelndes H\u00e4ndchen hat den Schmutz l\u00e4ngst entfernt. Allerdings habe ich den Raum nicht, wie im Artikel beschrieben, im Uhrzeigersinn \u201ebeschritten\u201c. W\u00e4re vielleicht eine Idee, bislang hatte ich ein anderes System, welches aber auch gute Effekte erzielte und ich kaum ein Eckchen verga\u00df. <\/p>\n<p>Nun kommt Salz zur Sprache. Aha, davon habe ich noch ein P\u00e4ckchen \u00fcbrig. Mal sehen, ob es reicht oder ich vielleicht noch fix einen Einkaufswagen voll besorgen sollte, um nun die \u201eenergetische Reinigung\u201c auf die Reihe zu bekommen. Der gesamte Fu\u00dfboden soll nun samt Ecken (achwas?!) mit Salz bestreut und nach einer etwa halben Stunde Einwirkzeit wieder abgesaugt werden. Und davon wird die H\u00fctte sauber? Hier steht nichts dar\u00fcber, auf welchem Material es n\u00fctzt oder gar schadet und vor allem vermisse ich die Erkl\u00e4rung \u00fcber die genaue Reinigungswirkung. Salzwasser (in welchem Verh\u00e4ltnis eigentlich?) soll auf M\u00f6beln jegliche Hinterlassenschaften verschwinden lassen. Welche, wenn man seine M\u00f6bel regelm\u00e4\u00dfig mit einem leicht feuchten Lappen abwischt und trocken nachreibt, sofern es die Oberfl\u00e4chen erlauben? Soll ich den Artikel-Autoren dann auf Schadensersatz verklagen, wenn ich nach der \u201eSalzbehandlung\u201c einen Sachschaden habe? Gut, dann besser kein Salz in die H\u00fctte streuen, sondern wie gewohnt das T\u00e4nzchen mit dem Sauger und dem Wischmop zu Guter-Laune-Musik beibehalten. Die bringt mir jedenfalls positive Energien. Badewasser mit Salzkristallen (welche nun wieder?) sollen sich lt. Artikel hervorragend zur k\u00f6rperlichen energetischen Reinigung eignen. Mist, ich habe keine Badewanne, dann h\u00e4tte ich die halbe Stunde ja effektiv nutzen k\u00f6nnen. <\/p>\n<p>Jetzt kommen wir zur Ber\u00e4ucherung. Gute Idee, ich trinke dann mal ein K\u00e4ffchen und rauche mal eine? Nicht doch\u2026! Schade, aber wenigstens der starke Morgenkaffee f\u00fcr die Energie darf es sein, oder? (Danke). Dass gewisse Kr\u00e4uterlein eine heilende oder zumindest angenehme Wirkung haben k\u00f6nnen, ist ja nichts Neues. Mit der \u201eangenehmen Wirkung\u201c rede ich allerdings nicht von gewissen spitzbl\u00e4ttrigen Pfl\u00e4nzlein, die die Sinne vernebeln k\u00f6nnen, sondern von angenehmen D\u00fcften. Schlie\u00dflich m\u00f6chte ich nicht zum Drogenkonsum animieren. Aber nun wird es richtig spannend: zur Vertreibung der negativen Energie in den eigenen 4 W\u00e4nden wird von \u201eReinigungsr\u00e4ucherung\u201c mit Weihrauch geschrieben. Himmelherrgott, wo soll ich soll ich das Zeug nun herbekommen? Achja\u2026 , ha, klar\u2026 . Sonntags sind ja Schnupperstunden m\u00f6glich, wo man sich dann an den Kosten beteiligen kann. Gut, aber heute ist Samstag. Nix mit Beweihr\u00e4ucherung (Moment mal\u2026! Wir sind aber auch nicht in der Politik!). Jedenfalls wird das Kr\u00e4utlein auf eine Schale getan, angekokelt und der ganze Dampf wird beim Umrunden der H\u00fctte verteilt. Es wird weiterhin auch auf den Brandschutz hingewiesen (na immerhin\u2026). Ich habe jetzt aber immer noch kein Kr\u00e4utchen zum Verdampfen da au\u00dfer meine Bl\u00fcmchen und die lasse ich, wie sie sind. Die geben mir n\u00e4mlich im derzeitigen Zustand die positive Energie, weil sie einfach h\u00fcbsch sind und so weiter. <\/p>\n<p>Weiter geht es um die Schaffung einer guten Atmosph\u00e4re. Schafft man die nicht besser immer und besonders vor dem Putzen? Nun gut, manche Leute setzen eben den Hut auf, bevor sie sich die Haare k\u00e4mmen. Der letzte Absatz des Artikels klingt schon fast zu normal. Man m\u00f6ge den Luftaustausch mittels weit ge\u00f6ffneten Fenstern herbeif\u00fchren. Es soll dadurch sogar der letzte Hauch von negativer Energie aus dem Raum verschwinden und kraftvolle Lebensenergie in die Wohnung holen. Ich bin wahnsinnig \u201e\u00fcberrascht\u201c. Frisch gepfl\u00fcckte Blumen sollen sogar ein weiteres Gl\u00fcckgef\u00fchl hervorzaubern. Heida, jetzt mehren sich die \u201esuperneuen Erkenntnisse\u201c aber. Ich bin sogar beim Pfl\u00fccken auf der Wiese guter Laune und schmunzle \u00fcber die Blicke einiger Nachbarn aus anderen Hausaufg\u00e4ngen, wenn ich mir gelegentlich Wiesenbl\u00fcmchen f\u00fcr meine Vase pfl\u00fccke. Ich freue mich auch wie Bolle, wenn mir meine Direktnachbarn, ein recht aktives Rentner-P\u00e4rchen, aus dem Garten mitgebrachte Bl\u00fcmchenstr\u00e4u\u00dfe vor die T\u00fcr stellen, sogar ohne besonderen Anlass. S\u00fc\u00df, oder? Getrockneter Salbei in Kissen oder S\u00e4ckchen verbreiten lt. Artikel angenehme D\u00fcfte. Kann ich best\u00e4tigen, ich mag diesen Geruch, aber auch den Geschmack der Bonbons. Mit Lavendelbl\u00fcten vermischt soll es sogar beruhigen. Oh, ich sollte mir die ganze H\u00fctte mit jeglichen Kr\u00e4utern beh\u00e4ngen, um vielleicht ruhiger werden zu k\u00f6nnen, wie es einige Leute gern h\u00e4tten. Im getrockneten Zustand h\u00e4lt das wohl \u201ereinigende Aroma\u201c etwa ein Jahr, womit ich dann meinen Bewohnern (Meerschweini?), G\u00e4sten oder sogar mir ein \u201eharmonisches\u201c Umfeld schaffen k\u00f6nnte. \u00c4hnliche Effekte soll ein aufgestellter Kristall bringen. Na gut, in meiner K\u00fcche steht eine mehr oder weniger h\u00fcbsche Kristall-Lampe, die mir ein bisschen Muschebubu-Stimmung zaubert, wenn ich abends leckeren Tee oder hei\u00dfe Schoki genie\u00dfe.<\/p>\n<p>Fassen wir mal zusammen: Statt ganz schn\u00f6de mit Duschgel in der Kabine zu stehen, sollte ich mir also doch eine Wanne irgendwohin platzieren (lassen) und mir irgendwoher irgendwelche Kristalle besorgen. Hier w\u00e4re jetzt doch eine \u201eReichtumsecke\u201c  n\u00f6tig, um den Einbau der Wanne, die oft teuer verkauften Steinchen und Kristalle finanzieren zu k\u00f6nnen. Gut, ich habe noch einen rotfarbenen \u00dcberwurf \u00fcbrig. Regelm\u00e4\u00dfiges L\u00fcften versteht sich von selbst. Zur Motivation gen\u00fcgte mir bislang prima Musike und die Aussicht auf das Ergebnis. Mein Salz bleibt bei mir ein W\u00fcrzmittel. Ich am\u00fcsiere mich weiterhin beim Bl\u00fcmchenpfl\u00fccken, vor allem wegen der Blicke der anscheinend chronisch frustrierten Fenstergucker, da sie es anscheinend nicht (mehr?) kennen, sich \u00fcber einfache Dinge zu freuen und sei es eben ein kleines Wiesenstr\u00e4u\u00dfchen. Ich freue mich weiterhin auch \u00fcber die liebevoll gebundenen Gartenbl\u00fcmchen der Nachbarn vor der T\u00fcr. Meine H\u00fctte putze ich nach gewohntem System und die ist sauber. Negative Energien kommen nur selten auf. Die werden aber nicht durch das blo\u00dfe\u2026 Herumwedeln meiner H\u00e4ndchen beseitigt, sondern nach einem <em>\u201eOhlala, hier sieht\u00b4s aber heute aus\u2026!\u201c<\/em> anders beseitigt. Man kann es auch <a href=\"http:\/\/strubbelmiez.de\/?page_id=358\" target=\"_blank\">Aufr\u00e4umen<\/a> nennen oder auch Pflichten erledigen und und und.<\/p>\n<p>Zum Abschluss der Reinigungs-Zeromonie-Tapete kann ich also nur noch sagen, dass ich jetzt vorerst durch prima Kaffee energiegeladen(er) bin, erst einmal die Sonne bis zum vorausgesagten Regen nutze. Dann wird ganz ohne Dampf und Salz, aber mit Lieblingsmusike gesaugt, gewischt und Bl\u00fcmchen gepflegt. Sollte es an Motivation fehlen, zitiere ich mal eine damalige Dozentin, die ich aufgrund ihrer erfrischenden Art bei der Vermittlung des Unterrichtsstoffes sehr sch\u00e4tzte. Bei jeder Aufgabenstellung kam ihr beschwingtes <em>\u201eIch lade Sie recht herzlich dazu ein, \u2026.\u201c <\/em> \u00fcber die Tische. Vielleicht hilft es ja auch  bei den Mitbewohnern, die sich am H\u00fcttenputz beteiligen sollten. Ich lade mich jetzt auch (selbst) ganz herzlich zum H\u00fcttenputz ein, bedanke mich auch selbst daf\u00fcr und nat\u00fcrlich folge ich dieser Einladung. In diesem Sinne w\u00fcnsche ich einen fr\u00f6hlichen H\u00fcttenputz, ob nun \u201eenergetisch\u201c oder nicht. <\/p>\n<div id=\"wp_fb_like_button\" style=\"margin:5px 0;float:none;height:100px;\"><script src=\"http:\/\/connect.facebook.net\/en_US\/all.js#xfbml=1\"><\/script><fb:like href=\"http:\/\/strubbelmiez.de\/index.php\/ordnung-ist-das-halbe-leben-aber-es-kann-weniger-brauchen\/wir-uben-hausputz-wissenschaften\/\" send=\"true\" layout=\"standard\" width=\"450\" show_faces=\"true\" font=\"arial\" action=\"like\" colorscheme=\"light\"><\/fb:like><\/div>","protected":false},"excerpt":{"rendered":"<p>H\u00fcttenputz ist wahrlich kein Spa\u00df. Echt? Na dann gucken wir mal, was ich so entdeckt habe: Neulich las ich mal etwas von \u201eEnergie&#8220; und \u201eReinheit\u201c. Mein schallendes Gel\u00e4chter wird sicher durchs \u00d6rtchen zu h\u00f6ren gewesen sein. Es geht im gefundenen Artikelchen um \u201eenergetische Reinigung\u201c. Ich dachte im ersten Moment mal wieder schmunzelnd an die Leute, &hellip; <a href=\"http:\/\/strubbelmiez.de\/index.php\/ordnung-ist-das-halbe-leben-aber-es-kann-weniger-brauchen\/wir-uben-hausputz-wissenschaften\/\" class=\"more-link\"><span class=\"screen-reader-text\">Wir \u00fcben Hausputz-Wissenschaften&#8230;<\/span> weiterlesen <span class=\"meta-nav\">&rarr;<\/span><\/a><\/p>\n","protected":false},"author":1,"featured_media":0,"parent":2954,"menu_order":17,"comment_status":"open","ping_status":"open","template":"","meta":{"jetpack_post_was_ever_published":false,"footnotes":""},"class_list":["post-1390","page","type-page","status-publish","hentry"],"jetpack_sharing_enabled":true,"jetpack_shortlink":"https:\/\/wp.me\/P2ijNL-mq","jetpack-related-posts":[],"_links":{"self":[{"href":"http:\/\/strubbelmiez.de\/index.php\/wp-json\/wp\/v2\/pages\/1390","targetHints":{"allow":["GET"]}}],"collection":[{"href":"http:\/\/strubbelmiez.de\/index.php\/wp-json\/wp\/v2\/pages"}],"about":[{"href":"http:\/\/strubbelmiez.de\/index.php\/wp-json\/wp\/v2\/types\/page"}],"author":[{"embeddable":true,"href":"http:\/\/strubbelmiez.de\/index.php\/wp-json\/wp\/v2\/users\/1"}],"replies":[{"embeddable":true,"href":"http:\/\/strubbelmiez.de\/index.php\/wp-json\/wp\/v2\/comments?post=1390"}],"version-history":[{"count":21,"href":"http:\/\/strubbelmiez.de\/index.php\/wp-json\/wp\/v2\/pages\/1390\/revisions"}],"predecessor-version":[{"id":2759,"href":"http:\/\/strubbelmiez.de\/index.php\/wp-json\/wp\/v2\/pages\/1390\/revisions\/2759"}],"up":[{"embeddable":true,"href":"http:\/\/strubbelmiez.de\/index.php\/wp-json\/wp\/v2\/pages\/2954"}],"wp:attachment":[{"href":"http:\/\/strubbelmiez.de\/index.php\/wp-json\/wp\/v2\/media?parent=1390"}],"curies":[{"name":"wp","href":"https:\/\/api.w.org\/{rel}","templated":true}]}}