{"id":1815,"date":"2012-08-18T12:00:51","date_gmt":"2012-08-18T10:00:51","guid":{"rendered":"http:\/\/strubbelmiez.de\/?page_id=1815"},"modified":"2012-09-03T21:00:56","modified_gmt":"2012-09-03T19:00:56","slug":"alt-bieblacher-nachbarschaftsallerlei","status":"publish","type":"page","link":"http:\/\/strubbelmiez.de\/index.php\/alt-bieblacher-nachbarschaftsallerlei\/","title":{"rendered":"Nachbarschaftsallerlei &#8230;"},"content":{"rendered":"<p>Zusammen sitzen, schwatzen, grillen\u2026 und was sonst zum nachbarschaftlichen Miteinander geh\u00f6rt, wird hier in kleinen \u201eBerichten\u201c erz\u00e4hlt. Parallel erscheinen diese Erz\u00e4hlungen auch in einer kleinen selbst erstellten \u201eZeitung\u201c die eine eine Bewohnerin im H\u00e4userblock erstellt. <\/p>\n<p>Hier werden also unsere Nachbarschaftstreffen \u201eausgewertet\u201c. Die jeweiligen Artikel werden dann untereinander erscheinen. Das Datum der Einstellung ist unerheblich (die ersten zwei Artikel sind an einem Tag eingestellt worden).<\/p>\n<p>Um die Pers\u00f6nlichkeitsrechte zu sch\u00fctzen, werden Fotos nur mit Genehmigung der Fotografierten eingestellt. <\/p>\n<p><strong>Hinweis:<\/strong><br \/>\nZu sehen sind die Berichte, wenn man mit der Maus \u00fcber den Titel &#8222;f\u00e4hrt&#8220;. Es \u00f6ffnet sich dann ein Men\u00fc, welches die weiteren Seiten anzeigt.<\/p>\n<p>Allerdings sind die Berichtchen passworgesch\u00fctzt und nur f\u00fcr die Teilnehmer der Runden zug\u00e4nglich. Ich bitte um Verst\u00e4ndnis \ud83d\ude42<\/p>\n<div id=\"wp_fb_like_button\" style=\"margin:5px 0;float:none;height:100px;\"><script src=\"http:\/\/connect.facebook.net\/en_US\/all.js#xfbml=1\"><\/script><fb:like href=\"http:\/\/strubbelmiez.de\/index.php\/alt-bieblacher-nachbarschaftsallerlei\/\" send=\"true\" layout=\"standard\" width=\"450\" show_faces=\"true\" font=\"arial\" action=\"like\" colorscheme=\"light\"><\/fb:like><\/div>","protected":false},"excerpt":{"rendered":"<p>Zusammen sitzen, schwatzen, grillen\u2026 und was sonst zum nachbarschaftlichen Miteinander geh\u00f6rt, wird hier in kleinen \u201eBerichten\u201c erz\u00e4hlt. Parallel erscheinen diese Erz\u00e4hlungen auch in einer kleinen selbst erstellten \u201eZeitung\u201c die eine eine Bewohnerin im H\u00e4userblock erstellt. Hier werden also unsere Nachbarschaftstreffen \u201eausgewertet\u201c. Die jeweiligen Artikel werden dann untereinander erscheinen. Das Datum der Einstellung ist unerheblich (die &hellip; <a href=\"http:\/\/strubbelmiez.de\/index.php\/alt-bieblacher-nachbarschaftsallerlei\/\" class=\"more-link\"><span class=\"screen-reader-text\">Nachbarschaftsallerlei &#8230;<\/span> weiterlesen <span class=\"meta-nav\">&rarr;<\/span><\/a><\/p>\n","protected":false},"author":1,"featured_media":0,"parent":0,"menu_order":7,"comment_status":"open","ping_status":"open","template":"","meta":{"jetpack_post_was_ever_published":false,"footnotes":""},"class_list":["post-1815","page","type-page","status-publish","hentry"],"jetpack_sharing_enabled":false,"jetpack_shortlink":"https:\/\/wp.me\/P2ijNL-th","jetpack-related-posts":[],"_links":{"self":[{"href":"http:\/\/strubbelmiez.de\/index.php\/wp-json\/wp\/v2\/pages\/1815","targetHints":{"allow":["GET"]}}],"collection":[{"href":"http:\/\/strubbelmiez.de\/index.php\/wp-json\/wp\/v2\/pages"}],"about":[{"href":"http:\/\/strubbelmiez.de\/index.php\/wp-json\/wp\/v2\/types\/page"}],"author":[{"embeddable":true,"href":"http:\/\/strubbelmiez.de\/index.php\/wp-json\/wp\/v2\/users\/1"}],"replies":[{"embeddable":true,"href":"http:\/\/strubbelmiez.de\/index.php\/wp-json\/wp\/v2\/comments?post=1815"}],"version-history":[{"count":6,"href":"http:\/\/strubbelmiez.de\/index.php\/wp-json\/wp\/v2\/pages\/1815\/revisions"}],"predecessor-version":[{"id":1822,"href":"http:\/\/strubbelmiez.de\/index.php\/wp-json\/wp\/v2\/pages\/1815\/revisions\/1822"}],"wp:attachment":[{"href":"http:\/\/strubbelmiez.de\/index.php\/wp-json\/wp\/v2\/media?parent=1815"}],"curies":[{"name":"wp","href":"https:\/\/api.w.org\/{rel}","templated":true}]}}