{"id":3024,"date":"2015-05-12T15:35:23","date_gmt":"2015-05-12T13:35:23","guid":{"rendered":"http:\/\/strubbelmiez.de\/?page_id=3024"},"modified":"2015-05-12T15:47:59","modified_gmt":"2015-05-12T13:47:59","slug":"allgemeines","status":"publish","type":"page","link":"http:\/\/strubbelmiez.de\/index.php\/ordnung-ist-das-halbe-leben-aber-es-kann-weniger-brauchen\/allgemeines\/","title":{"rendered":"Aufr\u00e4umen ist nicht schwer (ehrlich!)"},"content":{"rendered":"<p><strong>Wie r\u00e4ume ich auf und halte die H\u00fctte sauber?<\/strong><br \/>\nGanz gleich, wie viele R\u00e4ume unsere H\u00fctte hat, es l\u00e4sst sich immer ein System entwickeln. Kinder k\u00f6nnen altersgem\u00e4\u00df genauso mit anpacken und auch das M\u00e4nnele. Ich lebte bislang in WG\u00b4s, Internaten, in Partnerschaft und zwischendurch auch wieder allein. Man halt also alle Pro\u00b4s und Kontras erlebt. Sch\u00f6n ist es, wenn man sich wirklich einteilt, was den Haushalt betrifft, erst die liebsamen Aufgaben verteilt, dann die unliebsamen. \u201eLiebsame\u201c Aufgaben? Dreht die bestfrisierte Katze in Red Socks City durch? Nein, es gibt immer etwas, was wir gern tun. Manche entspannen beim B\u00fcgeln, andere m\u00f6gen es, einfach W\u00e4sche zusammenzulegen. Ich geh\u00f6re zur letzten \u201eGruppe\u201c. B\u00fcgeln hasste ich schon immer, aber ich hatte mal einen Partner, der sich das von mir zeigen lie\u00df und mir jegliche B\u00fcgelw\u00e4sche \u201eentzog\u201c und ja, das klappte prima. Ich bin eher der Wirbelwind, wenn ich gesund bin. Inzwischen aber musste ich noch effektiver sein, da ich zerdemmelte F\u00fc\u00dfe habe. Also musst ich meine Kr\u00e4fte und sogar Schritte sehr wohl \u201eeinteilen\u201c. Da meine Wohnung eher eine \u201eU-Form\u201c hat,  habe ich meine Reihenfolge auch so angepasst. Denn links vom Eingang sind K\u00fcche und Bad, dann mein Flurfenster am Flurende und weiter geht\u2019s mit der Wohn- und Schlafstube.  Mein Wohnzimmer ist eher ein Durchgangszimmer zur  Schlafstube. Als sehr n\u00fctzlich erweist es sich, vor der Aufr\u00e4umaktion jegliche Schr\u00e4nke und Regale zu entr\u00fcmpeln. Was gen\u00e4ht bzw. repariert werden muss, kommt in den entsprechenden Beh\u00e4lter f\u00fcr N\u00e4hzubeh\u00f6r hinzu. Alles was nicht st\u00e4ndig gebraucht wird, in Kistchen oder zum Verschenken oder Verkauf in eine seperate Kiste, wie gleich beschrieben wird. Schon wirkt ein Dekost\u00fcck f\u00fcr sich und es wirkt nicht \u00fcberladen. Ist alles in den Schr\u00e4nken ausgemistet, ist wieder Platz f\u00fcr das, was tats\u00e4chlich im  Schrank enthalten sein soll. Alles was gerade nur Nippes, Kleidung und Deko der Gegensaison ist, wird in Kisten sortiert, seien es vor allem auch h\u00fcbsche Kistchen. Ist auch das, was verkauft oder verschenkt (sei es auch als Spende) in einer Extrakiste, kann es im Keller untergebracht werden. Hier bietet es sich auch an, ein kleines altes oder daf\u00fcr neu gekauftes stabiles Regal daf\u00fcr zu reservieren, denn es f\u00e4llt viel zum Verkauf an und das was gerade mal noch als Spende geht, am besten kleine Liste anfertigen und mit Hilfsorganisationen vor Ort telefonieren. Manche Einrichtungen freuen sich dar\u00fcber und holen es ab. Und w\u00e4hrenddessen wird sch\u00f6n wenigstens Staub gewischt \ud83d\ude09<\/p>\n<p>Was brauchen wir zum Aufr\u00e4umen und Putzalarm? Staublappen (am besten Microfaser) oder Wedel, auch m\u00f6glichst einen, der uns ohne Leiter die Schrankoberfl\u00e4chen abputzen l\u00e4sst. Ich habe f\u00fcr jedes Zimmer einen andersfarbigen Microfaserlappen und das auf die Zimmerfarben abgestimmt, so kommt nichts durcheinander. Der Lappen wird nass gemacht und ordentlich ausgewrungen in eine kleine Sch\u00fcssel oder Eimerchen gelegt. Ich schleppe nie wieder Wasser durch die H\u00fctte und es passiert ja leider auch, dass man den Eimer auch versehentlich umst\u00f6\u00dft. Also steht ein Putzeimer mit Wasser und etwas Sp\u00fclmittel in der Duschecke parat. Den feuchten Lappen in einer kleinen Schale, sei es auch ein Margarinebecher oder Jogurteimer nehme ich also mit ins Zimmer, damit der nasse Lappen keine Wassersch\u00e4den auf der Ablagefl\u00e4che verursacht. Zum Nachwischen empfiehlt sich ein Baumwollk\u00fcchenhandtuch. Ich habe zwei 2 \u201eSorten\u201c, sodass ich optisch auseinander halten kann, was ich f\u00fcrs Geschirr und was ich zum Nachputzen nehme. Weiterhin brauchen wir einen Besen, Staubsauger und Musike. Praktisch ist auch ein kleiner M\u00fclleimer oder Papierkorb in jedem Zimmer. je nach Raumanzahl kleine Kisten oder besser noch Klappboxen, die sich ja fix und Platz sparend verstauen lassen. Es reichen sicher auch kleinere Klappboxen. Und es kann nie genug im Haushalt geben, denn zum Einkaufen sind die auch nicht \u00fcbel. Ich habe zwar leider keine stabilen Gem\u00fcsekisten, aber sie erf\u00fcllen ihren Zweck. Wer viele Kisten hat, kann sie also mit Kreppband beispielsweise bekleben und mit den Zimmerbezeichnungen beschriften. Alles, was also irgendwie in einen Raum ger\u00fcmpelt wurde und eigentlich nicht hineingeh\u00f6rt, wird in die Kisten sortiert. Diese stellen wir vor dem Putzen erstmal m\u00f6glichst zwischen die Zimmer, aber so, dass wir nicht hintreten. Nach jeder S\u00e4uberung des einen Zimmers wird die Kiste im anderen Zimmer stehend ausger\u00e4umt und der Inhalt im n\u00e4chsten Zimmer an den richtigen Platz gebracht und immer so weiter. So rennt man nicht laufend hin und her, um alles in die richtigen Zimmer zu verteilen. Gerade W\u00e4sche schleppen wir laufend hin und her, oder? H\u00fcbsch sieht es auch mit gestalteten und h\u00fcbsch beschrifteten Gem\u00fcsekisten aus. <\/p>\n<div id=\"wp_fb_like_button\" style=\"margin:5px 0;float:none;height:100px;\"><script src=\"http:\/\/connect.facebook.net\/en_US\/all.js#xfbml=1\"><\/script><fb:like href=\"http:\/\/strubbelmiez.de\/index.php\/ordnung-ist-das-halbe-leben-aber-es-kann-weniger-brauchen\/allgemeines\/\" send=\"true\" layout=\"standard\" width=\"450\" show_faces=\"true\" font=\"arial\" action=\"like\" colorscheme=\"light\"><\/fb:like><\/div>","protected":false},"excerpt":{"rendered":"<p>Wie r\u00e4ume ich auf und halte die H\u00fctte sauber? Ganz gleich, wie viele R\u00e4ume unsere H\u00fctte hat, es l\u00e4sst sich immer ein System entwickeln. Kinder k\u00f6nnen altersgem\u00e4\u00df genauso mit anpacken und auch das M\u00e4nnele. Ich lebte bislang in WG\u00b4s, Internaten, in Partnerschaft und zwischendurch auch wieder allein. Man halt also alle Pro\u00b4s und Kontras erlebt. &hellip; <a href=\"http:\/\/strubbelmiez.de\/index.php\/ordnung-ist-das-halbe-leben-aber-es-kann-weniger-brauchen\/allgemeines\/\" class=\"more-link\"><span class=\"screen-reader-text\">Aufr\u00e4umen ist nicht schwer (ehrlich!)<\/span> weiterlesen <span class=\"meta-nav\">&rarr;<\/span><\/a><\/p>\n","protected":false},"author":1,"featured_media":0,"parent":2954,"menu_order":1,"comment_status":"open","ping_status":"open","template":"","meta":{"jetpack_post_was_ever_published":false,"footnotes":""},"class_list":["post-3024","page","type-page","status-publish","hentry"],"jetpack_sharing_enabled":true,"jetpack_shortlink":"https:\/\/wp.me\/P2ijNL-MM","jetpack-related-posts":[],"_links":{"self":[{"href":"http:\/\/strubbelmiez.de\/index.php\/wp-json\/wp\/v2\/pages\/3024","targetHints":{"allow":["GET"]}}],"collection":[{"href":"http:\/\/strubbelmiez.de\/index.php\/wp-json\/wp\/v2\/pages"}],"about":[{"href":"http:\/\/strubbelmiez.de\/index.php\/wp-json\/wp\/v2\/types\/page"}],"author":[{"embeddable":true,"href":"http:\/\/strubbelmiez.de\/index.php\/wp-json\/wp\/v2\/users\/1"}],"replies":[{"embeddable":true,"href":"http:\/\/strubbelmiez.de\/index.php\/wp-json\/wp\/v2\/comments?post=3024"}],"version-history":[{"count":4,"href":"http:\/\/strubbelmiez.de\/index.php\/wp-json\/wp\/v2\/pages\/3024\/revisions"}],"predecessor-version":[{"id":3032,"href":"http:\/\/strubbelmiez.de\/index.php\/wp-json\/wp\/v2\/pages\/3024\/revisions\/3032"}],"up":[{"embeddable":true,"href":"http:\/\/strubbelmiez.de\/index.php\/wp-json\/wp\/v2\/pages\/2954"}],"wp:attachment":[{"href":"http:\/\/strubbelmiez.de\/index.php\/wp-json\/wp\/v2\/media?parent=3024"}],"curies":[{"name":"wp","href":"https:\/\/api.w.org\/{rel}","templated":true}]}}