{"id":3030,"date":"2015-05-12T15:45:12","date_gmt":"2015-05-12T13:45:12","guid":{"rendered":"http:\/\/strubbelmiez.de\/?page_id=3030"},"modified":"2015-05-12T15:51:25","modified_gmt":"2015-05-12T13:51:25","slug":"nun-die-einzelnen-zimmer","status":"publish","type":"page","link":"http:\/\/strubbelmiez.de\/index.php\/ordnung-ist-das-halbe-leben-aber-es-kann-weniger-brauchen\/nun-die-einzelnen-zimmer\/","title":{"rendered":"Nun die einzelnen Zimmer:"},"content":{"rendered":"<p><strong>Nun  kommen wir zu den einzelnen Zimmern.<\/strong> Ich habe sie fett markiert, denn der Tag bzw. die Reihenfolge ist ja an sich egal. Wer wie ich zwischendurch einen Entr\u00fcmpelungsanfall hat, nur zu, ab in Kisten, was in den Keller oder zum Verkaufen oder Verschenken verpackt wird. Und wenn man so beim S\u00e4ubern ist, f\u00e4llt ja so einiges in die Hand. Wenn etwas nicht mehr Gebrauchtes anf\u00e4llt, ab in eine gro\u00dfe Umzugs- oder Bananenkiste und beiseite, damit es mit einem \u201eSchwung\u201c noch fotografiert und herunter in den Keller oder einen anderen gut geeigneten Raum gebracht werden kann. Beim Bilder bearbeiten am besten auch gleich die Preise oder \u201everschenken\u201c oder \u201etauschen\u201c hinschreiben, so hat man nicht versehentlich verschiedene Preise in den Verkaufsportalen. Und gleich in Kategorien ordnen erspart beim Verkauf ewige Sucherei in den Kisten.  Nun aber zum Putzfimmel:<\/p>\n<p><strong>Montags ist K\u00fcchendienst.<\/strong> Alles, was in der K\u00fcche gereinigt und aufger\u00e4umt werden muss und auch der Abwasch, ob per Hand einige Teile oder mit der Maschine (das geht zwischendurch nat\u00fcrlich auch) ist an diesem Tage dran, au\u00dfer die Schr\u00e4nke von innen (kann man nat\u00fcrlich auch gleich machen). Die s\u00e4ubere ich, wenn ich einen Fimmel habe, den habe ich etwa alle viertel bis halbe Jahre. Dabei wird auch gleichzeitig mal aussortiert, was ich an gut erhaltenen, aber kaum genutzten Ger\u00e4ten oder anderen Hilfsmitteln verkaufen oder verschenken k\u00f6nnte. Staubsaugen und wischen ist am WE dran. Was von dort in ein anderes Zimmer soll, wird kurz vor dem Putzen in einer Kiste ins n\u00e4chste Zimmer (siehe obige Beschreibung) abgestellt. Hier ist also Microfaserlappen Nr. 1 dran, ganz gleich ob mit oder ohne \u201eFarbsystem\u201c. Meiner ist blau. Und bitte Abwaschschwamm oder Lappen und Reinigungslappen separat nutzen.<\/p>\n<p><strong>Dienstag<\/strong> ist mein Bad dran, es ist hinter der K\u00fcche und auch da gibt\u2019s ja einiges zu tun, vom Staub wedeln bis zur  Kloreinigung, also so richtig mit Putzzeug. Einen Putzschwamm habe ich auch separat f\u00fcrs Bad, geh\u00f6rt sich auch so. F\u00fcr das Bad habe ich zwei Lappen, die sind in verschieden Gr\u00fcnt\u00f6nen wie mein Bad, also gute Orientierung. Es bedarf auch nicht zig Putzmittel. Ein bisschen Scheuermilch f\u00fcr alle Becken im Bad und f\u00fcr den Extremfall in der Klosch\u00fcssel halt das Pulver. \u201e00\u201c ist wirklich 1A, auch wenn ich sonst vorn Marken nichts halte. Ich fange vom Fenster aus an, lasse das Klo erstmal aus. Am Fenster (welches ich etwa alle 3 Monate putze) habe ich \u00fcberm Klo meinen Badschrank, in dem ich f\u00fcr G\u00e4ste etwas parat habe und auch im Angebot gekaufte Pflegemittel. Au\u00dferdem auch einige Nachf\u00fcllp\u00e4ckchen wie Zahnstocher, Ohrenst\u00e4bchen und sonstiges Zeugs. Nat\u00fcrlich ist er verschlie\u00dfbar, denn es soll hygienisch bleiben. Aber st\u00e4ndig muss eben auch aussortiert werden und bei der Gelegenheit auswischen und mit einem Putzhandtuch sofort nachreiben. Praktisch zum Rausnehmen und dem thematischen Ordnen sind K\u00f6rbchen, am besten aus Kunststoff, um sie auch reinigen zu k\u00f6nnen, sei es auch in der Sp\u00fclmaschine. W\u00e4hrend aussortiert wird, trocknet die gereinigte Fl\u00e4che im offenen Schrank ja ganz und der Kram kann wieder rein.  Alle Oberfl\u00e4chen wie Lampe, Regale etc. werden ebenfalls gereinigt. Mit dem zweiten Lappen und einem Putzschwamm ist das Klo dran. Also zuletzt, wie schon oben gesagt. Staub saugen ist auch hier erst am WE dran. Und zum Klo geh\u00f6rt auch die B\u00fcrste und Halterung, Brille und Deckel. Aber erst zum Schluss, wie gesagt. Dann wird der Lappen \u00fcber den Wischeimer (einen 2.) geh\u00e4ngt, damit es trocknen und sp\u00e4ter mal bei einem Putzlappenwaschgang wieder sauber ist. Auch hier wird in einem Marsch das herausgetragen, was in ein anderes Zimmer geh\u00f6rt. Und auch ein Zettelchen sollte nicht fehlen, um schnell mal zu notieren, was noch nachgekauft werden muss. Oder man hat sein Handy immer dabei und notiert es ins \u201eWidget\u201c. Was an Kosmetika \u00fcberhaupt nicht mehr genutzt wird oder sich als Fehlkauf herausstellt, kann man verschenken und was noch nicht ge\u00f6ffnet wurde, bei einer kleinen Weiberparty verlosen. Apropos G\u00e4ste: ob sie nur kurz da sind oder l\u00e4nger, man m\u00f6chte ihnen ja peinliche Fragen ersparen, wo beispielsweise die Binden sind, wenn man pl\u00f6tzlich bemerkt hat, dass die Regellbutung begonnen hat. Also habe ich Binden und Tampons stets sichtbar und griffbereit. Die Tampons in zwei Gr\u00f6\u00dfen sind in zwei kleinen s\u00fc\u00dfen antik wirkenden Dosen. Bleiben G\u00e4ste l\u00e4nger, also \u00fcber Nacht, lege ich ein h\u00fcbsches K\u00f6rbchen hin, darin ist alles enthalten, was gebraucht wird, wenn es so spontan gewesen sein soll. Also eine Zahnb\u00fcrste, die kaufe ich ja immer nach, den sauberen Zahnputzbecher f\u00fcr G\u00e4ste und zwei Handt\u00fccher. Der Rest findet sich ja bei mir fix. Ich habe ein Regal, welches ich mal vorm Sperrm\u00fcll gerettet und h\u00fcbsch gestaltet habe. Geschlossen halte ich nur den Waschbeckenunterschrank, in dem Badreinigungsmittel und Eimerchen untergebracht sind Es gibt zig Ideen, die Handt\u00fccher im Bad zu drapieren, ob nun eingerollt in h\u00fcbsch bemalten Gem\u00fcsekisten oder K\u00f6rbchen. Ich bin eigentlich kein Freund davon und h\u00e4tte lieber alle Hausw\u00e4sche beisammen, aber ich habe zwei g\u00fcnstig erstandene Nachtschr\u00e4nkchen gestapelt und die Handt\u00fccher nur zweifach gefaltet. Der F\u00f6n und Zubeh\u00f6r sind in einer der Schubladen und auch Waschlappen und W\u00e4schenetze in allen m\u00f6glichen Variationen. St\u00f6bert mal eine Runde im Netz, es gibt schon verr\u00fcckte Ideen.<\/p>\n<p><strong>Mittwoch<\/strong> ist der Flur dran, er ist das Herz der Wohnung. Nun kommt es nat\u00fcrlich drauf an, wie gro\u00df und wie er geschnitten ist. Ist er sch\u00f6n breit oder ist es wie bei mir eher ein Schlauch? Ich habe dort meinen Schuhschrank mit einem Spiegel an der T\u00fcr. Da ich ein Weibchen bin, passen nat\u00fcrlich nicht alle Schuhe hinein, also sind dort Hausschuhe f\u00fcr mich und meine G\u00e4ste drinnen. Au\u00dferdem kann ich da leider keine Stiefel und Stiefeletten unterbringen, aber dazu sp\u00e4ter. Die T\u00fcren zu den Zimmern werden auch als Garderobe genutzt, denn wie viel Gestelle oder Schr\u00e4nke will man in den Zimmern hinstellen? T\u00fcrhaken und T\u00fcrhakenleisten gibt\u2019s von preiswert bis sauteuer. An der Badt\u00fcr ist der Schuhhorteinh\u00e4nger, auf den man die Schuhe und Taschen \u201eh\u00e4ngen\u201c kann. F\u00fcr G\u00e4ste macht sich das ebenso prima. Kaum eine T\u00fcr im Flur ist ohne irgendeinen Behang, trotzdem sieht es nicht chaotisch aus. F\u00fcr Beutel und Rucks\u00e4cke h\u00e4lt der Flur auch prima her und auch eine Schublade f\u00fcr allerhand Taschenged\u00f6ns. Hier l\u00e4sst sich ebenfalls ohne viel Rennerei alles was in andere Zimmer geh\u00f6rt, alles in eine Kiste packen, um sie dann auszusortieren. Da ich im Flur auch mein Verbandszeug habe, sortiere ich auch da aus, was weg soll und notiere, was noch nachgekauft werden muss. Und da der Flur das Herzst\u00fcck ist, kommt man im Notfall sehr schnell aus jedem Zimmer an das Verbandszeug. Was alles hineingeh\u00f6rt, das r\u00f6deln die Apotheken und andere Webseiten rauf und runter. Ich selbst habe die Schubladen etwas thematisch eingeteilt. Oben Notverbandszeug, weiter drunter, was kleine Kratzer betrifft oder auch Zinksalbe. Dann folgen meine regul\u00e4ren Medikamente, die ich mir sonntags in eine Wochenkassette vorlege und etwas Zubeh\u00f6r wie Einwegspritzen ohne Nadel,  Adapter f\u00fcr alles M\u00f6gliche und Fieberthermometer. Dann kommen meine Hilfsmittel, die ich ben\u00f6tige und Erk\u00e4ltungszeug. Da Balsamtaschent\u00fccher nicht gerade preiswert sind, kaufe ich die nur  f\u00fcr Erk\u00e4ltungen und sobald sie abgeklungen ist, sind wieder normale Taschent\u00fccher dran. Und Halsbonbons habe ich auch gern schnell parat, seien es auch die preiswerten und guten \u201eKr\u00fcgerol\u201c. Ich habe weiterhin alles f\u00fcr die Handtaschen oder Rucks\u00e4cke dort wo ich es am meisten brauche. Man packt ja meistens im Flur Taschen um, da d\u00fcrfen Taschent\u00fccher nicht vergessen werden. Praktisch sind auch \u201eTaschen f\u00fcr Taschen\u201c auch dazu komme ich noch mal zur\u00fcck. Und da man nicht alles Ged\u00f6ns in Taschen packen m\u00f6chte habe ich zwei Kistchen eingerichtet, die in Sommer und Winter unterteilt sind. Denn im Sommer braucht es beispielsweise keine Taschenw\u00e4rmer und im Winter auch keine Sonnencreme oder Sonnenbrille, h\u00f6chstens im Urlaub. Schnell ist also zugegriffen, wenn man sein T\u00e4schlein packt.<\/p>\n<p>Am <strong>Donnerstag<\/strong> ist das Schlafzimmer dran. Wer mich kennt, wird bei mir sonst immer \u201eSchnarcheria\u201c lesen. Allerdings ist es als Wirtschaftsraum und \u201eKleiderkammer\u201c umfunktioniert worden. Zu den Einrichtungsideen, vor allem rund um Ordnung komme ich sp\u00e4ter. F\u00fcr das Schlafzimmer braucht es nicht viele Putzmittel. Staubtuch oder Wedel, feuchten Lappen, ordentlich ausgewrungen und ein altes K\u00fcchenhandtuch zum Nachwischen. Schlecht macht es sich bei M\u00f6beln mit rauer Oberfl\u00e4che. Hier kann man wischen, bis man schwarz wird, es h\u00e4ngt immer irgendwas fest und sieht immer irgendwie schmuddelig aus. Also empfiehlt sich die Lackierung, ob nun in der Lieblingsfarbe oder Klarlack. Alle Oberfl\u00e4chen werden wie in anderen R\u00e4umen entstaubt und abgewischt. Bekleidung, Handt\u00fccher und Bettw\u00e4sche werden in den Schrank einsortiert, wenn wir sie nach dem Abnehmen von der Leine erstmal nur im W\u00e4schekorb abgelegt haben. Wenn das Madamchen hinter der Tastatur ihren Plunder in den Kleiderschrank einr\u00e4umen m\u00f6chte, braucht es nat\u00fcrlich Fl\u00e4che zum Zusammenlegen. Ich habe mir ja einen Kinderschreibtisch gekauft und zwar einen, der eher nach einem besseren Wickeltisch aussieht. Vorn ein Regalteil, andere Seite f\u00fcr den Sitzplatz. Prima, denn das Regalteil ist eine klasse Ablagefl\u00e4che f\u00fcr Kleinzeug. Der Schreibtisch wird aber noch gestrichen, denn eine andere Farbe als Wei\u00df mit gelben Kunsstoffr\u00e4ndern gab es in dem Angebot nicht. Und nach Kind sollte der auch nicht mehr aussehen.  Am Schluss wird bei glatten Fu\u00dfb\u00f6den gefegt oder am WE gesaugt, wenn noch nicht zuviel Staub und Schmutz auf dem Boden ist. Alles was in andere Zimmer geh\u00f6rt, wird mit einer Sch\u00fcssel oder einem Klappkorb mitgenommen. Wer Hilfe beim Zusammenlegen braucht, kann sich solche Klapphilfen kaufen, kosten kein Heidengeld mehr oder nimmt das kleine B\u00fcgelbrett und orientiert sich an der Breite.<\/p>\n<p><strong>Freitag<\/strong> ist das Wohnzimmer dran. Da ich zur Zeit im Wohnzimmer schlafe, wird hier das Bett abgezogen und und die Matratze etwas schr\u00e4g auf dem Gestell aufgelegt, damit auch da mehr Luft drunter kann, auch wenn durch einen Lattenrost auch etwas Luft drankommt. Abends wird das Bett bezogen. Ich wechsele meine Bettw\u00e4sche also w\u00f6chentlich. Dazu kommt, dass der Bettrahmen auch eine \u201eWischung\u201c n\u00f6tig hat und nicht stiefm\u00fctterlich behandelt wird, wie wir gelegentlich err\u00f6tend zugeben m\u00fcssen, stimmts? Es werden weiterhin alle Oberfl\u00e4chen vom Staub befreit und mal durchgefegt oder am WE gesaugt. Da ich hier auch meinen B\u00fcrokram habe, wird \u201eAblage\u201c gemacht und was noch unbezahlt ist, sofort erledigt, dann k\u00f6nnen auch die Unterlagen in die Schubladenbox. Es ist erstmal aus den Augen und aus dem Sinn. Bei noch nicht bezahlten Rechnungen ist \u201eaus den Augen, aus dem Sinn\u201c eher ung\u00fcnstig. Also wird die Schreibfl\u00e4che, die Tastatur, Mauspad und die F\u00e4cher entstaubt und manche Fl\u00e4chen lassen sich feucht abwischen. <\/p>\n<p><strong>Samstags<\/strong> wird in allen R\u00e4umen gesaugt und gewischt, der Keller ein bisschen aufger\u00e4umt und bei einem ausgewachsenen Putzfimmel Fenster und Heizung geputzt. Und bei \u201eschlechtem\u201c Wetter nutze ich die Zeit auch dazu, die Regale und Schr\u00e4nke auszur\u00e4umen und im Ganzen auszuwischen. Dabei bietet sich schon wieder die n\u00e4chste Entr\u00fcmpelung an. Wenn ich aus dem Versandhandel bestelle, sei es Bekleidung oder anderes, sammeln sich ja viele T\u00fcten an und Kisten. Warum wegwerfen, wenn man sie ebenso nutzen kann, sind ja sauber. Gerade Bekleidung oder Hausw\u00e4sche, die verkauft werden soll, sollte nicht unverpackt gelagert werden. 4 Wochen lasse ich den Krempel in den Anzeigen, danach geht das \u00dcbrige an soziale Einrichtungen. Weg muss es ja alle Male und dann lieber an Leute, die wirklich kaum Geld haben. Einiges hatte ich ja schon oben angesprochen.<\/p>\n<p>Sonntags ist frei oder wir nehmen uns das vor, was  irgendwie noch untergegangen ist. <\/p>\n<p>Das leidige in der Wohnung, sei sie auch noch so gro\u00df, l\u00e4sst sich eigentlich leicht vermeiden oder l\u00f6sen. Erkannt habe ich, dass Kleinm\u00f6bel unheimliche Behinderungen beim Putzen bedeuten und auch m\u00e4chtig Grundfl\u00e4che einnehmen, ganz klar. Ich habe also, wie sicher viele andere auch, unn\u00fctz Geld ausgegeben. Nat\u00fcrlich haben viele Kleinm\u00f6bel ihren Nutzen, sei es ein Tischlein mit einem Zeitungshalter unter der Platte oder ein Blumenst\u00e4nder. Ist alles h\u00fcbsch anzusehen, aber ruckzuck ist so etwas umgesto\u00dfen und es l\u00e4sst den Raum auch kleiner und gedrungener erscheinen. Lieber die W\u00e4nde nutzen, so gut es geht. Nat\u00fcrlich sollte  man auch die nicht \u00fcberladen. Aber dazu komme ich sp\u00e4ter noch mal bei der Kategorie \u201eWohin mit\u2026?\u201c  zur\u00fcck. Weniger ist wahrlich mehr. Nat\u00fcrlich ist es Geschmackssache, aber ich habe es mir abgew\u00f6hnt und Ebay damit \u201egef\u00fcllt\u201c, dann  kaufe ich mir f\u00fcr das Geld lieber Farbe oder anderes N\u00fctzliches. Meine neue Faustregel hei\u00dft: F\u00fcr alles jeweils einen Schrank oder Regal und das so hoch und einheitlich, wie es nur geht, zumindest in der H\u00f6he. Farblich l\u00e4sst sich ja alles mit Lackrolle, Pinsel und Farbe anpassen \ud83d\ude09<\/p>\n<div id=\"wp_fb_like_button\" style=\"margin:5px 0;float:none;height:100px;\"><script src=\"http:\/\/connect.facebook.net\/en_US\/all.js#xfbml=1\"><\/script><fb:like href=\"http:\/\/strubbelmiez.de\/index.php\/ordnung-ist-das-halbe-leben-aber-es-kann-weniger-brauchen\/nun-die-einzelnen-zimmer\/\" send=\"true\" layout=\"standard\" width=\"450\" show_faces=\"true\" font=\"arial\" action=\"like\" colorscheme=\"light\"><\/fb:like><\/div>","protected":false},"excerpt":{"rendered":"<p>Nun kommen wir zu den einzelnen Zimmern. Ich habe sie fett markiert, denn der Tag bzw. die Reihenfolge ist ja an sich egal. Wer wie ich zwischendurch einen Entr\u00fcmpelungsanfall hat, nur zu, ab in Kisten, was in den Keller oder zum Verkaufen oder Verschenken verpackt wird. Und wenn man so beim S\u00e4ubern ist, f\u00e4llt ja &hellip; <a href=\"http:\/\/strubbelmiez.de\/index.php\/ordnung-ist-das-halbe-leben-aber-es-kann-weniger-brauchen\/nun-die-einzelnen-zimmer\/\" class=\"more-link\"><span class=\"screen-reader-text\">Nun die einzelnen Zimmer:<\/span> weiterlesen <span class=\"meta-nav\">&rarr;<\/span><\/a><\/p>\n","protected":false},"author":1,"featured_media":0,"parent":2954,"menu_order":2,"comment_status":"open","ping_status":"open","template":"","meta":{"jetpack_post_was_ever_published":false,"footnotes":""},"class_list":["post-3030","page","type-page","status-publish","hentry"],"jetpack_sharing_enabled":true,"jetpack_shortlink":"https:\/\/wp.me\/P2ijNL-MS","jetpack-related-posts":[],"_links":{"self":[{"href":"http:\/\/strubbelmiez.de\/index.php\/wp-json\/wp\/v2\/pages\/3030","targetHints":{"allow":["GET"]}}],"collection":[{"href":"http:\/\/strubbelmiez.de\/index.php\/wp-json\/wp\/v2\/pages"}],"about":[{"href":"http:\/\/strubbelmiez.de\/index.php\/wp-json\/wp\/v2\/types\/page"}],"author":[{"embeddable":true,"href":"http:\/\/strubbelmiez.de\/index.php\/wp-json\/wp\/v2\/users\/1"}],"replies":[{"embeddable":true,"href":"http:\/\/strubbelmiez.de\/index.php\/wp-json\/wp\/v2\/comments?post=3030"}],"version-history":[{"count":2,"href":"http:\/\/strubbelmiez.de\/index.php\/wp-json\/wp\/v2\/pages\/3030\/revisions"}],"predecessor-version":[{"id":3034,"href":"http:\/\/strubbelmiez.de\/index.php\/wp-json\/wp\/v2\/pages\/3030\/revisions\/3034"}],"up":[{"embeddable":true,"href":"http:\/\/strubbelmiez.de\/index.php\/wp-json\/wp\/v2\/pages\/2954"}],"wp:attachment":[{"href":"http:\/\/strubbelmiez.de\/index.php\/wp-json\/wp\/v2\/media?parent=3030"}],"curies":[{"name":"wp","href":"https:\/\/api.w.org\/{rel}","templated":true}]}}