{"id":3036,"date":"2015-05-12T15:58:57","date_gmt":"2015-05-12T13:58:57","guid":{"rendered":"http:\/\/strubbelmiez.de\/?page_id=3036"},"modified":"2015-05-12T15:58:57","modified_gmt":"2015-05-12T13:58:57","slug":"wohin-mit-allgemein","status":"publish","type":"page","link":"http:\/\/strubbelmiez.de\/index.php\/ordnung-ist-das-halbe-leben-aber-es-kann-weniger-brauchen\/wohin-mit-allgemein\/","title":{"rendered":"Wohin mit&#8230; Allgemein:"},"content":{"rendered":"<p><strong>Wohin mit Kleidung , Schuhen, Taschen und viele Sachen mehr?<br \/>\n<\/strong><br \/>\nJetzt geht\u2019s ans \u201eEingemachte\u201c. \u201eOrdnung schaffen ist nicht schwer, sie zu halten umso mehr\u201c k\u00f6nnte man lachend sagen. Klar, wir k\u00f6nnen ins Gesch\u00e4ft oder ins Internet gucken, den Kauf t\u00e4tigen, das Wunderwerk zusammenbasteln oder einfach aufstellen, einh\u00e4ngen was wei\u00df ich. Wer das Geld \u00fcbrig hat, wird hier wohl \u00e4chtzen, dass so manche L\u00f6sung zu profan wirkt und nicht edel aussehen wird. Doch, es kann auch edel aussehen, wenn man es nur will und kreativ ist. Guckt Euch die Chinesen an, die machen es vor..\u00e4h nach \ud83d\ude00 Ja, ich bin sicherlich die abertausendste Trine, die beschreibt, wie man etwas unterbringen k\u00f6nnte und ja, was ich mir abgeguckt habe, schreibe ich dazu, was meiner eigenen Idee entspringt auch. Vielleicht erg\u00e4nzt es ja das bislang Gelesene oder Gesehene. Letztens noch sah ich ein Video mit Sonya Kraus, die uns eine Kleiderkammer pr\u00e4sentierte und uns erkl\u00e4rte, wie man hier h\u00e4ngt und da clipst. Hm,  manche Tips sind aber wenig gut f\u00fcrs Material, was man dann auch schnell sieht, aber das lest ihr in den Tips.<\/p>\n<div id=\"wp_fb_like_button\" style=\"margin:5px 0;float:none;height:100px;\"><script src=\"http:\/\/connect.facebook.net\/en_US\/all.js#xfbml=1\"><\/script><fb:like href=\"http:\/\/strubbelmiez.de\/index.php\/ordnung-ist-das-halbe-leben-aber-es-kann-weniger-brauchen\/wohin-mit-allgemein\/\" send=\"true\" layout=\"standard\" width=\"450\" show_faces=\"true\" font=\"arial\" action=\"like\" colorscheme=\"light\"><\/fb:like><\/div>","protected":false},"excerpt":{"rendered":"<p>Wohin mit Kleidung , Schuhen, Taschen und viele Sachen mehr? Jetzt geht\u2019s ans \u201eEingemachte\u201c. \u201eOrdnung schaffen ist nicht schwer, sie zu halten umso mehr\u201c k\u00f6nnte man lachend sagen. Klar, wir k\u00f6nnen ins Gesch\u00e4ft oder ins Internet gucken, den Kauf t\u00e4tigen, das Wunderwerk zusammenbasteln oder einfach aufstellen, einh\u00e4ngen was wei\u00df ich. Wer das Geld \u00fcbrig hat, &hellip; <a href=\"http:\/\/strubbelmiez.de\/index.php\/ordnung-ist-das-halbe-leben-aber-es-kann-weniger-brauchen\/wohin-mit-allgemein\/\" class=\"more-link\"><span class=\"screen-reader-text\">Wohin mit&#8230; Allgemein:<\/span> weiterlesen <span class=\"meta-nav\">&rarr;<\/span><\/a><\/p>\n","protected":false},"author":1,"featured_media":0,"parent":2954,"menu_order":3,"comment_status":"open","ping_status":"open","template":"","meta":{"jetpack_post_was_ever_published":false,"footnotes":""},"class_list":["post-3036","page","type-page","status-publish","hentry"],"jetpack_sharing_enabled":true,"jetpack_shortlink":"https:\/\/wp.me\/P2ijNL-MY","jetpack-related-posts":[],"_links":{"self":[{"href":"http:\/\/strubbelmiez.de\/index.php\/wp-json\/wp\/v2\/pages\/3036","targetHints":{"allow":["GET"]}}],"collection":[{"href":"http:\/\/strubbelmiez.de\/index.php\/wp-json\/wp\/v2\/pages"}],"about":[{"href":"http:\/\/strubbelmiez.de\/index.php\/wp-json\/wp\/v2\/types\/page"}],"author":[{"embeddable":true,"href":"http:\/\/strubbelmiez.de\/index.php\/wp-json\/wp\/v2\/users\/1"}],"replies":[{"embeddable":true,"href":"http:\/\/strubbelmiez.de\/index.php\/wp-json\/wp\/v2\/comments?post=3036"}],"version-history":[{"count":1,"href":"http:\/\/strubbelmiez.de\/index.php\/wp-json\/wp\/v2\/pages\/3036\/revisions"}],"predecessor-version":[{"id":3037,"href":"http:\/\/strubbelmiez.de\/index.php\/wp-json\/wp\/v2\/pages\/3036\/revisions\/3037"}],"up":[{"embeddable":true,"href":"http:\/\/strubbelmiez.de\/index.php\/wp-json\/wp\/v2\/pages\/2954"}],"wp:attachment":[{"href":"http:\/\/strubbelmiez.de\/index.php\/wp-json\/wp\/v2\/media?parent=3036"}],"curies":[{"name":"wp","href":"https:\/\/api.w.org\/{rel}","templated":true}]}}