{"id":3038,"date":"2015-05-12T16:00:19","date_gmt":"2015-05-12T14:00:19","guid":{"rendered":"http:\/\/strubbelmiez.de\/?page_id=3038"},"modified":"2015-05-12T16:04:10","modified_gmt":"2015-05-12T14:04:10","slug":"wohin-mit-bekleidung","status":"publish","type":"page","link":"http:\/\/strubbelmiez.de\/index.php\/ordnung-ist-das-halbe-leben-aber-es-kann-weniger-brauchen\/wohin-mit-bekleidung\/","title":{"rendered":"Wohin mit Bekleidung?"},"content":{"rendered":"<p>Es ist zwar noch nicht alles realisiert, was ich mir ertr\u00e4umt hatte, aber es lohnt derzeit auch kaum, solange ich nicht wei\u00df, was aus den Wohnungen wird. Vorgestellt habe ich mir nat\u00fcrlich zwei W\u00e4nde als \u201ebegehbaren Kleiderschrank\u201c die kurze Wand hatte einen gro\u00dfen, angelehnten Spiegel, damit ich mich im Ganzen sehen kann. Dieser wird noch mit dem Schuhschrankspiegel aus dem Flur ersetzt.  Mein \u201estummer  Diener\u201c passt prima in jede Nische und ist sehr praktisch, denn das Ding hat eine Sitzfl\u00e4che und beim Herrichten sitzen ist schon nicht \u00fcbel und der parat h\u00e4ngende Blazer, wenn man schick weggeht braucht nur noch angezogen werden, bevor es losgeht. Bei einer A&#038;V-B\u00f6rse erstand ich mir f\u00fcr einen F\u00fcnfer einen weiteren Kleiderst\u00e4nder, und zwar in Form einer Frau, aber nackt wirkend. Neulich sah ich bei Pinterest in meiner Inspirationssuche auch die m\u00e4nnliche Version. W\u00e4re nat\u00fcrlich auch noch was. Diese st\u00e4hlerne Braut habe ich nat\u00fcrlich fix eingekleidet \ud83d\ude06 Die neue Mitbewohnerin wird k\u00fcnftig ehrenamtlich Kleidung f\u00fcr den Verkauf pr\u00e4sentieren. An der l\u00e4ngeren Wand h\u00e4tte ich schon gern die ganze Kleiderauswahl. Ich habe einen Eckkleiderschrank in den aber leider nicht alles hineinpasst, h\u00f6chstens alles an Hausw\u00e4sche. Ich habe noch einen Viert\u00fcrerschrank, aber da ist mein PC-Arbeitsplatz drin. Aber improvisieren l\u00e4sst es sich immer noch, also Kleiderst\u00e4nder mit Regalteil hin, in dem alle Jacken der Saison h\u00e4ngen, auch Strickjacken, die man nicht zusammenlegen mag, weil so manches Material knittert. Und dank neuen fetten Schreibtischs kann ich den Schrank ja wieder f\u00fcr Klamotten frei machen.<\/p>\n<p>Womit trennt man es ab, wenn man sich keine W\u00e4nde ziehen kann? Richtig, mit Vorh\u00e4ngen. Eine Wand ist schon mal so. Praktisch f\u00fcr uns M\u00e4dels sind auch Fotowandbeh\u00e4nge. Schon bei der Anprobe von frisch gekauften Sachen wird fotografiert Und wer eine Freundin mit gutem Geschmack hat, die auch ehrlich sagt, wenn etwas nicht aussieht, kann mit der R\u00fcckgabe der ordentlich verpackten Klamotten so manchen Fehlkauf vermeiden und beh\u00e4lt f\u00fcr wirklich tolle Sachen Platz. Und wenn die Freundin auch noch gern fotografiert, macht es noch mehr Spa\u00df. Den Sekt gibt\u2019s besser erst hinterher \ud83d\ude09  Und alle Fotos in ein Worddokument zusammenstellen, drucken, ausschneiden und in die kleinen Rahmen des Wandbehangs stecken. Ruckzuck hat man eigene Vorschl\u00e4ge f\u00fcr ein Outfit, wenn man sonst unsicher gewesen w\u00e4re. Meine Fotos sind schwarz-wei\u00df, aber ich wei\u00df dennoch, welche Farbe die Teile haben und es sieht klasse und nicht zu bunt aus. So setzt die Abtrennung schon sch\u00f6n kreativ und praktisch einen tollen Akzent und man kann sich sogar dahinter umziehen. <\/p>\n<p>Wir brauchen also System und \u00dcberblick im Kleiderschrank, zur\u00fcck zur Ordnung. Einfach so reinh\u00e4ngen kann jeder seine Sachen. Unabh\u00e4ngig, ob wir uns einen Fotowandbehang hinh\u00e4ngen oder nicht, wir wollen oftmals in der Eile schnell ein Outfit zusammenstellen, ohne sich etliche Male umziehen zu m\u00fcssen. Was empfiehlt sich da? Richtig, Farben, Formen, ordentlich Kreativit\u00e4t und etwas Geschick. <\/p>\n<p>\u2022 \u00d6sen von Getr\u00e4nkedosen ist sehr praktisches Kleinzubeh\u00f6r f\u00fcr die Ordnung und sollten immer sch\u00f6n griffbereit sein. Die Idee mit den \u00d6sen von Getr\u00e4nkedosenbzw. auch Laschen genannt, sind prima zum Zusammenstellen mehrer Outfits. Es lassen sich zwei B\u00fcgel damit verbinden. Nat\u00fcrlich sollten die vorher gereinigt werden und was ich noch so im Net gesehen habe ist auch neckisch. Gesehen habe ich es bei Pinterest, wo ich sehr oft st\u00f6bere und wenn ich nicht aufpasse, die Nacht ruckzuck verbracht habe.<\/p>\n<p>\u2022 Es gibt farbige Clips f\u00fcr Kleiderb\u00fcgel. Mittels Clips l\u00e4sst sich ein Farbsystem im Kleiderschrank erstellen. Beispiel gef\u00e4llig? Die graue Samtleggins passt sicher zum ebenso grauen Strickkleid (nat\u00fcrlich mit einem schicken G\u00fcrtel f\u00fcr den Hingucker dazu). Teile, die sich mit mehreren St\u00fccken kombinieren lassen, so kennzeichnen. Alles was irgendwie zusammenpasst, l\u00e4sst sich oben am B\u00fcgelhaken sofort an der Farbe erkennen. Das was nur als ein Outfit passt, am besten gleich zusammen auf einen B\u00fcgel, das spart Platz und B\u00fcgel. Prima machen sich stabile Holzb\u00fcgel mit Steg. \u00dcber den Steg l\u00e4sst sich eine Leggins und das Strickkleid beispielsweise einmal l\u00e4ngs gefaltet draufh\u00e4ngen. Was h\u00e4ngen sollte, passt dann auch noch dr\u00fcber. Prima sind die Stege mit Samt, die gab es mal bei Netto und nat\u00fcrlich griff ich zu, denn viele Kleiderst\u00fccke rutschen sonst herunter. Aber mit System und Halt ist die Kleidersuche schnell gemacht. So manches Ordnungssystem l\u00e4sst sich allerdings preiswerter herrichten. Zerschnittene Trinkhalme sind beispielsweise eine preiswertere L\u00f6sung als die Clips und in leuchtenden Farben kriegt das Ganze auch noch Pfiff. Das St\u00fcckchen wird also \u00fcber den B\u00fcgelhaken ziehen und fert\u00b4sch ist die Laube. Not macht ja erfinderisch, gelle? Gerade bei Kindern ist es m. E. sehr n\u00fctzlich, wenn mal schnell etwas zusammengestellt werden soll. St\u00fcck f\u00fcr St\u00fcck bekommen die Kinder ein Gef\u00fchl f\u00fcr Farben und Muster, wenn sie es nach und nach lernen, sich die Sachen f\u00fcr den Folgetag selbst herauszusuchen.<br \/>\n\u2022 Eine gute Idee fand ich auch hier http:\/\/relleomein.de\/2014\/02\/organize-my-life-kleiderschrank-tour-ordnung-pax-schmuckaufbewahrung-diy\/#comment-19946 . Nat\u00fcrlich ist die Idee verbreitet, Schildchen f\u00fcr die Kleiderstange zur Trennung der Bekleidungsart zu erreichen. Also Hosen, R\u00f6cke, Blusen und so weiter und so fort. Wer so sortiert, findet das Gew\u00fcnschte schnell, auch wenn man nach Farben oder Anl\u00e4ssen sortiert. <\/p>\n<p>Ordnungssysteme f\u00fcr Bekleidung (und auch universell einsetzbar)<br \/>\nOrdnungs- bzw. Platzsparsysteme gibt\u2019s in H\u00fclle und F\u00fclle, allerdings ist nicht jedes System f\u00fcr den Alltag geeignet, wie ich es feststellte. Wer einen riesengro\u00dfen Kleiderschrank hat, kriegt nat\u00fcrlich alle Klamotten unter, vielleicht sogar auch die Hausw\u00e4sche. Wer kleinere Kleiderschr\u00e4nke hat, ist mit gr\u00f6\u00dferen Dekoboxen oder auch so genannten Kissenh\u00fcllen gut bedient. So lassen sich Bekleidungsst\u00fccke der jeweiligen Gegensaison auf dem Schrank unterbringen. Wer einen etwas l\u00e4ngeren Schrank hat, kriegt sogar Unterbettkommoden draufgelegt. Es gibt sie ja schon in klasse Farben und mit Motiven oder uni. Wenn man auch noch ein \u201eFarbkonzept\u201c in den R\u00e4umen hat, kann die Farben der H\u00fcllen auch darauf abstimmen oder einen h\u00fcbschen Akzent setzen, dann sieht es nicht so hinger\u00e4umt aus. <\/p>\n<p>In Kaufh\u00e4usern und Versandhandel gibt\u2019s schon sehr praktische Ordnungssysteme, wie schon gesagt, in etlichen Preisklassen. Ich kaufte auch mal ein System namens \u201eRuco\u201c im Real. Bei Amazon habe ich es auch gesehen. Da ich ein Set kaufte, hatte ich einen Krawattenhalter dabei. Den schenkte ich meinem damaligen Freund. H\u00e4tte auch gut als G\u00fcrtelhort gedient, aber sei es drum, daf\u00fcr gibt\u2019s B\u00fcgel mit Haken oder auch Schranksysteme. Die B\u00fcgel, an welchen man bis zu 5 weitere B\u00fcgel anh\u00e4ngen kann, eignen sich eher f\u00fcr die Aufbewahrung der f\u00fcr die Gegensaison gehorteten Klamotten, die man eben l\u00e4nger nicht anzieht. Denn das Auf und AB der einen B\u00fcgelseite macht A kaum Spa\u00df und B h\u00e4lt auch Kunststoff nicht ewig und zuviel aus. Ebenso verh\u00e4lt es sich auch mit den Hosenb\u00fcgeln, welche man zusammenklappen kann und auch 2 weitere M\u00f6glichkeiten der Aufh\u00e4ngung hat. Im Alltag ist es nichts. Allerdings ist es nicht \u00fcbel, die Schniekehosen und R\u00f6cke oder Kombis draufzuh\u00e4ngen und den B\u00fcgel zusammenzuklappen. Wer seine Schniekehosen t\u00e4glich braucht, verbraucht mit dem Ding allerdings mehr Platz als lose Hosenb\u00fcgel. Tops f\u00fcr Schnieke lassen sich an den Tr\u00e4gern dazuh\u00e4ngen.  <\/p>\n<p>An der Kleiderstange meines Garderobenwagens mit Regalteil sind meine Jacken. Damit das Ganze nicht einstaubt, habe ich eine Art \u201eGarage\u201c mit einem Rei\u00dfverschluss besorgt. Gekauft hab ich das Ding bei \u201emoderne Hausfrau\u201c. Ich hatte erst wenig Vertrauen, wie lange das Ding h\u00e4lt und ob es \u00fcberhaupt einigen Waschg\u00e4ngen in der Waschmaschine standh\u00e4lt. Bis jetzt schon und es waren etwa bislang so 5 W\u00e4schen. Ich komme durch diese dar\u00fcber gest\u00fclpte \u201eGarage\u201c also nicht so schnell an die guten Schuhe ran, daher habe ich die anderen Schuhe eher in der Mitte bis nach unten, schnell greifbar. Mottenschutz besteht hier allerdings nicht, aber wird st\u00e4ndig genutzt und somit verscheucht schon so viel Bewegung alles M\u00f6gliche an Getier. Es gab bei \u201emoderne Hausfrau\u201c (Versandhaus Walz) unter anderem auch ein Raumsparsystem, welches ich nicht \u00fcbel finde. Es sind zwei Stangen mit B\u00fcgelhaken f\u00fcr die Kleiderstange dran, eine flexible Stange wird einfach eingeh\u00e4ngt, nach Belieben. So kann ich also auch Strickjacken, die ich fast t\u00e4glich trage, unter die Jacken h\u00e4ngen. Auch Handtaschen lassen sich dazuh\u00e4ngen, wenn man noch \u201eFleischerhaken\u201c \u00fcbrig hat. Nein, die Haken sehen zwar so aus aber sind nat\u00fcrlich etwas \u201ezierlicher\u201c. Wer sie so nicht verwenden mag, kann es auch zum Aufr\u00e4umen des Kleiderschrankes nutzen, wenn man mal wieder ausr\u00e4umen und innen s\u00e4ubern m\u00f6chte.<\/p>\n<p>Was ist mit Klamotten, die nicht mehr passen oder gefallen? Ich musste \u00fcber einen Text schmunzeln, der nat\u00fcrlich mit dem \u00dcbersetzungstool recht ungl\u00fccklich klingt. \u201e7. Bewahren Sie eine Ablagetasche im Schrank.<br \/>\n&#8222;Ich halte eine Einkaufstasche mit einem Handgriff in der vor meinem Kleiderschrank. Jedes Mal, wenn ich versuche, auf einem Kleidungsst\u00fcck, und dann nehmen, wenn wieder, denn es ist wenig schmeichelhaft, nicht passt, wird gezogen, gebeizt oder aus der Mode, habe ich es in der Tasche &#8222;, sagt Brown. &#8222;Wenn Sie das Kleidungsst\u00fcck aus einem anderen Grund, als dass es schmutzig ist oder entspricht nicht genommen haben, bedeutet, dass es nicht richtig ist und wird wohl nie sein&#8220;, sagt sie. Wenn der Beutel voll ist, erkl\u00e4rt Isaacs, spenden die Kleidung oder handeln sie mit einem Freund bei einem Swap-Party.! (Link dazu) https:\/\/translate.google.de\/translate?sl=en&#038;tl=de&#038;js=y&#038;prev=_t&#038;hl=de&#038;ie=UTF-8&#038;u=http%3A%2F%2Fwww.goodhousekeeping.com%2Fhome%2Fcleaning-organizing%2Fpersonal-organizing-secrets%3Fsrc%3Dspr_FBPAGE%26spr_id%3D1443_79917936&#038;edit-text=&#038;act=url<br \/>\nHei\u00dft also in vern\u00fcnftigem Deutsch sinngem\u00e4\u00df: Eine Tasche in oder an den Kleiderschrank h\u00e4ngen, in die man Bekleidung hineinpackt, die nicht mehr passt oder gef\u00e4llt. Wenn man einige Kleiderst\u00fccke st\u00e4ndig wieder zur\u00fcckpackt, kann ja etwas nicht stimmen. Aber bleiben wir lieber konsequent:  wenn uns das Kleidungsst\u00fcck aus irgendeinem Grunde nicht mehr zusagt oder nicht mehr passt, dann fassen wir uns halt ein Herz und legen es zu den aussortierten Sachen, damit wieder etwas in den Schrank passt, was wirklich getragen wird. Und ja, sehr gut erhaltene Bekleidung l\u00e4sst sich entweder in zweiter Hand verkaufen oder auf Tauschpartys loswerden. <\/p>\n<p>Da uns ja die englischen Begriffe \u00fcberschwappen, nennt man es halt nun \u201eswappen\u201c. Es gibt auch einige virtuelle Tauschb\u00f6rsen, allerdings haben wir immer die Versandkosten dazu, wenn wir etwas zum Tauschen verschicken. Bei \u201eKleiderkreisel\u201c beispielsweise gibt es mehrere Optionen, die wir beim Anbieten w\u00e4hlen k\u00f6nnen. Ich verkaufe sie, ich tausche oder verschenke. Ich kann auch alle 3 M\u00f6glichkeiten anklicken. Allerdings hatte ich da auch ein bisschen Pech. Ich brachte ja mal irgendwann kurz an, dass man sich schon wegen 2 Euro in die Hose macht, wenn es ums Tauschen geht. Man bekommt auch nicht immer die angegebene Qualit\u00e4t und bei Kleinanzeigen musste ich schon eine Anzeige wegen Betruges erstatten. Bei \u201eZamaro\u201c bin ich erst neu und muss da noch testen, wie gut es mit der Lieferung klappt, wenn man etwas bestellt und vor allem das Verh\u00e4ltnis zwischen dem Abgegebenen und was man mit \u00e4hnlichem Wert wiederbekommen k\u00f6nnte. Allerdings muss da wirklich 1A \u2013 Zustand sein, also neuwertig, sonst wird es nicht angenommen. Wenn man bestellt, hat man pro St\u00fcck wohl fast 3 Euro Packkosten und noch Versandkosten dazu. Sehr wenig finde ich es nicht, aber ich werde es testen, wenn ich etwas f\u00fcr den Winter bestelle. <\/p>\n<p>Weiter zur \u00fcbergangsweisen Aufbewahrung der  aussortierten Sachen:  Ich habe vom Versand f\u00fcr die \u00fcberbegl\u00fcckte Hausfrau ein sehr praktisches \u201eWerbegeschenk\u201c bekommen. Dass es nicht wirklich Geschenke sind, wissen wir ja, n\u00f6ch? Es sind Taschen, die wie Koffer aussehen sollen, hier lassen sich ebenso Sachen thematisch hineinsortieren. Und f\u00fcr Klamotten, die wirklich nicht mehr gehen, gibt\u2019s Altkleidercontainer und auch daf\u00fcr habe ich eine T\u00fcte an eine Kleiderschrankseite geh\u00e4ngt und man sieht sie durch eine Gardine als Trennwand gl\u00fccklicherweise auch nicht. Ist die T\u00fcte voll, frage ich bissel rum, ob sich jemand Putzlappen holen will, wof\u00fcr ja alte Shirts gut sind und dann ab mit dem S\u00e4ckel zum Container. Und ja, oft muss man halt hart mit sich sein, denn unn\u00f6tiges Horten bringt mehr Frust als Lust, in den Kleiderschrank zu gucken. <\/p>\n<p><strong>Und wie k\u00f6nnte man zu viele Klamotten von vornherein verhindern?<\/strong> Ich fand im Netz sogar Info\u00fcbersichten, was man \u00e4h Frau so als Basics im Schrank haben sollte und wie viele Shirts etc. jeweils gerade mal n\u00f6tig w\u00e4ren. \u00c4h\u00e4\u00e4m, die Woche hat 7 Tage und bis auf Hosen, die man mal so 2-3 Tage tr\u00e4gt wechselt man schon t\u00e4glich die W\u00e4sche oder \u00fcbertreibe ich? Ich k\u00e4me also nicht mit so wenigen Klamotten hin. Und bei mir besteht nur einmal die Woche der Bedarf zum Waschen, es sei denn, ich habe wieder etliche Klamotten getauscht oder gekauft oder hatte G\u00e4ste, wo ja doch  mehr Bettw\u00e4sche und Handt\u00fccher anfallen. Wer etwa jeden zweiten Tag  w\u00e4scht und einen Trockner hat, mag mit wenigen Klamotten auskommen. Aber eine Hilfe ist es allemale, wenn man sich so eine \u201eCheckliste\u201c ausdruckt oder etwas abwandelt und mal den Kleiderschrank durchgeht und mal eine kleine Inventur macht.<\/p>\n<div id=\"wp_fb_like_button\" style=\"margin:5px 0;float:none;height:100px;\"><script src=\"http:\/\/connect.facebook.net\/en_US\/all.js#xfbml=1\"><\/script><fb:like href=\"http:\/\/strubbelmiez.de\/index.php\/ordnung-ist-das-halbe-leben-aber-es-kann-weniger-brauchen\/wohin-mit-bekleidung\/\" send=\"true\" layout=\"standard\" width=\"450\" show_faces=\"true\" font=\"arial\" action=\"like\" colorscheme=\"light\"><\/fb:like><\/div>","protected":false},"excerpt":{"rendered":"<p>Es ist zwar noch nicht alles realisiert, was ich mir ertr\u00e4umt hatte, aber es lohnt derzeit auch kaum, solange ich nicht wei\u00df, was aus den Wohnungen wird. Vorgestellt habe ich mir nat\u00fcrlich zwei W\u00e4nde als \u201ebegehbaren Kleiderschrank\u201c die kurze Wand hatte einen gro\u00dfen, angelehnten Spiegel, damit ich mich im Ganzen sehen kann. Dieser wird noch &hellip; <a href=\"http:\/\/strubbelmiez.de\/index.php\/ordnung-ist-das-halbe-leben-aber-es-kann-weniger-brauchen\/wohin-mit-bekleidung\/\" class=\"more-link\"><span class=\"screen-reader-text\">Wohin mit Bekleidung?<\/span> weiterlesen <span class=\"meta-nav\">&rarr;<\/span><\/a><\/p>\n","protected":false},"author":1,"featured_media":0,"parent":2954,"menu_order":4,"comment_status":"open","ping_status":"open","template":"","meta":{"jetpack_post_was_ever_published":false,"footnotes":""},"class_list":["post-3038","page","type-page","status-publish","hentry"],"jetpack_sharing_enabled":true,"jetpack_shortlink":"https:\/\/wp.me\/P2ijNL-N0","jetpack-related-posts":[],"_links":{"self":[{"href":"http:\/\/strubbelmiez.de\/index.php\/wp-json\/wp\/v2\/pages\/3038","targetHints":{"allow":["GET"]}}],"collection":[{"href":"http:\/\/strubbelmiez.de\/index.php\/wp-json\/wp\/v2\/pages"}],"about":[{"href":"http:\/\/strubbelmiez.de\/index.php\/wp-json\/wp\/v2\/types\/page"}],"author":[{"embeddable":true,"href":"http:\/\/strubbelmiez.de\/index.php\/wp-json\/wp\/v2\/users\/1"}],"replies":[{"embeddable":true,"href":"http:\/\/strubbelmiez.de\/index.php\/wp-json\/wp\/v2\/comments?post=3038"}],"version-history":[{"count":4,"href":"http:\/\/strubbelmiez.de\/index.php\/wp-json\/wp\/v2\/pages\/3038\/revisions"}],"predecessor-version":[{"id":3043,"href":"http:\/\/strubbelmiez.de\/index.php\/wp-json\/wp\/v2\/pages\/3038\/revisions\/3043"}],"up":[{"embeddable":true,"href":"http:\/\/strubbelmiez.de\/index.php\/wp-json\/wp\/v2\/pages\/2954"}],"wp:attachment":[{"href":"http:\/\/strubbelmiez.de\/index.php\/wp-json\/wp\/v2\/media?parent=3038"}],"curies":[{"name":"wp","href":"https:\/\/api.w.org\/{rel}","templated":true}]}}