{"id":3047,"date":"2015-05-12T16:22:22","date_gmt":"2015-05-12T14:22:22","guid":{"rendered":"http:\/\/strubbelmiez.de\/?page_id=3047"},"modified":"2015-05-12T16:34:04","modified_gmt":"2015-05-12T14:34:04","slug":"wohin-mit-schmuck-und-accessoires","status":"publish","type":"page","link":"http:\/\/strubbelmiez.de\/index.php\/ordnung-ist-das-halbe-leben-aber-es-kann-weniger-brauchen\/wohin-mit-schmuck-und-accessoires\/","title":{"rendered":"Wohin mit Schmuck und Accessoires?"},"content":{"rendered":"<p>Weibchen ohne Schmuck sieht man ja selten. Dann gibt\u2019s auch noch Zeugs f\u00fcr Haare in H\u00fclle und F\u00fclle. Meine Sammlung ist nicht gerade gro\u00df und echten Schmuck habe ich ohnehin nicht, nur Modeschmuck f\u00fcn Appel und\u00b4n Ei. Es gibt nat\u00fcrlich Schmuckhalter in Form von H\u00e4nden, B\u00e4umen, Geweihe und nat\u00fcrlich Schmuckk\u00e4stchen, sogar ganze Schr\u00e4nkchen daf\u00fcr. Klar, praktisch ist es wirklich, auch f\u00fcr den Haarschmuck, aber sauteuer, daher wird improvisiert. <\/p>\n<p>\u2022Ich habe mir einen Fotowandbehang gekauft, den ich nach Bedarf zerschnitten und innen an die Schrankt\u00fcr befestigt habe. Ich las irgendwo, dass Kreide das Anlaufen verhindern soll. Schaden kann es nicht, also packte ich zum sortierten Schmuck auch ein kleines St\u00fcckchen Kreide ins F\u00e4chlein. Meine Ketten habe ich nur wenig sortiert. Einmal f\u00fcr den Alltag lang und kurz, so auch beim \u201eAusgehschmuck\u201c. <\/p>\n<p>\u2022Es gibt auf Webseiten tolle Vorlagen, welche Kette man f\u00fcr welchen Ausschnitt tragen kann. Klar habe ich mir diese Vorlage ausgedruckt, laminiert und gleich mal neben den Schmuck befestigt. Schneller \u00dcberblick spart Zeit. Wenn man es noch cleverer anstellen m\u00f6chte, kann sich L\u00f6cher in die Vorlage pieken und die Ketten nach den abgebildeten L\u00e4ngen einh\u00e4ngen. Das w\u00e4re der noch schnellere Blick f\u00fcr noch mehr Zeitersparnis. F\u00fcr Schmuck gibt\u2019s nat\u00fcrlich auch h\u00fcbsche Schatullen, auch ohne Einteilung. Dann h\u00e4tten wir es au\u00dfenrum zwar ganz schick, aber innen \u2013 olalaa, Chaos!<\/p>\n<p>\u2022Eierverpackungen sind perfekt. Kinder haben schon Freude, sich so etwas zu gestalten, von au\u00dfen und die 6er-Packungen sehen mal nach Krebs und gern auch nach Frosch aus, paar Kuller\u00e4uglein f\u00fcr kleines Geld drauf und eine Grinseschnute oder Knutschmund. In die Mulden kommen beispielsweise die Ohrringe, Stecker lassen sich an Kn\u00f6pfen befestigen und sind somit immer zusammen und verlieren sich nicht so schnell. Weiterhin k\u00f6nnen Haarklammern und Spangen rein. Kreolen, Ringe, Zopfhalter und viel anderer Kleinkram mehr l\u00e4sst sich auf die Zapfen legen. Abgefahren fand ich die Idee mit den Putzschw\u00e4mmen. Etwas einritzen und Fingerringe oder Kreolen rein. <\/p>\n<p>\u2022Damen oder Kinder mit langen Haaren haben allerdings meist mehr als nur Zopfgummis und Spangen. Ich habe mir einen Drahtb\u00fcgel geschnappt, diesen ein bisschen entgratet und an die Kanten zur Sicherheit auch bisschen Dekoklebeband drumgeklebt. Man m\u00f6chte sich ja nicht verletzen, gelle? Auf einer Seite wird der B\u00fcgel mittels Seitenschneider aufgeknipst und diese Stellen ebenso \u201egesichert\u201c, um Verletzungsgefahr zu vermeiden. Clips, Klammern, gr\u00f6\u00dfere Zopfgummis lassen sich leicht auff\u00e4deln, auch Haarb\u00e4nder sind dann schneller entnommen und aufgeh\u00e4ngt. Ein paar kleine s\u00fc\u00dfe Haken, die man oftmals mit Gardinenstangen kauft oder auch separat bekommt, veredeln das Ganze auch ein bisschen. <\/p>\n<p>\u2022Und da ich ein sehr bequemes Menschlein bin, habe ich noch einen \u201eHort\u201c f\u00fcr mein Stylingzeugs. Eine alte Jeans, die h\u00f6chstens f\u00fcr den Altkleidercontainer gut gewesen w\u00e4re, habe ich mir dann zur Seite gelegt. Davon werden die Beinteile abgeschnitten. Die sind \u00fcbrigens prima zur Verkleidung von Tabakdosen und anderem Zeugs geeignet. Das Popoteil wird unten zusammengen\u00e4ht. Ein wenig fetzig wird\u2019s aussehen, wenn man nach der Naht noch einen farbigen Faden mit einfachem Stich reinn\u00e4ht. An den \u00e4u\u00dferen G\u00fcrtelschlaufen wird das Ding an einen Drahtb\u00fcgel geh\u00e4ngt. In die Popstaschen passen Haarspray und andere Flaschen rein. An den vorderen Taschen passt ebenso einiges rein wie z. B. auch das Deo. Die G\u00fcrtelschlaufen halten prima Haarspangen und Haarnadeln. Zopfgummi wie oben beschrieben und siehe Bild  Der Gestaltungsfreiheit sind kaum Grenzen gesetzt. Gerade wenn man G\u00e4ste hat oder mehrere Menschen im Haushalt wohnen, kann man sich im Bad kaum lange aufhalten. Also wird nach der \u00fcblichen Morgenhygiene fix der B\u00fcgel mit dem ganzen Ged\u00f6ns geschnappt und in ein anderes Zimmer genommen. Einen Hand \u2013 oder Kosmetikspiegel findet sich sicher auch noch zum Aufstellen an und schon ist niemand gest\u00f6rt bzw. eingeschr\u00e4nkt.<\/p>\n<p><strong>Accessoires: <\/strong>Und da w\u00e4ren wir passenderweise bei G\u00fcrteln: Es gibt B\u00fcgel mit Haken oder man bringt Hakenleisten an, wie es auch Sonya Kraus in einem ihrer Videos zeigt. Nun gibt es eben auch G\u00fcrtel ohne Schnalle an denen man sie aufh\u00e4ngen k\u00f6nnte. Also gab es den Vorschlag mit Gardinenclips. Nicht \u00fcbel, aber vorsichtshalber ebenfalls mit einem kleinen St\u00fcck st\u00e4rkerem Papier anclipsen. H\u00e4ssliche Spuren bleiben n\u00e4mlich leider, so meine Erfahrung.<\/p>\n<p>M\u00fctzen, H\u00fcte, Schals, Handschuhe lassen sich in einem separaten Fach oder auch auf einer Ablage unterbringen. Werden sie f\u00fcr die Jahreszeit gebraucht, findet sich ein einem Flurschrank oder Garderobe immer ein Pl\u00e4tzchen. Ansonsten finden sie in Boxen und im Schrank Platz. <\/p>\n<p>H\u00fcte lassen sich allerdings sch\u00f6n in Szene setzen, Bascaps auch. Mag man sie nicht pr\u00e4sentieren, werden die Basecaps an der mit Klettverschluss versehenen Schlaufe am Hinterkopf auf Stangen oder an Haken h\u00e4ngen. <\/p>\n<div id=\"wp_fb_like_button\" style=\"margin:5px 0;float:none;height:100px;\"><script src=\"http:\/\/connect.facebook.net\/en_US\/all.js#xfbml=1\"><\/script><fb:like href=\"http:\/\/strubbelmiez.de\/index.php\/ordnung-ist-das-halbe-leben-aber-es-kann-weniger-brauchen\/wohin-mit-schmuck-und-accessoires\/\" send=\"true\" layout=\"standard\" width=\"450\" show_faces=\"true\" font=\"arial\" action=\"like\" colorscheme=\"light\"><\/fb:like><\/div>","protected":false},"excerpt":{"rendered":"<p>Weibchen ohne Schmuck sieht man ja selten. Dann gibt\u2019s auch noch Zeugs f\u00fcr Haare in H\u00fclle und F\u00fclle. Meine Sammlung ist nicht gerade gro\u00df und echten Schmuck habe ich ohnehin nicht, nur Modeschmuck f\u00fcn Appel und\u00b4n Ei. Es gibt nat\u00fcrlich Schmuckhalter in Form von H\u00e4nden, B\u00e4umen, Geweihe und nat\u00fcrlich Schmuckk\u00e4stchen, sogar ganze Schr\u00e4nkchen daf\u00fcr. Klar, &hellip; <a href=\"http:\/\/strubbelmiez.de\/index.php\/ordnung-ist-das-halbe-leben-aber-es-kann-weniger-brauchen\/wohin-mit-schmuck-und-accessoires\/\" class=\"more-link\"><span class=\"screen-reader-text\">Wohin mit Schmuck und Accessoires?<\/span> weiterlesen <span class=\"meta-nav\">&rarr;<\/span><\/a><\/p>\n","protected":false},"author":1,"featured_media":0,"parent":2954,"menu_order":6,"comment_status":"open","ping_status":"open","template":"","meta":{"jetpack_post_was_ever_published":false,"footnotes":""},"class_list":["post-3047","page","type-page","status-publish","hentry"],"jetpack_sharing_enabled":true,"jetpack_shortlink":"https:\/\/wp.me\/P2ijNL-N9","jetpack-related-posts":[],"_links":{"self":[{"href":"http:\/\/strubbelmiez.de\/index.php\/wp-json\/wp\/v2\/pages\/3047","targetHints":{"allow":["GET"]}}],"collection":[{"href":"http:\/\/strubbelmiez.de\/index.php\/wp-json\/wp\/v2\/pages"}],"about":[{"href":"http:\/\/strubbelmiez.de\/index.php\/wp-json\/wp\/v2\/types\/page"}],"author":[{"embeddable":true,"href":"http:\/\/strubbelmiez.de\/index.php\/wp-json\/wp\/v2\/users\/1"}],"replies":[{"embeddable":true,"href":"http:\/\/strubbelmiez.de\/index.php\/wp-json\/wp\/v2\/comments?post=3047"}],"version-history":[{"count":3,"href":"http:\/\/strubbelmiez.de\/index.php\/wp-json\/wp\/v2\/pages\/3047\/revisions"}],"predecessor-version":[{"id":3050,"href":"http:\/\/strubbelmiez.de\/index.php\/wp-json\/wp\/v2\/pages\/3047\/revisions\/3050"}],"up":[{"embeddable":true,"href":"http:\/\/strubbelmiez.de\/index.php\/wp-json\/wp\/v2\/pages\/2954"}],"wp:attachment":[{"href":"http:\/\/strubbelmiez.de\/index.php\/wp-json\/wp\/v2\/media?parent=3047"}],"curies":[{"name":"wp","href":"https:\/\/api.w.org\/{rel}","templated":true}]}}