{"id":3051,"date":"2015-05-12T16:35:49","date_gmt":"2015-05-12T14:35:49","guid":{"rendered":"http:\/\/strubbelmiez.de\/?page_id=3051"},"modified":"2015-05-12T16:35:49","modified_gmt":"2015-05-12T14:35:49","slug":"wohin-mit-verbandszeug-und-arzneimitteln","status":"publish","type":"page","link":"http:\/\/strubbelmiez.de\/index.php\/ordnung-ist-das-halbe-leben-aber-es-kann-weniger-brauchen\/wohin-mit-verbandszeug-und-arzneimitteln\/","title":{"rendered":"Wohin mit Verbandszeug und Arzneimitteln?"},"content":{"rendered":"<p>Dass diese feuchtigkeits- und lichtgesch\u00fctzt aufbewahrt werden sollen, d\u00fcrfte klar sein, darauf wird immer wieder hingewiesen. Es empfiehlt sich entweder ein Medizinschrank,  normaler H\u00e4ngeschrank, oder eine Schubikommode. Allerdings sollte mindestens ein Fach verschlie\u00dfbar sein, wenn Kinder im Haus sind. Schl\u00f6sser gibt\u2019s lose, gern auch von mir gegen Porto :lol:. Ich habe g\u00fcnstig (was sonst schweineteuer ist) einen Kunststoffrollcontainer mit leider nur 5 F\u00e4chern abgekauft. Hier habe ich alles verstaut. Hinein musste das Tens-Ger\u00e4t samt Zubeh\u00f6r, Bandagen, Schienen, Verbandszeug, W\u00e4rmeflasche und meine Medis passen. Ganz sch\u00f6n knapp, aber ich nehme ja nicht ewig so viele Medis und die Verbandsrollen habe ich gut \u201estapeln\u201c k\u00f6nnen. Hier helfen auch Margarine- oder Quarkbecher als Einteilung, am besten thematisch. Beispielsweise f\u00fcr Erk\u00e4ltungen. Vom Nasenspray bis zur Lutschpastille passt einiges in einen Becher. Auch f\u00fcr Hauterkrankungen oder kleinen Wunden sind die Salben gut im Becher verstaut.  Was ich im Alltag brauche, steht im Bad parat. Es gibt nun mal auch Salben, die man eben so gut wie t\u00e4glich anwenden muss und gleich nach dem Waschen auftragen, einziehen und evtl. antrocknen lassen, je nach dem und sich w\u00e4hrenddessen die Z\u00e4hne putzen. Dennoch sollte es ja vor Kindern und auch Licht gesch\u00fctzt aufbewahrt werden. Ich hatte das ja schon in etwa beim Flur angesprochen.<\/p>\n<p>Es wird auf manchen Webseiten zwar sogar empfohlen, das Ganze im Schlafzimmer aufzubewahren, weil das Klima dort besser sein sollte, aber halte ich pers\u00f6nlich f\u00fcr ung\u00fcnstig. Ich habe das auch w\u00e4hrend meiner T\u00e4tigkeit in Elternh\u00e4usern erlebt. Man muss also hier und da Hockstreckspr\u00fcnge veranstalten, um an Verbandsmaterial zu kommen, wenn etwas passiert ist. Nicht gut, wenn es mit der Wundversorgung, wie so oft schnell gehen soll. Ich  habe zum Verbandszeug auch eine kleine laminierte \u00dcbersicht \u00fcber das richtige Verhalten bei einer Verletzung. Ein zweit\u00fcriger Schrank ist auch eine gute L\u00f6sung. Eine Seite verschlie\u00dfen, wo Medikamente und andere f\u00fcr Kinder gef\u00e4hrliche Mittel sind und W\u00e4rmflasche nebst Verbandszeug auf die andere Seite, aber so hoch dass nur gr\u00f6\u00dfer Kinder herankommen, die reif genug sind, an den Verbandsschrank zu k\u00f6nnen. Denn auch sie m\u00fcssen sich auch mal selbst zu helfen wissen, wenn sie mal kurz allein sind. F\u00fcr Touren wird ein kleines Verbandp\u00e4ckchen separat aufbewahrt, um es schnell einstecken zu k\u00f6nnen, wenn es irgendwo hin losgehen soll. Der st\u00e4ndige Check auf Haltbarkeit und auch Vollst\u00e4ndigkeit ist unerl\u00e4sslich. Hierzu empfiehlt sich auch eine  kleine Liste mit allem Verbands- und Hilfsmittelzeug und mit dem Bleistift daneben eintragen, was wie oft da ist und was nachgekauft werden muss. Nach jeder Wundversorgung sollte man also am besten daran denken, das zu vermerken und nachzukaufen. <\/p>\n<p>Wer st\u00e4ndig Medikamente nehmen muss, hat sicher auch die Pillenkassetten f\u00fcr eine ganze Woche. Ich lege auch samstags oder sonntags vor. In einer kleinen Box mit einem Smiley hatte ich vorher die Medikamente drinnen, die ich t\u00e4glich brauche, bis ich den roten Container bekam. Ist ein Blister nach dem Vorlegen leer, wird der n\u00e4chste in die kleine Box parat gelegt. F\u00fcr unterwegs reicht eine kleine Pillendose oder vergleichbare Aufbewahrung, Hauptsache trocken, dunkel und kindersicher. K\u00fchlpads und K\u00f6rnerkissen sind immer im Gefrierfach. <\/p>\n<div id=\"wp_fb_like_button\" style=\"margin:5px 0;float:none;height:100px;\"><script src=\"http:\/\/connect.facebook.net\/en_US\/all.js#xfbml=1\"><\/script><fb:like href=\"http:\/\/strubbelmiez.de\/index.php\/ordnung-ist-das-halbe-leben-aber-es-kann-weniger-brauchen\/wohin-mit-verbandszeug-und-arzneimitteln\/\" send=\"true\" layout=\"standard\" width=\"450\" show_faces=\"true\" font=\"arial\" action=\"like\" colorscheme=\"light\"><\/fb:like><\/div>","protected":false},"excerpt":{"rendered":"<p>Dass diese feuchtigkeits- und lichtgesch\u00fctzt aufbewahrt werden sollen, d\u00fcrfte klar sein, darauf wird immer wieder hingewiesen. Es empfiehlt sich entweder ein Medizinschrank, normaler H\u00e4ngeschrank, oder eine Schubikommode. Allerdings sollte mindestens ein Fach verschlie\u00dfbar sein, wenn Kinder im Haus sind. Schl\u00f6sser gibt\u2019s lose, gern auch von mir gegen Porto :lol:. Ich habe g\u00fcnstig (was sonst schweineteuer &hellip; <a href=\"http:\/\/strubbelmiez.de\/index.php\/ordnung-ist-das-halbe-leben-aber-es-kann-weniger-brauchen\/wohin-mit-verbandszeug-und-arzneimitteln\/\" class=\"more-link\"><span class=\"screen-reader-text\">Wohin mit Verbandszeug und Arzneimitteln?<\/span> weiterlesen <span class=\"meta-nav\">&rarr;<\/span><\/a><\/p>\n","protected":false},"author":1,"featured_media":0,"parent":2954,"menu_order":7,"comment_status":"open","ping_status":"open","template":"","meta":{"jetpack_post_was_ever_published":false,"footnotes":""},"class_list":["post-3051","page","type-page","status-publish","hentry"],"jetpack_sharing_enabled":true,"jetpack_shortlink":"https:\/\/wp.me\/P2ijNL-Nd","jetpack-related-posts":[],"_links":{"self":[{"href":"http:\/\/strubbelmiez.de\/index.php\/wp-json\/wp\/v2\/pages\/3051","targetHints":{"allow":["GET"]}}],"collection":[{"href":"http:\/\/strubbelmiez.de\/index.php\/wp-json\/wp\/v2\/pages"}],"about":[{"href":"http:\/\/strubbelmiez.de\/index.php\/wp-json\/wp\/v2\/types\/page"}],"author":[{"embeddable":true,"href":"http:\/\/strubbelmiez.de\/index.php\/wp-json\/wp\/v2\/users\/1"}],"replies":[{"embeddable":true,"href":"http:\/\/strubbelmiez.de\/index.php\/wp-json\/wp\/v2\/comments?post=3051"}],"version-history":[{"count":1,"href":"http:\/\/strubbelmiez.de\/index.php\/wp-json\/wp\/v2\/pages\/3051\/revisions"}],"predecessor-version":[{"id":3052,"href":"http:\/\/strubbelmiez.de\/index.php\/wp-json\/wp\/v2\/pages\/3051\/revisions\/3052"}],"up":[{"embeddable":true,"href":"http:\/\/strubbelmiez.de\/index.php\/wp-json\/wp\/v2\/pages\/2954"}],"wp:attachment":[{"href":"http:\/\/strubbelmiez.de\/index.php\/wp-json\/wp\/v2\/media?parent=3051"}],"curies":[{"name":"wp","href":"https:\/\/api.w.org\/{rel}","templated":true}]}}