{"id":3055,"date":"2015-05-12T16:42:23","date_gmt":"2015-05-12T14:42:23","guid":{"rendered":"http:\/\/strubbelmiez.de\/?page_id=3055"},"modified":"2015-05-12T16:42:23","modified_gmt":"2015-05-12T14:42:23","slug":"wohin-mit-medien-und-technikzubehoer","status":"publish","type":"page","link":"http:\/\/strubbelmiez.de\/index.php\/ordnung-ist-das-halbe-leben-aber-es-kann-weniger-brauchen\/wohin-mit-medien-und-technikzubehoer\/","title":{"rendered":"Wohin mit Medien und Technikzubeh\u00f6r?"},"content":{"rendered":"<p>Musiksammlungen und Videos: Da ich noch Kassetten habe und nicht zu knapp, horte ich die ja in Schubladenteilchen daf\u00fcr. Schwarz und buchefarben im Wechsel gestapelt sieht es nicht nur ordentlich, sondern auch ein bisschen erfrischend aus. Ebenso auch K\u00e4sten f\u00fcr Videokassetten. Allerdings habe ich da einige schon auf DVD retten k\u00f6nnen und somit konnte eine Lade schon weg. DVD\u00b4s und Musike haben bei mir in einzelnen CD-T\u00fcrmen Platz. Ich hatte mal einen sehr gro\u00dfen CD-St\u00e4nder, aber leider fielen viele laufend hinten raus, sobald ich mal dran kam. Zwei St\u00e4nder bekam ich geschenkt, eine hatte ich bereits damals f\u00fcr Software und Datenrettung und nun kam noch eine f\u00fcr einen Zehner dazu. Passt \ud83d\ude00 was nicht reinpasste und eh selten geh\u00f6rt oder geguckt wird, hat in h\u00fcbschen beschrifteten Kistchen Platz. Ich bin in vielerlei Hinsicht pedantisch, also wurde nicht nur nach Musikrichtung sortiert, sondern auch alphabetisch, aber grob. Und auch beim S\u00e4ubern wird zwischendurch aussortiert, was nichts mehr ist. Ich habe auch noch Schallplatten, die ich im Leben nicht weggeben m\u00f6chte und auch gelegentlich noch abspiele. Und hier kommt noch mal der Part \u201eecht gute Wurst\u201c, denn die Platten passen ebenfalls bequem in die Verpackung, die ja wie ein Stehsammler aussieht. <\/p>\n<p>Technik: Audio-Video-, Telefon- und Handyzubeh\u00f6r wie auch PC-Zeug habe ich in einen Schubladencontainer gepackt. Sch\u00f6n thematisch passend und etikettiert. So findet sich alles fix wieder. Auch hier wird m\u00f6glichst am Tage der Zimmerreinigung aussortiert oder wenn der Fimmel wieder da ist. Jedes T\u00fctchen wird auch beschriftet, um den Inhalt ohne Auspacken zu finden. Bei Pinterest finden sich nat\u00fcrlich weitere Ideen. Recht praktisch und kostenlos sind gerollte Kabel in einer Klopapierpapprolle mit Beschriftung.  Das geht dann auch in  h\u00fcbschen Dekoboxen mit entsprechender Beschriftung und die k\u00f6nnen sich dann ebenso sehen lassen. <\/p>\n<div id=\"wp_fb_like_button\" style=\"margin:5px 0;float:none;height:100px;\"><script src=\"http:\/\/connect.facebook.net\/en_US\/all.js#xfbml=1\"><\/script><fb:like href=\"http:\/\/strubbelmiez.de\/index.php\/ordnung-ist-das-halbe-leben-aber-es-kann-weniger-brauchen\/wohin-mit-medien-und-technikzubehoer\/\" send=\"true\" layout=\"standard\" width=\"450\" show_faces=\"true\" font=\"arial\" action=\"like\" colorscheme=\"light\"><\/fb:like><\/div>","protected":false},"excerpt":{"rendered":"<p>Musiksammlungen und Videos: Da ich noch Kassetten habe und nicht zu knapp, horte ich die ja in Schubladenteilchen daf\u00fcr. Schwarz und buchefarben im Wechsel gestapelt sieht es nicht nur ordentlich, sondern auch ein bisschen erfrischend aus. Ebenso auch K\u00e4sten f\u00fcr Videokassetten. Allerdings habe ich da einige schon auf DVD retten k\u00f6nnen und somit konnte eine &hellip; <a href=\"http:\/\/strubbelmiez.de\/index.php\/ordnung-ist-das-halbe-leben-aber-es-kann-weniger-brauchen\/wohin-mit-medien-und-technikzubehoer\/\" class=\"more-link\"><span class=\"screen-reader-text\">Wohin mit Medien und Technikzubeh\u00f6r?<\/span> weiterlesen <span class=\"meta-nav\">&rarr;<\/span><\/a><\/p>\n","protected":false},"author":1,"featured_media":0,"parent":2954,"menu_order":9,"comment_status":"open","ping_status":"open","template":"","meta":{"jetpack_post_was_ever_published":false,"footnotes":""},"class_list":["post-3055","page","type-page","status-publish","hentry"],"jetpack_sharing_enabled":true,"jetpack_shortlink":"https:\/\/wp.me\/P2ijNL-Nh","jetpack-related-posts":[],"_links":{"self":[{"href":"http:\/\/strubbelmiez.de\/index.php\/wp-json\/wp\/v2\/pages\/3055","targetHints":{"allow":["GET"]}}],"collection":[{"href":"http:\/\/strubbelmiez.de\/index.php\/wp-json\/wp\/v2\/pages"}],"about":[{"href":"http:\/\/strubbelmiez.de\/index.php\/wp-json\/wp\/v2\/types\/page"}],"author":[{"embeddable":true,"href":"http:\/\/strubbelmiez.de\/index.php\/wp-json\/wp\/v2\/users\/1"}],"replies":[{"embeddable":true,"href":"http:\/\/strubbelmiez.de\/index.php\/wp-json\/wp\/v2\/comments?post=3055"}],"version-history":[{"count":1,"href":"http:\/\/strubbelmiez.de\/index.php\/wp-json\/wp\/v2\/pages\/3055\/revisions"}],"predecessor-version":[{"id":3056,"href":"http:\/\/strubbelmiez.de\/index.php\/wp-json\/wp\/v2\/pages\/3055\/revisions\/3056"}],"up":[{"embeddable":true,"href":"http:\/\/strubbelmiez.de\/index.php\/wp-json\/wp\/v2\/pages\/2954"}],"wp:attachment":[{"href":"http:\/\/strubbelmiez.de\/index.php\/wp-json\/wp\/v2\/media?parent=3055"}],"curies":[{"name":"wp","href":"https:\/\/api.w.org\/{rel}","templated":true}]}}