{"id":3057,"date":"2015-05-12T16:44:05","date_gmt":"2015-05-12T14:44:05","guid":{"rendered":"http:\/\/strubbelmiez.de\/?page_id=3057"},"modified":"2015-05-12T16:44:05","modified_gmt":"2015-05-12T14:44:05","slug":"wohin-mit-den-putzutensilien-und-reinigungsmitteln","status":"publish","type":"page","link":"http:\/\/strubbelmiez.de\/index.php\/ordnung-ist-das-halbe-leben-aber-es-kann-weniger-brauchen\/wohin-mit-den-putzutensilien-und-reinigungsmitteln\/","title":{"rendered":"Wohin mit den Putzutensilien und Reinigungsmitteln?"},"content":{"rendered":"<p>Oh, leidiges Thema, hm? Aber notwendig, M\u00e4dels und Jungs. Wir brauchen \u00fcberall Putzmittel, seien es auch wenige, aber wir wollen sie immer fix zur Hand und schnell wieder wegger\u00e4umt haben und dann soll auch noch die Ordnung erhalten bleiben. Was bietet sich an? Ich sah in einem anderen Blog auch etliche Tipps, vom Eckkleiderschrank, aber ohne Regalteile oder ganze Systeme mit Hochschrank. Wer nicht die dicke Kohle hat, wird weiter davon tr\u00e4umen m\u00fcssen oder Gl\u00fcck  haben, g\u00fcnstig oder gar kostenlos etwas aus zweiter Hand zu kriegen. Ich habe einen ganz schmalen Garderobenschrank \u201eertauscht\u201c, in dem eine flexible B\u00fcgelstange drinnen war. Mangels handwerklichen Geschicks habe ich leider keine Einlegeb\u00f6den daf\u00fcr, die ich aus alten Brettern h\u00e4tte s\u00e4gen k\u00f6nnen. Aber ein altes schmales Haushaltsregal passte hinein und dann wird sch\u00f6n thematisch sortiert. Fensterputzzeug in ein Fach, spezielle Reinigungsmittel z. B. f\u00fcr Schmuck in ein weiteres Fach und so weiter. Ein Griff und ich habe es parat. Kunststoffschalen oder \u00e4hnliches sind da recht praktisch. Einmal alles damit rausnehmen, putzen, zur\u00fcck in die Schale und ab in den Schrank. Es gibt auch die flotte Idee, die Flaschen am Spr\u00fchknopf anzuh\u00e4ngen. Wie viele Spr\u00fchflaschen hat man denn so? Auf etlichen Bildern f\u00fcr solche Tipps h\u00e4ngen so viele Putzmittelflaschen an den ausziehbaren Unterschrankregalen. F\u00fcrs Fensterputzen und Fu\u00dfboden reicht Klarsp\u00fcler, f\u00fcrs Wischwasser geht nat\u00fcrlich auch normales Sp\u00fclmittel, denn das teure Markenzeug kann man sich sparen. Besen oder Kehrer in den dollsten Ausf\u00fchrungen, Wischm\u00f6ppe in allen m\u00f6glichen Varianten gibt\u2019s ja in fast jedem Gesch\u00e4ft. Bei mir ist alles einfach gehalten, reicht aus. Dann die oben genannten Microfaserlappen f\u00fcr jeweiliges Zimmer und einen etwas sch\u00e4rferen Reiniger, falls es doch mal arg ist mit Fett und Kalk. Putzratzefummel wirken laut Angeboten und Artikeln Wunder, mir muss es entgangen sein, sei es drum, war ja nicht teuer. Die Zweckentfremdung ist wirksamer und zwar zur Aufbewahrung von Nadeln, wenn man kein Nadelkissen hat. <\/p>\n<div id=\"wp_fb_like_button\" style=\"margin:5px 0;float:none;height:100px;\"><script src=\"http:\/\/connect.facebook.net\/en_US\/all.js#xfbml=1\"><\/script><fb:like href=\"http:\/\/strubbelmiez.de\/index.php\/ordnung-ist-das-halbe-leben-aber-es-kann-weniger-brauchen\/wohin-mit-den-putzutensilien-und-reinigungsmitteln\/\" send=\"true\" layout=\"standard\" width=\"450\" show_faces=\"true\" font=\"arial\" action=\"like\" colorscheme=\"light\"><\/fb:like><\/div>","protected":false},"excerpt":{"rendered":"<p>Oh, leidiges Thema, hm? Aber notwendig, M\u00e4dels und Jungs. Wir brauchen \u00fcberall Putzmittel, seien es auch wenige, aber wir wollen sie immer fix zur Hand und schnell wieder wegger\u00e4umt haben und dann soll auch noch die Ordnung erhalten bleiben. Was bietet sich an? Ich sah in einem anderen Blog auch etliche Tipps, vom Eckkleiderschrank, aber &hellip; <a href=\"http:\/\/strubbelmiez.de\/index.php\/ordnung-ist-das-halbe-leben-aber-es-kann-weniger-brauchen\/wohin-mit-den-putzutensilien-und-reinigungsmitteln\/\" class=\"more-link\"><span class=\"screen-reader-text\">Wohin mit den Putzutensilien und Reinigungsmitteln?<\/span> weiterlesen <span class=\"meta-nav\">&rarr;<\/span><\/a><\/p>\n","protected":false},"author":1,"featured_media":0,"parent":2954,"menu_order":9,"comment_status":"open","ping_status":"open","template":"","meta":{"jetpack_post_was_ever_published":false,"footnotes":""},"class_list":["post-3057","page","type-page","status-publish","hentry"],"jetpack_sharing_enabled":true,"jetpack_shortlink":"https:\/\/wp.me\/P2ijNL-Nj","jetpack-related-posts":[],"_links":{"self":[{"href":"http:\/\/strubbelmiez.de\/index.php\/wp-json\/wp\/v2\/pages\/3057","targetHints":{"allow":["GET"]}}],"collection":[{"href":"http:\/\/strubbelmiez.de\/index.php\/wp-json\/wp\/v2\/pages"}],"about":[{"href":"http:\/\/strubbelmiez.de\/index.php\/wp-json\/wp\/v2\/types\/page"}],"author":[{"embeddable":true,"href":"http:\/\/strubbelmiez.de\/index.php\/wp-json\/wp\/v2\/users\/1"}],"replies":[{"embeddable":true,"href":"http:\/\/strubbelmiez.de\/index.php\/wp-json\/wp\/v2\/comments?post=3057"}],"version-history":[{"count":1,"href":"http:\/\/strubbelmiez.de\/index.php\/wp-json\/wp\/v2\/pages\/3057\/revisions"}],"predecessor-version":[{"id":3058,"href":"http:\/\/strubbelmiez.de\/index.php\/wp-json\/wp\/v2\/pages\/3057\/revisions\/3058"}],"up":[{"embeddable":true,"href":"http:\/\/strubbelmiez.de\/index.php\/wp-json\/wp\/v2\/pages\/2954"}],"wp:attachment":[{"href":"http:\/\/strubbelmiez.de\/index.php\/wp-json\/wp\/v2\/media?parent=3057"}],"curies":[{"name":"wp","href":"https:\/\/api.w.org\/{rel}","templated":true}]}}