{"id":3061,"date":"2015-05-12T17:02:16","date_gmt":"2015-05-12T15:02:16","guid":{"rendered":"http:\/\/strubbelmiez.de\/?page_id=3061"},"modified":"2015-05-12T17:02:16","modified_gmt":"2015-05-12T15:02:16","slug":"wohin-mit-geschirr-und-besteck","status":"publish","type":"page","link":"http:\/\/strubbelmiez.de\/index.php\/ordnung-ist-das-halbe-leben-aber-es-kann-weniger-brauchen\/wohin-mit-geschirr-und-besteck\/","title":{"rendered":"Wohin mit Geschirr und Besteck?"},"content":{"rendered":"<p>Ich h\u00f6re schon die Stimmen \u201ena in die Besteckschublade, wohin sonst?\u201c Klar, geht auch und ist oft unvermeidbar. Aber auch der Platz f\u00fcr Schr\u00e4nke und Regale ist begrenzt, vor allem in den meisten 1-2-Raumwohnungen, wo die vom Vermieter bezeichnete K\u00fcche eher eine begehbare Vorratskammer ist und eher f\u00fcr ein B\u00fcro als Teek\u00fcche herhalten k\u00f6nnte.<\/p>\n<p>* Es gibt auch kleine Schubladencontainerchen f\u00fcr Kleinkram und da habe ich mein Alltagsbesteck drinnen. Im Buffet ist leider gerade mal eine Schublade und da sind schon Gem\u00fcse- und Brotmesser nebst allem Zubeh\u00f6r zum Schnibbeln.<\/p>\n<p>\u2022 Ich habe ein einfaches Regalbrett aus dem Baumarkt f\u00fcr Tee, Kaffee, Zucker etc. an der Wand und auf der Regalunterseite sind Haken f\u00fcr die Kaffeep\u00f6tte. Auf die Tassen bin ich stolz. Teilweise bekam ich sie geschenkt und teilweise habe ich sie aufgrund der witzigen Motive und Spr\u00fcche selbst gekauft.<\/p>\n<p>\u2022 Das edle Geschirr, welches ich mal geschenkt bekam, habe ich in einem Kofferschrank. Das edle Besteck habe ich in der Schublade des Kofferschranks und das allt\u00e4gliche Besteck in einem kleinen Schubladenk\u00e4stchen mit 3 F\u00e4chern untergebracht, dann m\u00fcssen Messer und Gabel eben in ein Fach, das ist ok. Alles, womit ich Festtafeln decke, ist im Kofferschrank in der K\u00fcche und am liebsten h\u00e4tte ich den gern schr\u00e4g in einer Ecke im Wohnzimmer und bei Feierlichkeiten offen, damit sich jeder das nehmen kann, was er an Geschirr und Besteck gerade braucht. Einfach eine offene Besteckschublade und man ist als Gastgeber auch ein St\u00fcck entlastet. In den Seitenteilen des Schrankes sind kleine Regale, in denen der Becher mit Spieksern, Shakebecher, Trinkhalme, Platzteller und anderes einsortiert. Macht sich prima, wenn auch in der K\u00fcche, denn wie oft muss ich da ran, wenn ich selten viele G\u00e4ste habe?<\/p>\n<p>\u2022 F\u00fcr Tassen und Teller gibt es auch so genannte \u201eStapler\u201c, besonders bei den kleinen Kaffeetassen, bei denen gerade mal 2 Tassen \u00fcbereinander stabil bleiben. Mit dem nicht ganz preiswerten Stapler passen 6 Tassen sicher \u00fcbereinander. Auch f\u00fcr Teller gibt es Stapler. Klasse sind nat\u00fcrlich auch die aus dem Gastronomiebereich. F\u00fcr meinen kleinen Haushalt mit meist h\u00f6chstens 3-5 G\u00e4sten reicht ein Dings aus Kusntstoff und ein H\u00e4ngerchen f\u00fcr Gl\u00e4ser und Espressotassen. Alles wie beim Tetris eingepasst und jede Fachh\u00f6he optimal ausgenutzt.<\/p>\n<p>\u2022 So geht es auch bei T\u00f6pfen mit Kratzschutzscheiben aus weichem Fleece, bei Mikrowellengeschirr, Zubeh\u00f6r f\u00fcr Reisen wie Thermoskanne, gro\u00dfe Warmhalteschale und auch Brotb\u00fcchsen. Alles sch\u00f6n gestapelt, das war mir das Geld wert. Trinkbecher f\u00fcr unterwegs oder bei Grilltreffen sind immer in einer Schublade f\u00fcr Reisen oder Party drau\u00dfen griffbereit, gleich neben der kleinen Isoliertasche. 2 Thermokaffeebecher haben sich nicht nur bei Reisen bew\u00e4hrt, sondern auch bei Schulungen, wenn der Kaffee aus dem Automaten so \u00fcberteuert ist, also Thermoskanne und die verschlie\u00dfbare Tasse und alles ist gut. Pappteller sollten am besten auch immer parat sein, allerdings vergess ich oft sie nachzukaufen. Gerade bei Kindern ist die Sauerei oft zu gro\u00df und viele Dinge schnell kaputt. Noch heute habe ich Kleinkindergeschirr und eine entf\u00fchrte Schnabeltasse. Ist eh mitbezahlt.<\/p>\n<div id=\"wp_fb_like_button\" style=\"margin:5px 0;float:none;height:100px;\"><script src=\"http:\/\/connect.facebook.net\/en_US\/all.js#xfbml=1\"><\/script><fb:like href=\"http:\/\/strubbelmiez.de\/index.php\/ordnung-ist-das-halbe-leben-aber-es-kann-weniger-brauchen\/wohin-mit-geschirr-und-besteck\/\" send=\"true\" layout=\"standard\" width=\"450\" show_faces=\"true\" font=\"arial\" action=\"like\" colorscheme=\"light\"><\/fb:like><\/div>","protected":false},"excerpt":{"rendered":"<p>Ich h\u00f6re schon die Stimmen \u201ena in die Besteckschublade, wohin sonst?\u201c Klar, geht auch und ist oft unvermeidbar. Aber auch der Platz f\u00fcr Schr\u00e4nke und Regale ist begrenzt, vor allem in den meisten 1-2-Raumwohnungen, wo die vom Vermieter bezeichnete K\u00fcche eher eine begehbare Vorratskammer ist und eher f\u00fcr ein B\u00fcro als Teek\u00fcche herhalten k\u00f6nnte. * &hellip; <a href=\"http:\/\/strubbelmiez.de\/index.php\/ordnung-ist-das-halbe-leben-aber-es-kann-weniger-brauchen\/wohin-mit-geschirr-und-besteck\/\" class=\"more-link\"><span class=\"screen-reader-text\">Wohin mit Geschirr und Besteck?<\/span> weiterlesen <span class=\"meta-nav\">&rarr;<\/span><\/a><\/p>\n","protected":false},"author":1,"featured_media":0,"parent":2954,"menu_order":11,"comment_status":"open","ping_status":"open","template":"","meta":{"jetpack_post_was_ever_published":false,"footnotes":""},"class_list":["post-3061","page","type-page","status-publish","hentry"],"jetpack_sharing_enabled":true,"jetpack_shortlink":"https:\/\/wp.me\/P2ijNL-Nn","jetpack-related-posts":[],"_links":{"self":[{"href":"http:\/\/strubbelmiez.de\/index.php\/wp-json\/wp\/v2\/pages\/3061","targetHints":{"allow":["GET"]}}],"collection":[{"href":"http:\/\/strubbelmiez.de\/index.php\/wp-json\/wp\/v2\/pages"}],"about":[{"href":"http:\/\/strubbelmiez.de\/index.php\/wp-json\/wp\/v2\/types\/page"}],"author":[{"embeddable":true,"href":"http:\/\/strubbelmiez.de\/index.php\/wp-json\/wp\/v2\/users\/1"}],"replies":[{"embeddable":true,"href":"http:\/\/strubbelmiez.de\/index.php\/wp-json\/wp\/v2\/comments?post=3061"}],"version-history":[{"count":1,"href":"http:\/\/strubbelmiez.de\/index.php\/wp-json\/wp\/v2\/pages\/3061\/revisions"}],"predecessor-version":[{"id":3062,"href":"http:\/\/strubbelmiez.de\/index.php\/wp-json\/wp\/v2\/pages\/3061\/revisions\/3062"}],"up":[{"embeddable":true,"href":"http:\/\/strubbelmiez.de\/index.php\/wp-json\/wp\/v2\/pages\/2954"}],"wp:attachment":[{"href":"http:\/\/strubbelmiez.de\/index.php\/wp-json\/wp\/v2\/media?parent=3061"}],"curies":[{"name":"wp","href":"https:\/\/api.w.org\/{rel}","templated":true}]}}