{"id":3075,"date":"2015-05-12T18:11:15","date_gmt":"2015-05-12T16:11:15","guid":{"rendered":"http:\/\/strubbelmiez.de\/?page_id=3075"},"modified":"2015-05-12T18:12:51","modified_gmt":"2015-05-12T16:12:51","slug":"und-hier-noch-mehr-organisatorisches","status":"publish","type":"page","link":"http:\/\/strubbelmiez.de\/index.php\/ordnung-ist-das-halbe-leben-aber-es-kann-weniger-brauchen\/und-hier-noch-mehr-organisatorisches\/","title":{"rendered":"und hier noch mehr &#8222;Organisatorisches&#8220;"},"content":{"rendered":"<p><strong>\u201eWenn einer eine Reise tut\u2026 \u201e \u2026.dann tut er tuten tun. <\/strong> Scherz \ud83d\ude00  Wenn ich f\u00fcr eine Tour plane oder ein Aufenthalt im KH ansteht, m\u00f6chte man am liebsten lospacken, um ja nichts zu vergessen. Allerdings wissen wir, dass es f\u00fcr die Kleidung nicht bestens ist, wenn sie tagelang in der Tasche vor sich \u201ehindampft\u201c und knittert, wenn alles dicht gepackt und selbst wenn die Tasche noch offen ist. Auf den Rollicontainer mit den Reisetaschen und Zubeh\u00f6r habe ich schon meine Klamottenstapel parat und die Waschtasche h\u00e4ngt daneben. <\/p>\n<p>Und damit wir wirklich nichts vergessen, gibt\u2019s z. B. etliche Checklisten f\u00fcr Aufenthalte und Urlaub. F\u00fcr Krankenhausaufenthalte bieten Krankenkassen, Kliniken und andere Webseiten Vorlagen an. Ich habe mir alles zusammengetragen, ausgedruckt und laminiert und es h\u00e4ngt neben dem ganzen Reisezeug. Es gibt wasserfeste Stifte, die auch einen Radiergummi am Ende haben, damit sich die Schrift zwar nicht durch Wasser l\u00f6st, sondern wegradiert werden kann. Also kann beim Einpacken abgehakt und nachgepackt werden. Zur Checkliste geh\u00f6ren auch die Vorbereitungen wie n\u00f6tige Papiere besorgen, evtl. Betreuung f\u00fcr Kinder und\/ oder Tiere organisieren, Blumen gie\u00dfen, noch mal Rundgang durch die H\u00fctte und das l\u00e4ngerfristig, Hygieneartikel etc. nachkaufen, wenn es knapp wird. Auch das wird auf der Checkliste notiert. Zu Laptop, Handy und Elektrozahnb\u00fcrste m\u00fcssen die Ladeger\u00e4te dazu. Und mindestens Handy und Zahnb\u00fcrste mit jeweiligem Ladeger\u00e4t nutzen wir ja noch bis zur Abreise. <\/p>\n<p>Praktisch ist also eine Waschtasche, die sich aufh\u00e4ngen l\u00e4sst und mehrere F\u00e4cher hat. Ruckzuck ist sie bei Bedarf eingerollt und in der Tasche. Ein bisschen eng wird es, wenn wir normal gro\u00dfe Tuben mit Zahnpasta, Duschgelflaschen etc. in die Waschtasche kriegen wollen, selbst wenn jeder seine Wasch- oder \u201eKulturtasche\u201c hat. Ich habe mich schon weit vorher um Pr\u00f6bchen gek\u00fcmmert und ein bisschen Waschpulver und Fleckenzeugs habe ich auch in einen kleinen Beh\u00e4lter umgef\u00fcllt. Manche Proben sind kostenlos, andere nicht. Und aufpassen, dass die Probe pro ml nicht teurer ist als eine normale Packung. Auch solche Fallen gibt es. In etwas gr\u00f6\u00dfere \u00dcberraschungseier k\u00f6nnen beispielsweise Tampons, Ohrenst\u00e4bchen oder anderes Kleinzeug hinein. Ihr werdet lachen, dass ich immer ein paar ganz neue Ohrst\u00f6psel mitnehme. Die sind vorsichtshalber f\u00fcr Zimmerkameradinnen im KH \ud83d\ude06 und es hat sich schon bew\u00e4hrt. Oftmals brauche ich meine eigenen auch. Wirklich gut sind die Ohrst\u00f6psel, die die meisten M\u00e4nner auf ihrer Arbeit bekommen. Die passen sich besser an als die teuren Markenartikel. In \u00dc-Eierh\u00fclsen bekommt man auch etwas Kleinkram wie Ohrenst\u00f6psel hinein. Wenn man die F\u00e4cher der Waschtasche sch\u00f6n thematisch einteilt, kann nichts vergessen und durcheinandergebracht werden, also w\u00e4re Fach 1 beispielsweise f\u00fcr die Mundpflege, das 2. Fach die Haarpflege, bei M\u00e4nnern gleich mal das Duschgel dazu, wenn sie keinen Haarschmuck brauchen \ud83d\ude09 und immer so weiter und so fort, wie man es f\u00fcr sich am leichtesten findet. Kleine Faustformel beim Einpacken. Lieber eine etwas gr\u00f6\u00dfere Reisetasche nehmen, denn auf den R\u00fccktouren kann schnell Gep\u00e4ck dazukommen und Schmutzw\u00e4sche, die ja extra in einem T\u00fctchen in den Koffer kommen, legt man ja kaum so sorgsam zusammen wie die frische W\u00e4sche, stimmts? Au\u00dferdem kauft man sich hier und da auch Souvenirs oder Klamotten. Und achtet bei Auslandsreisen an die Bestimmungen f\u00fcr die \u201eEinfuhr\u201c, sonst kann es teuer werden. Kleine Zippert\u00fcten f\u00fcr die vorgeschriebenen Maximalmengen sind preiswerter als die mit dem Aufdruck f\u00fcr den ganzen Plunder. <\/p>\n<div id=\"wp_fb_like_button\" style=\"margin:5px 0;float:none;height:100px;\"><script src=\"http:\/\/connect.facebook.net\/en_US\/all.js#xfbml=1\"><\/script><fb:like href=\"http:\/\/strubbelmiez.de\/index.php\/ordnung-ist-das-halbe-leben-aber-es-kann-weniger-brauchen\/und-hier-noch-mehr-organisatorisches\/\" send=\"true\" layout=\"standard\" width=\"450\" show_faces=\"true\" font=\"arial\" action=\"like\" colorscheme=\"light\"><\/fb:like><\/div>","protected":false},"excerpt":{"rendered":"<p>\u201eWenn einer eine Reise tut\u2026 \u201e \u2026.dann tut er tuten tun. Scherz \ud83d\ude00 Wenn ich f\u00fcr eine Tour plane oder ein Aufenthalt im KH ansteht, m\u00f6chte man am liebsten lospacken, um ja nichts zu vergessen. Allerdings wissen wir, dass es f\u00fcr die Kleidung nicht bestens ist, wenn sie tagelang in der Tasche vor sich \u201ehindampft\u201c &hellip; <a href=\"http:\/\/strubbelmiez.de\/index.php\/ordnung-ist-das-halbe-leben-aber-es-kann-weniger-brauchen\/und-hier-noch-mehr-organisatorisches\/\" class=\"more-link\"><span class=\"screen-reader-text\">und hier noch mehr &#8222;Organisatorisches&#8220;<\/span> weiterlesen <span class=\"meta-nav\">&rarr;<\/span><\/a><\/p>\n","protected":false},"author":1,"featured_media":0,"parent":2954,"menu_order":18,"comment_status":"open","ping_status":"open","template":"","meta":{"jetpack_post_was_ever_published":false,"footnotes":""},"class_list":["post-3075","page","type-page","status-publish","hentry"],"jetpack_sharing_enabled":true,"jetpack_shortlink":"https:\/\/wp.me\/P2ijNL-NB","jetpack-related-posts":[],"_links":{"self":[{"href":"http:\/\/strubbelmiez.de\/index.php\/wp-json\/wp\/v2\/pages\/3075","targetHints":{"allow":["GET"]}}],"collection":[{"href":"http:\/\/strubbelmiez.de\/index.php\/wp-json\/wp\/v2\/pages"}],"about":[{"href":"http:\/\/strubbelmiez.de\/index.php\/wp-json\/wp\/v2\/types\/page"}],"author":[{"embeddable":true,"href":"http:\/\/strubbelmiez.de\/index.php\/wp-json\/wp\/v2\/users\/1"}],"replies":[{"embeddable":true,"href":"http:\/\/strubbelmiez.de\/index.php\/wp-json\/wp\/v2\/comments?post=3075"}],"version-history":[{"count":1,"href":"http:\/\/strubbelmiez.de\/index.php\/wp-json\/wp\/v2\/pages\/3075\/revisions"}],"predecessor-version":[{"id":3076,"href":"http:\/\/strubbelmiez.de\/index.php\/wp-json\/wp\/v2\/pages\/3075\/revisions\/3076"}],"up":[{"embeddable":true,"href":"http:\/\/strubbelmiez.de\/index.php\/wp-json\/wp\/v2\/pages\/2954"}],"wp:attachment":[{"href":"http:\/\/strubbelmiez.de\/index.php\/wp-json\/wp\/v2\/media?parent=3075"}],"curies":[{"name":"wp","href":"https:\/\/api.w.org\/{rel}","templated":true}]}}