{"id":3082,"date":"2015-05-12T18:23:29","date_gmt":"2015-05-12T16:23:29","guid":{"rendered":"http:\/\/strubbelmiez.de\/?page_id=3082"},"modified":"2015-05-12T18:23:29","modified_gmt":"2015-05-12T16:23:29","slug":"ob-man-mich-so-als-ob-gewaehlt-haette","status":"publish","type":"page","link":"http:\/\/strubbelmiez.de\/index.php\/hausweibchenbefindlichkeiten\/ob-man-mich-so-als-ob-gewaehlt-haette\/","title":{"rendered":"Ob man mich so als OB gew\u00e4hlt h\u00e4tte?"},"content":{"rendered":"<p>Sehr geehrte B\u00fcrger und so weiter\u2026<\/p>\n<p>Seit einiger Zeit wird auf verschiedene Art ein neuer OB gesucht. Hier bin ich, als erste Gegenkandidatin!<\/p>\n<p>Ich besitze die zauberhafte F\u00e4higkeit, Tagtr\u00e4ume zu haben und mein Ego durch Abgucken vom amtierenden \u201cLehrer\u201d auf verschiedene Art zu pushen. Weiterhin habe ich seit meinem Umzug hierher gelernt, bedarfsharmlos  zustimmend zu l\u00e4cheln und warme Worte zu bringen. Bedarfsgerechte Ignoranz z\u00e4hlt ebenso zu meinen vielen hinzugewonnenen St\u00e4rken. Au\u00dferdem bin ich wirklich parteilos und kann mich seit meiner Einb\u00fcrgerung und fast gelungenen Integration in dieser Region den Klagen der B\u00fcrger anpassen, auch wenn sie sich nicht mit meinen decken.<\/p>\n<p>Zurzeit lerne ich Zahlen sch\u00f6nrechnen und sehe hier weiteres Potenzial. Als so genannter Ghostwriter habe ich meine Qualit\u00e4ten mit blumigen Artikeln auf Werbeweb- und Katalogseiten bereits trainiert und mehrfach erfolgreich angewendet. Ich werde somit auch die Zeitungsecken f\u00fcllen k\u00f6nnen.<\/p>\n<p>Als f\u00fchrerscheinlose und somit umweltfreundlich reisende Person kann ich von vornherein jegliche Dienstwagenaff\u00e4ren ausschlie\u00dfen.<\/p>\n<p>Mein Prestige-Objekt soll eine Seilbahn \u00fcber der Stadt sein. Die Seilbahngondeln werden mit Ohrensesseln  ausgestattet. Ein vermeintlicher Nachteil wird die geringe Sitzplatzanzahl sein, da gegen\u00fcber der Sitze Platz f\u00fcr Rollatoren etc. gehalten werden m\u00fcssen. Die bereits vorhandenen Helfer werden hierzu auch Vitamingetr\u00e4nke (auf Wunsch auch in Schnabeltassen) und M\u00fcsli in verschiedener Konsistenz reichen. Da unsere hiermit bedachte Zielgruppe \u00fcber gen\u00fcgend Zeit verf\u00fcgt, wird w\u00e4hrend der Wartezeit an den Haltestellen passende Musik gespielt. Unsere evtl. noch \u00fcbrige j\u00fcngere Generation wird auf das bislang vorhandene Angebot verwiesen. In den Wohngebieten werden einige Freib\u00e4der entstehen, wo es ganzt\u00e4gig Seniorenschwimmangebote geben wird. Die evtl. noch \u00fcbrige junge Generation soll selbstverst\u00e4ndlich auch noch Perspektiven erhalten und wird die Versorgung mit Drinks und Plansch-Zubeh\u00f6r \u00fcbernehmen. Um dieses zu wahnsinnig sozialen Preisen anzubieten, werden die Kr\u00e4fte weiterhin mit orts\u00fcblichen Stundens\u00e4tzen von 1-3 Eur\/ Std. abgespeist, da es sich  bislang offensichtlich und nachweisbar  sehr gut bew\u00e4hrt hat. Die Fluktuation bringt den Nutzern die Abwechslung ins Spiel.<\/p>\n<p>Die Anlaufstelle f\u00fcr B\u00fcrgeranfragen wird wegen erheblicher einseitiger Sparma\u00dfnahmen und Desinteresse in die noch freien Gewerbefl\u00e4chen verlegt. Meine permanent warmen Worte wird mein junger Sekret\u00e4r im Dauerpraktikum per Mail \u00fcbermitteln.<\/p>\n<p>Da ein gr\u00f6\u00dferes und ausf\u00fchrliches Konzept nur wenig lohnt, verbleibe ich vorerst hierbei.<\/p>\n<p>Meine Kandidatenlosung hei\u00dft: \u201eEs bleibt nicht wie immer \u2013 ich kann auch schlimmer\u201c. In diesem Sinne \u2026<\/p>\n<p>Eure mit bedarfs\u00fcberzeugter Mimik hoffnungsvolle Neu-Kandidatin.<\/p>\n<div id=\"wp_fb_like_button\" style=\"margin:5px 0;float:none;height:100px;\"><script src=\"http:\/\/connect.facebook.net\/en_US\/all.js#xfbml=1\"><\/script><fb:like href=\"http:\/\/strubbelmiez.de\/index.php\/hausweibchenbefindlichkeiten\/ob-man-mich-so-als-ob-gewaehlt-haette\/\" send=\"true\" layout=\"standard\" width=\"450\" show_faces=\"true\" font=\"arial\" action=\"like\" colorscheme=\"light\"><\/fb:like><\/div>","protected":false},"excerpt":{"rendered":"<p>Sehr geehrte B\u00fcrger und so weiter\u2026 Seit einiger Zeit wird auf verschiedene Art ein neuer OB gesucht. Hier bin ich, als erste Gegenkandidatin! Ich besitze die zauberhafte F\u00e4higkeit, Tagtr\u00e4ume zu haben und mein Ego durch Abgucken vom amtierenden \u201cLehrer\u201d auf verschiedene Art zu pushen. Weiterhin habe ich seit meinem Umzug hierher gelernt, bedarfsharmlos zustimmend zu &hellip; <a href=\"http:\/\/strubbelmiez.de\/index.php\/hausweibchenbefindlichkeiten\/ob-man-mich-so-als-ob-gewaehlt-haette\/\" class=\"more-link\"><span class=\"screen-reader-text\">Ob man mich so als OB gew\u00e4hlt h\u00e4tte?<\/span> weiterlesen <span class=\"meta-nav\">&rarr;<\/span><\/a><\/p>\n","protected":false},"author":1,"featured_media":0,"parent":2754,"menu_order":3,"comment_status":"open","ping_status":"open","template":"","meta":{"jetpack_post_was_ever_published":false,"footnotes":""},"class_list":["post-3082","page","type-page","status-publish","hentry"],"jetpack_sharing_enabled":true,"jetpack_shortlink":"https:\/\/wp.me\/P2ijNL-NI","jetpack-related-posts":[],"_links":{"self":[{"href":"http:\/\/strubbelmiez.de\/index.php\/wp-json\/wp\/v2\/pages\/3082","targetHints":{"allow":["GET"]}}],"collection":[{"href":"http:\/\/strubbelmiez.de\/index.php\/wp-json\/wp\/v2\/pages"}],"about":[{"href":"http:\/\/strubbelmiez.de\/index.php\/wp-json\/wp\/v2\/types\/page"}],"author":[{"embeddable":true,"href":"http:\/\/strubbelmiez.de\/index.php\/wp-json\/wp\/v2\/users\/1"}],"replies":[{"embeddable":true,"href":"http:\/\/strubbelmiez.de\/index.php\/wp-json\/wp\/v2\/comments?post=3082"}],"version-history":[{"count":1,"href":"http:\/\/strubbelmiez.de\/index.php\/wp-json\/wp\/v2\/pages\/3082\/revisions"}],"predecessor-version":[{"id":3083,"href":"http:\/\/strubbelmiez.de\/index.php\/wp-json\/wp\/v2\/pages\/3082\/revisions\/3083"}],"up":[{"embeddable":true,"href":"http:\/\/strubbelmiez.de\/index.php\/wp-json\/wp\/v2\/pages\/2754"}],"wp:attachment":[{"href":"http:\/\/strubbelmiez.de\/index.php\/wp-json\/wp\/v2\/media?parent=3082"}],"curies":[{"name":"wp","href":"https:\/\/api.w.org\/{rel}","templated":true}]}}