{"id":3084,"date":"2015-05-12T18:26:23","date_gmt":"2015-05-12T16:26:23","guid":{"rendered":"http:\/\/strubbelmiez.de\/?page_id=3084"},"modified":"2015-05-12T18:26:23","modified_gmt":"2015-05-12T16:26:23","slug":"universell-einsetzbar","status":"publish","type":"page","link":"http:\/\/strubbelmiez.de\/index.php\/hausweibchenbefindlichkeiten\/universell-einsetzbar\/","title":{"rendered":"universell einsetzbar &#8230;"},"content":{"rendered":"<p>Der Arbeitsmarkt ist hart, wie wir wissen. Meine letzte Bewerbung war leider nicht erfolgreich, auch meine OB-Kandidatur ging in die Binsen. Ich gebe nicht auf und versuche es erneut, denn irgendwo muss man ja eben \u201eunterkommen\u201c, richtig? Ich fand etliche Stellenanzeigen, die sich in vielen Forderungen verdammt \u00e4hneln: Jung, dynamisch, in allen Bereichen berufserfahren, wahnsinnig flexibel und nat\u00fcrlich mit einer Gehaltsvorstellung, die m\u00f6glichst auf Ehrenamt hinsteuert.<\/p>\n<p>Neue Bewerbung, neues Gl\u00fcck (oder?)<\/p>\n<p>Sehr geehrte Damen und Herren,<\/p>\n<p>Ihre Stellenanzeige in der Zeitung XY hat mich so sehr gerissen, dass ich mich mit Lachtr\u00e4nen an Sie wende.<\/p>\n<p>Da Sie in Ihrer Stellenanzeige recht viele Bereiche ansprechen, in denen Sie umfangreiche Kenntnisse und Fertigkeiten fordern, gehe ich im Einzelnen auf diese ein. Ich wei\u00df, dass f\u00fcr ein Anschreiben max. 1 Seite reichen sollte, damit Sie einen schnellen \u00dcberblick haben und Zeit ja auch  Geld ist. Wer das Eine will, muss aber das andere m\u00f6gen, nicht wahr? Daher nehme ich mir die Zeit zum Schreiben, die Sie sich gef\u00e4lligst auch zum Lesen nehmen.<\/p>\n<p>Als so genannt \u201everkrachte Existenz\u201c habe ich schon Dieses und Jenes ausge\u00fcbt. Bislang hatte ich von bisherigen Einsatzstellen bejubelnde Beurteilungen erhalten, die Sie begeistern werden. Zertifikate, die \u201eerfolgreiche Teilnahme\u201c bescheinigen, sind allerdings keine Kunst, da sie jeder bekommt, unabh\u00e4ngig, ob die Teilnahme nun tats\u00e4chlich aktiv war oder man reine Anwesenheit zeigte.<\/p>\n<p>Kommen wir zu weiteren beruflichen Rei\u00dfern, die Sie ganz sicher \u00fcberzeugen: Wenn Sie vorhatten, sich aus verschiedenen Gr\u00fcnden zu ruinieren, da Sie beispielsweise auf Ihr Unternehmen keine Lust mehr haben, kann ich Ihr Unternehmen in Grund und Boden buchen. Nehmen Sie mich ruhig beim Wort. Diese besondere F\u00e4higkeit beweise ich Ihnen auch, wenn ich mich aufgrund einer Ablehnung Ihrerseits bei der Konkurrenz bewerbe und eine Einstellung als Buchhalterin erfolgen sollte. Meine Rechenk\u00fcnste, die Sie wom\u00f6glich f\u00fcr jegliche Abrechnungen ben\u00f6tigen, reichen zwar gerade f\u00fcr den Hausgebrauch, aber mit einem \u00dcbernachtungspl\u00e4tzchen und gutem bereitgestelltem Fr\u00fchst\u00fcck, werden auch diese mal fertig. Sie erwarten im Weiteren umfangreiche Kenntnisse am PC. Hier treffen Sie wahrlich meinen Nerv. Ich werde Ihnen Statistiken und Vorlagen erstellen, an die Sie wom\u00f6glich im Traum nie dachten. Gut, sie werden aufgrund des Umfangs und der Genauigkeit sehr viel Zeit in Anspruch nehmen, so dass ich beim st\u00e4ndigen Kaffee trinken kaum noch Ihre Gesch\u00e4ftsbriefe herunterklappern k\u00f6nnte. Aber Sie werden sehen, Ihre Kundschaft und Gesch\u00e4ftspartner werden begeistert aufkreischen, wenn ich doch noch 5 Minuten fand und diese Aufgaben erf\u00fclle. Schlie\u00dflich beherrsche ich das 10-Finger-Tastaturschreiben recht gut, bin fix und kann mit entsprechendem Schreibstil, sofern nicht vorgeschrieben, zu Tr\u00e4nen r\u00fchren. Auf den letzten Nebensatz Bezug nehmend garantiere ich Ihnen, dass Sie von meinen Fremdsprachenkenntnissen wie \u201eSchulrestrussisch\u201c und etwas Englisch mit Leseverst\u00e4ndnis sehr profitieren. Ihre Kunden und Gesch\u00e4ftspartner werden \u00fcber meine Wahnsinnssprachkenntnisse in Wort und Schrift tr\u00e4nen\u00fcberstr\u00f6hmt in deutscher Sprache an Ihrem Telefonapparat antworten. Der Vorteil ist, dass Sie also direkt mit ihnen verhandeln k\u00f6nnen. Allerdings kann ich auch telefonieren und habe es auch hier und da bewiesen. Meine Gespr\u00e4chspartner waren jedenfalls \u00fcberwiegend am\u00fcsiert.<\/p>\n<p>Meine Flexibilit\u00e4t beschr\u00e4nkt sich auf \u00f6ffentliche Verkehrsmittel, da diese A im Verh\u00e4ltnis zum Auto noch preiswerter sind und ich B aus guten Gr\u00fcnden keinen Flitzerschein erwerbe. Ich nehme selbstverst\u00e4ndlich gern auch Taxi-Bef\u00f6rderung auf Ihre Kosten entgegen, um Ihre sicherlich noch kommenden Forderungen zu erf\u00fcllen, von heute auf gestern an einem weit entfernten Ort f\u00fcr Sie t\u00e4tig zu werden.<\/p>\n<p>Falls ich Sie nun \u00fcberzeugt haben sollte und Sie mich entweder selbst einstellen oder mich an ihre Konkurrenten sozusagen wegloben, k\u00f6nnten wir uns gern \u00fcber Weiteres unterhalten. Bei Annahme des zuletzt genannten Angebotes sollten wir \u00fcber diverse Gegenleistungen verhandeln, wenn ich Ihre Konkurrenten schon gekonnt ausschalte. Ich nehme bei einem pers\u00f6nlichen Gespr\u00e4ch also gern Ihren verd\u00fcnnten Kaffee nebst Restkekse von irgendwelchen l\u00e4ngst vergangenen Veranstaltungen an und zeige somit auch bedarfsweise meine gute Umgangsform.<\/p>\n<p>Selbstverst\u00e4ndlich habe dann auch viele Fragen an Sie.<\/p>\n<p>Auf eine brennende Frage bereite ich Sie an dieser Stelle gern vor: K\u00f6nnten Sie Ihre eigenen Forderungen selbst erf\u00fcllen und w\u00fcrden sich auf Ihre eigenen Gehaltsvorstellungen einlassen?<\/p>\n<p>Mit etwas Spannung erwarte ich Ihre umgehende Antwort und gr\u00fc\u00dfe freundlich l\u00e4chelnd ab.<\/p>\n<div id=\"wp_fb_like_button\" style=\"margin:5px 0;float:none;height:100px;\"><script src=\"http:\/\/connect.facebook.net\/en_US\/all.js#xfbml=1\"><\/script><fb:like href=\"http:\/\/strubbelmiez.de\/index.php\/hausweibchenbefindlichkeiten\/universell-einsetzbar\/\" send=\"true\" layout=\"standard\" width=\"450\" show_faces=\"true\" font=\"arial\" action=\"like\" colorscheme=\"light\"><\/fb:like><\/div>","protected":false},"excerpt":{"rendered":"<p>Der Arbeitsmarkt ist hart, wie wir wissen. Meine letzte Bewerbung war leider nicht erfolgreich, auch meine OB-Kandidatur ging in die Binsen. Ich gebe nicht auf und versuche es erneut, denn irgendwo muss man ja eben \u201eunterkommen\u201c, richtig? Ich fand etliche Stellenanzeigen, die sich in vielen Forderungen verdammt \u00e4hneln: Jung, dynamisch, in allen Bereichen berufserfahren, wahnsinnig &hellip; <a href=\"http:\/\/strubbelmiez.de\/index.php\/hausweibchenbefindlichkeiten\/universell-einsetzbar\/\" class=\"more-link\"><span class=\"screen-reader-text\">universell einsetzbar &#8230;<\/span> weiterlesen <span class=\"meta-nav\">&rarr;<\/span><\/a><\/p>\n","protected":false},"author":1,"featured_media":0,"parent":2754,"menu_order":4,"comment_status":"open","ping_status":"open","template":"","meta":{"jetpack_post_was_ever_published":false,"footnotes":""},"class_list":["post-3084","page","type-page","status-publish","hentry"],"jetpack_sharing_enabled":true,"jetpack_shortlink":"https:\/\/wp.me\/P2ijNL-NK","jetpack-related-posts":[],"_links":{"self":[{"href":"http:\/\/strubbelmiez.de\/index.php\/wp-json\/wp\/v2\/pages\/3084","targetHints":{"allow":["GET"]}}],"collection":[{"href":"http:\/\/strubbelmiez.de\/index.php\/wp-json\/wp\/v2\/pages"}],"about":[{"href":"http:\/\/strubbelmiez.de\/index.php\/wp-json\/wp\/v2\/types\/page"}],"author":[{"embeddable":true,"href":"http:\/\/strubbelmiez.de\/index.php\/wp-json\/wp\/v2\/users\/1"}],"replies":[{"embeddable":true,"href":"http:\/\/strubbelmiez.de\/index.php\/wp-json\/wp\/v2\/comments?post=3084"}],"version-history":[{"count":1,"href":"http:\/\/strubbelmiez.de\/index.php\/wp-json\/wp\/v2\/pages\/3084\/revisions"}],"predecessor-version":[{"id":3085,"href":"http:\/\/strubbelmiez.de\/index.php\/wp-json\/wp\/v2\/pages\/3084\/revisions\/3085"}],"up":[{"embeddable":true,"href":"http:\/\/strubbelmiez.de\/index.php\/wp-json\/wp\/v2\/pages\/2754"}],"wp:attachment":[{"href":"http:\/\/strubbelmiez.de\/index.php\/wp-json\/wp\/v2\/media?parent=3084"}],"curies":[{"name":"wp","href":"https:\/\/api.w.org\/{rel}","templated":true}]}}