{"id":3086,"date":"2015-05-12T18:29:39","date_gmt":"2015-05-12T16:29:39","guid":{"rendered":"http:\/\/strubbelmiez.de\/?page_id=3086"},"modified":"2015-05-12T18:29:39","modified_gmt":"2015-05-12T16:29:39","slug":"in-der-politik-waere-ich-auch-gut-einsetzbar","status":"publish","type":"page","link":"http:\/\/strubbelmiez.de\/index.php\/hausweibchenbefindlichkeiten\/in-der-politik-waere-ich-auch-gut-einsetzbar\/","title":{"rendered":"In der Politik w\u00e4re ich auch gut einsetzbar &#8230;"},"content":{"rendered":"<p>Sehr geehrte Frau \u2026,<\/p>\n<p>ich mache es f\u00fcr meine Verh\u00e4ltnisse m\u00f6glichst kurz, da ich au\u00dfer der Bewerberei noch andere Hobbys habe und das Wetter so klasse ist.<\/p>\n<p>Sie schrieben vor einer Weile eine offensichtlich gut bezahlte Stelle im Schmei\u00dfmichnach-Bl\u00e4ttchen aus. Ich war sofort hingerissen, weil ich auch mal ein bisschen mehr verdienen wollte \u2013 ganz unabh\u00e4ngig der Leistung. 6 Jahre sind auch v\u00f6llig in Ordnung. Nach dieser Zeit kann ich mir vom Ersparten endlich eine neue K\u00fcche kaufen und muss au\u00dferdem noch gut Rentenpunkte aufholen, da ich mit anderen T\u00e4tigkeiten kaum auf einen gr\u00fcnen Zweig kam. Sie kennen das Vorsorgeproblem ja, nicht wahr? Danach orientiere ich mich beruflich gern wieder um. Sollte meine Amtszeit mit \u00f6ffentlicher Watsche enden, ist ein Umzug in einen anderen Ort kein Problem.<\/p>\n<p>Ich wei\u00df, dass ich die eine Frist schlichtweg verpeilt habe, aber das macht nichts, wie wir oftmals in der Politik erleben.<\/p>\n<p>Au\u00dferdem wird auch schon \u00f6ffentlich gezankt, man m\u00fcsse die Stelle evtl. neu ausschreiben. Also ergreife ich die sicherlich noch kommende Gelegenheit vorsorglich beim Schopf.<\/p>\n<p>Die Liste der zu erf\u00fcllenden Kriterien war mir allerdings zu lang, um sie bis zum Ende zu lesen. Ich bekomme beim Umgang mit Zahlen und erst recht im Bereich Buchf\u00fchrung zwar graue Haare, aber ich kann sie mir vom guten Einkommen ja st\u00e4ndig professionell nachf\u00e4rben lassen.<\/p>\n<p>Durch meine 5-j\u00e4hrige Integration ist ein spontan bedarfsbetroffener Blick ein Klacks. Auch Spatenstiche beherrsche ich aufgrund meiner Erstausbildung sehr gut. Als Referenz k\u00f6nnte meine Ausbilderin herhalten, wenn sie noch auffindbar ist. Sie lobte mich stets f\u00fcr die gute Figur beim Spatenhalten. Feierlich gucken kann ich auch und dabei auch irgendwelche B\u00e4nder durchschneiden. Sie wissen ja selbst, dass Frauen multitaskingf\u00e4hig sind.<\/p>\n<p>Und weil ich ja auch sonst ein fr\u00f6hlicher Mensch bin und somit bei Ablehnungen von Finanzierungen auch w\u00fctend tobende Leute um den Finger gewickelt bekomme, bewerbe ich mich um diese Wahnsinnsstelle.<\/p>\n<p>Ich freue mich auf ein baldiges pers\u00f6nliches Gespr\u00e4ch bei Sekt und Sushi (wollte ich schon immer mal probieren, Kaviar ist nicht so mein Geschmack). \u00dcberzeugen Sie sich bei Gelegenheit selbst davon. Legen Sie die anderen Unterlagen lieber einfach beiseite, da es ohnehin Stunk bei der Auswahl gibt, wie Sie bereits den Zeitungsmeldungen und dazu geh\u00f6rigen Kommentarspalten entnehmen k\u00f6nnen.<\/p>\n<p>Mit am\u00fcsierten Gr\u00fc\u00dfen\u2026.<\/p>\n<p>Wenn das jetzt nichts mit dieser Stelle wird, habe ich noch andere Bewerbungen parat, die vielleicht noch fruchten k\u00f6nnten.<\/p>\n<div id=\"wp_fb_like_button\" style=\"margin:5px 0;float:none;height:100px;\"><script src=\"http:\/\/connect.facebook.net\/en_US\/all.js#xfbml=1\"><\/script><fb:like href=\"http:\/\/strubbelmiez.de\/index.php\/hausweibchenbefindlichkeiten\/in-der-politik-waere-ich-auch-gut-einsetzbar\/\" send=\"true\" layout=\"standard\" width=\"450\" show_faces=\"true\" font=\"arial\" action=\"like\" colorscheme=\"light\"><\/fb:like><\/div>","protected":false},"excerpt":{"rendered":"<p>Sehr geehrte Frau \u2026, ich mache es f\u00fcr meine Verh\u00e4ltnisse m\u00f6glichst kurz, da ich au\u00dfer der Bewerberei noch andere Hobbys habe und das Wetter so klasse ist. Sie schrieben vor einer Weile eine offensichtlich gut bezahlte Stelle im Schmei\u00dfmichnach-Bl\u00e4ttchen aus. Ich war sofort hingerissen, weil ich auch mal ein bisschen mehr verdienen wollte \u2013 ganz &hellip; <a href=\"http:\/\/strubbelmiez.de\/index.php\/hausweibchenbefindlichkeiten\/in-der-politik-waere-ich-auch-gut-einsetzbar\/\" class=\"more-link\"><span class=\"screen-reader-text\">In der Politik w\u00e4re ich auch gut einsetzbar &#8230;<\/span> weiterlesen <span class=\"meta-nav\">&rarr;<\/span><\/a><\/p>\n","protected":false},"author":1,"featured_media":0,"parent":2754,"menu_order":5,"comment_status":"open","ping_status":"open","template":"","meta":{"jetpack_post_was_ever_published":false,"footnotes":""},"class_list":["post-3086","page","type-page","status-publish","hentry"],"jetpack_sharing_enabled":true,"jetpack_shortlink":"https:\/\/wp.me\/P2ijNL-NM","jetpack-related-posts":[],"_links":{"self":[{"href":"http:\/\/strubbelmiez.de\/index.php\/wp-json\/wp\/v2\/pages\/3086","targetHints":{"allow":["GET"]}}],"collection":[{"href":"http:\/\/strubbelmiez.de\/index.php\/wp-json\/wp\/v2\/pages"}],"about":[{"href":"http:\/\/strubbelmiez.de\/index.php\/wp-json\/wp\/v2\/types\/page"}],"author":[{"embeddable":true,"href":"http:\/\/strubbelmiez.de\/index.php\/wp-json\/wp\/v2\/users\/1"}],"replies":[{"embeddable":true,"href":"http:\/\/strubbelmiez.de\/index.php\/wp-json\/wp\/v2\/comments?post=3086"}],"version-history":[{"count":1,"href":"http:\/\/strubbelmiez.de\/index.php\/wp-json\/wp\/v2\/pages\/3086\/revisions"}],"predecessor-version":[{"id":3087,"href":"http:\/\/strubbelmiez.de\/index.php\/wp-json\/wp\/v2\/pages\/3086\/revisions\/3087"}],"up":[{"embeddable":true,"href":"http:\/\/strubbelmiez.de\/index.php\/wp-json\/wp\/v2\/pages\/2754"}],"wp:attachment":[{"href":"http:\/\/strubbelmiez.de\/index.php\/wp-json\/wp\/v2\/media?parent=3086"}],"curies":[{"name":"wp","href":"https:\/\/api.w.org\/{rel}","templated":true}]}}