{"id":3109,"date":"2015-06-12T14:19:56","date_gmt":"2015-06-12T12:19:56","guid":{"rendered":"http:\/\/strubbelmiez.de\/?page_id=3109"},"modified":"2015-06-12T14:20:48","modified_gmt":"2015-06-12T12:20:48","slug":"fibralogy-spuelung-loreal","status":"publish","type":"page","link":"http:\/\/strubbelmiez.de\/index.php\/testecke\/fibralogy-spuelung-loreal\/","title":{"rendered":"Fibralogy &#8211; Sp\u00fclung (L\u00b4oreal)"},"content":{"rendered":"<p>Tadaa, erster Artikel dieser Kategorie. Es geht nun um Fibralogy &#8211; Sp\u00fclung\u00a0 von L\u00b4oreal.<\/p>\n<p>Wer Haaprobleme hat, f\u00fchlt sich mehr oder weniger von Werbeversprechen angezogen. Auch bei preisg\u00fcnstigen nicht beworbenen Markenartikeln liest man auf der Flasche so was wie \u201esuper Volumen\u201c, \u201eseidig gl\u00e4nzendes Haar\u201c und waswei\u00dfichnochalles. Gut, dann nehmen wir uns doch mal die Artikel vor, die weit mehr als einen Euro kosten und uns in der Werbung wahre Wunder versprechen.<\/p>\n<p>Die Flasche sieht nicht \u00fcbel aus, ist gr\u00fcn und auch da schimmert uns das Versprechen entgegen. Zum Gl\u00fcck steht da nicht: \u201eangenehmer Duft\u201c, denn das w\u00e4re glatt gelogen. Kennt Ihr Leute im Kollegenkreis oder unter Klassenkameraden, die sich selten die Haare waschen? Es stinkt bestialisch und da ist Verwesungsgeruch noch ein Kompliment. Und genau solcher Geruch kam mir aus der Flasche entgegen, als ich sie \u00f6ffnete und mir einen Klecks auf die Hand fallen lie\u00df. Mein lieber Schwan, mir bleibt die Luft weg, wenn ich das Zeug rieche und dann beim Verteilen der Sp\u00fclung in den Haaren kam der Geruch noch mal st\u00e4rker auf, ist klar. Also bei einer anderen Sorte in einer violettfarbenen Flasche war das ein wahres Dufterlebnis und ich war richtig froh, dass es im Kissen nachduftete. Aber darum geht es in einem anderen Testbericht.<\/p>\n<p>Nach dem Geruchskracher, der nat\u00fcrlich eher subjektiv zu werten ist (hat ja jeder einen anderen Geschmack, n\u00f6ch?) kommt nat\u00fcrlich die Einhaltung des Versprechens. F\u00fcr die fast 2 Euro h\u00e4tte ich mir lieber zwei Duschgele oder zwei Kn\u00e4ule Wolle kaufen sollen, dann h\u00e4tte ich auch etwas davon. Es verschlechtert sich nichts, immerhin. \u201eGriffig\u201c kann ich auch noch best\u00e4tigen, aber das war es auch schon. Wer m\u00f6chte es haben? Oder ich wasche damit Wolle, vielleicht wird die dann fluffig \u00e4h\u2026 \u201egriffiger\u201c, wenn es vorher sehr strohig war \ud83d\ude06<\/p>\n<p>Nein, L\u00b4oreal, das war nix. Bitte um Besserung. Danke J<\/p>\n<div id=\"wp_fb_like_button\" style=\"margin:5px 0;float:none;height:100px;\"><script src=\"http:\/\/connect.facebook.net\/en_US\/all.js#xfbml=1\"><\/script><fb:like href=\"http:\/\/strubbelmiez.de\/index.php\/testecke\/fibralogy-spuelung-loreal\/\" send=\"true\" layout=\"standard\" width=\"450\" show_faces=\"true\" font=\"arial\" action=\"like\" colorscheme=\"light\"><\/fb:like><\/div>","protected":false},"excerpt":{"rendered":"<p>Tadaa, erster Artikel dieser Kategorie. Es geht nun um Fibralogy &#8211; Sp\u00fclung\u00a0 von L\u00b4oreal. Wer Haaprobleme hat, f\u00fchlt sich mehr oder weniger von Werbeversprechen angezogen. Auch bei preisg\u00fcnstigen nicht beworbenen Markenartikeln liest man auf der Flasche so was wie \u201esuper Volumen\u201c, \u201eseidig gl\u00e4nzendes Haar\u201c und waswei\u00dfichnochalles. Gut, dann nehmen wir uns doch mal die Artikel &hellip; <a href=\"http:\/\/strubbelmiez.de\/index.php\/testecke\/fibralogy-spuelung-loreal\/\" class=\"more-link\"><span class=\"screen-reader-text\">Fibralogy &#8211; Sp\u00fclung (L\u00b4oreal)<\/span> weiterlesen <span class=\"meta-nav\">&rarr;<\/span><\/a><\/p>\n","protected":false},"author":1,"featured_media":0,"parent":2984,"menu_order":1,"comment_status":"open","ping_status":"open","template":"","meta":{"jetpack_post_was_ever_published":false,"footnotes":""},"class_list":["post-3109","page","type-page","status-publish","hentry"],"jetpack_sharing_enabled":true,"jetpack_shortlink":"https:\/\/wp.me\/P2ijNL-O9","jetpack-related-posts":[],"_links":{"self":[{"href":"http:\/\/strubbelmiez.de\/index.php\/wp-json\/wp\/v2\/pages\/3109","targetHints":{"allow":["GET"]}}],"collection":[{"href":"http:\/\/strubbelmiez.de\/index.php\/wp-json\/wp\/v2\/pages"}],"about":[{"href":"http:\/\/strubbelmiez.de\/index.php\/wp-json\/wp\/v2\/types\/page"}],"author":[{"embeddable":true,"href":"http:\/\/strubbelmiez.de\/index.php\/wp-json\/wp\/v2\/users\/1"}],"replies":[{"embeddable":true,"href":"http:\/\/strubbelmiez.de\/index.php\/wp-json\/wp\/v2\/comments?post=3109"}],"version-history":[{"count":2,"href":"http:\/\/strubbelmiez.de\/index.php\/wp-json\/wp\/v2\/pages\/3109\/revisions"}],"predecessor-version":[{"id":3111,"href":"http:\/\/strubbelmiez.de\/index.php\/wp-json\/wp\/v2\/pages\/3109\/revisions\/3111"}],"up":[{"embeddable":true,"href":"http:\/\/strubbelmiez.de\/index.php\/wp-json\/wp\/v2\/pages\/2984"}],"wp:attachment":[{"href":"http:\/\/strubbelmiez.de\/index.php\/wp-json\/wp\/v2\/media?parent=3109"}],"curies":[{"name":"wp","href":"https:\/\/api.w.org\/{rel}","templated":true}]}}