{"id":3135,"date":"2015-07-21T16:20:12","date_gmt":"2015-07-21T14:20:12","guid":{"rendered":"http:\/\/strubbelmiez.de\/?page_id=3135"},"modified":"2015-07-18T16:23:07","modified_gmt":"2015-07-18T14:23:07","slug":"fast-haette-ich-mir-brownies-ja-abgewoehnt","status":"publish","type":"page","link":"http:\/\/strubbelmiez.de\/index.php\/testecke\/fast-haette-ich-mir-brownies-ja-abgewoehnt\/","title":{"rendered":"Fast h\u00e4tte ich mir Brownies ja abgew\u00f6hnt&#8230;)"},"content":{"rendered":"<p>\u2026 aber ich durfte mal einen gro\u00dfen von Bahlsen testen. Auf der Webseite \u201eEmpfehlerin.de\u201c bin ich durch meine St\u00f6berei aufs Projekt gekommen. Meine Bewerbung hatte Erfolg, immerhin bei Produkttests \ud83d\ude06<\/p>\n<p>Die Lieferung wurde etwa ab dem 20. Juli angek\u00fcndigt, bei mir kam sie zwei Tage eher an, auch nicht schlecht so am WE. Im Paket waren 3 Packungen XL-Brownies, ein gravierter L\u00f6ffel und das Begleitschreiben enthalten.<\/p>\n<p>Dass eine Packung zeitnah probiert werden musste, ist bei mir Naschkatze doch total klar. Rei\u00dft man die Papierverpackung auf, kommt eine Pappschale mit Folienumverpackung zum Vorschein. Der erste Anblick sieht in etwa aus wie meine Backk\u00fcnste *h\u00fcstel*. Aber logisch wird mit dem beiliegenden, erstmal schnell abgesp\u00fclten L\u00f6ffel losprobiert.<\/p>\n<p>Meine bislang gekauften Brownies sahen zwar leckerer aus aber da kam ja schon der Zucker ziemlich durch und mir war die Schokolade zu kr\u00e4ftig. Meinen G\u00e4sten schmeckts immer. Wenn man sich die Schnittfl\u00e4che anguckt, sieht es immer noch nach meinen Backk\u00fcnsten aus, etwa etwas verklebter Teig. Aber der Geschmack rei\u00dft es meiner Meinung nach raus. S\u00fc\u00df ists nat\u00fcrlich auch, ganz klar, aber ich habe nicht mehr das Gef\u00fchl von reinem Zucker. Der Caramellgeschmack ist da und zum Gl\u00fcck nicht zu aufdringlich. Und saftig ist er auch auf angenehme Art.<\/p>\n<p><strong>Fazit:<\/strong> Optisch sieht es auf den ersten Blick nicht so appetitlich aus, aber der Geschmack sagt mir zu. Dass es dem einen zu s\u00fc\u00df oder dem anderen zu n\u00fcchtern sein k\u00f6nnte, liegt auf der Hand, da man Geschmack auch nur subjektiv betrachten kann. Ich wei\u00df jedenfalls, was ich k\u00fcnftig auch mal kaufen kann, wenn ich wieder Brownieliebhaber zu Gast habe.<\/p>\n<p>Mir kommt gerade ein \u201eServiervorschlag\u201c in den Sinn, das eine mal zu w\u00fcrfeln und es auf Eisspeisen zu drapieren.<\/p>\n<div id=\"wp_fb_like_button\" style=\"margin:5px 0;float:none;height:100px;\"><script src=\"http:\/\/connect.facebook.net\/en_US\/all.js#xfbml=1\"><\/script><fb:like href=\"http:\/\/strubbelmiez.de\/index.php\/testecke\/fast-haette-ich-mir-brownies-ja-abgewoehnt\/\" send=\"true\" layout=\"standard\" width=\"450\" show_faces=\"true\" font=\"arial\" action=\"like\" colorscheme=\"light\"><\/fb:like><\/div>","protected":false},"excerpt":{"rendered":"<p>\u2026 aber ich durfte mal einen gro\u00dfen von Bahlsen testen. Auf der Webseite \u201eEmpfehlerin.de\u201c bin ich durch meine St\u00f6berei aufs Projekt gekommen. Meine Bewerbung hatte Erfolg, immerhin bei Produkttests \ud83d\ude06 Die Lieferung wurde etwa ab dem 20. Juli angek\u00fcndigt, bei mir kam sie zwei Tage eher an, auch nicht schlecht so am WE. Im Paket &hellip; <a href=\"http:\/\/strubbelmiez.de\/index.php\/testecke\/fast-haette-ich-mir-brownies-ja-abgewoehnt\/\" class=\"more-link\"><span class=\"screen-reader-text\">Fast h\u00e4tte ich mir Brownies ja abgew\u00f6hnt&#8230;)<\/span> weiterlesen <span class=\"meta-nav\">&rarr;<\/span><\/a><\/p>\n","protected":false},"author":1,"featured_media":0,"parent":2984,"menu_order":3,"comment_status":"open","ping_status":"open","template":"","meta":{"jetpack_post_was_ever_published":false,"footnotes":""},"class_list":["post-3135","page","type-page","status-publish","hentry"],"jetpack_sharing_enabled":true,"jetpack_shortlink":"https:\/\/wp.me\/P2ijNL-Oz","jetpack-related-posts":[],"_links":{"self":[{"href":"http:\/\/strubbelmiez.de\/index.php\/wp-json\/wp\/v2\/pages\/3135","targetHints":{"allow":["GET"]}}],"collection":[{"href":"http:\/\/strubbelmiez.de\/index.php\/wp-json\/wp\/v2\/pages"}],"about":[{"href":"http:\/\/strubbelmiez.de\/index.php\/wp-json\/wp\/v2\/types\/page"}],"author":[{"embeddable":true,"href":"http:\/\/strubbelmiez.de\/index.php\/wp-json\/wp\/v2\/users\/1"}],"replies":[{"embeddable":true,"href":"http:\/\/strubbelmiez.de\/index.php\/wp-json\/wp\/v2\/comments?post=3135"}],"version-history":[{"count":1,"href":"http:\/\/strubbelmiez.de\/index.php\/wp-json\/wp\/v2\/pages\/3135\/revisions"}],"predecessor-version":[{"id":3136,"href":"http:\/\/strubbelmiez.de\/index.php\/wp-json\/wp\/v2\/pages\/3135\/revisions\/3136"}],"up":[{"embeddable":true,"href":"http:\/\/strubbelmiez.de\/index.php\/wp-json\/wp\/v2\/pages\/2984"}],"wp:attachment":[{"href":"http:\/\/strubbelmiez.de\/index.php\/wp-json\/wp\/v2\/media?parent=3135"}],"curies":[{"name":"wp","href":"https:\/\/api.w.org\/{rel}","templated":true}]}}