{"id":3162,"date":"2016-03-07T15:21:07","date_gmt":"2016-03-07T14:21:07","guid":{"rendered":"http:\/\/strubbelmiez.de\/?page_id=3162"},"modified":"2016-03-07T15:21:07","modified_gmt":"2016-03-07T14:21:07","slug":"pantene-pro-v-shampoo-und-schaumspuelung","status":"publish","type":"page","link":"http:\/\/strubbelmiez.de\/index.php\/testecke\/pantene-pro-v-shampoo-und-schaumspuelung\/","title":{"rendered":"Pantene Pro V Shampoo und Schaumsp\u00fclung"},"content":{"rendered":"<p>So M\u00e4dels, der Blog funzt endlich wieder und es geht weiter mit den Testberichten, die ich ja lieber l\u00e4ngst nicht mehr auf Ciao &amp; Co. ver\u00f6ffentliche.<\/p>\n<p>Erinnert sich wer an die Werbung, in der es hei\u00dft, dass die Sp\u00fclungen seit den 70ern eher cremig waren und nun Schaum sind? N\u00f6? Nicht schlimm, so spektakul\u00e4r finde ich den Spot auch nicht.<\/p>\n<p>Aber ich durfte im Rahmen eines Testprojekts bei <em>\u201eFor Me\u201c<\/em> (ein nettes Weibchenportal \ud83d\ude00 ) ein Schampoo f\u00fcr Wahnsinnsvolumen und die Schaumsp\u00fclung ausprobieren. Die Proben (einmal eine handels\u00fcblich gro\u00dfe Flasche Schampoo, eine kleine und eine handels\u00fcblich gro\u00dfe Schaumflasche) kamen wie gewohnt wirklich edel verpackt zu mir. Beim ersten Testprojekt hatte die flache Verpackung schon den Paketboten verwirrt \ud83d\ude06 , weil der dachte, es k\u00e4men schon die Pizzen per Post. Nein, das war ein Reinigungsmittel.<\/p>\n<p>Zur\u00fcck zu den Proben in Sachen Haarpflege: Da es den Projektleuten nicht schnell genug geht, kann ich vorerst nur erste Eindr\u00fccke wiedergeben und nach und nach kommentieren, wie es sich weiter entwickelt habe. Zu meinen Haaren kann ich wirklich nur \u201ed\u00fcnne Fusseln\u201c sagen, denn die sind wirklich so fein, dass alles platt zusammenf\u00e4llt, was ich auch fr\u00fcher zurechtgef\u00f6hnt oder anders zurechtgestylt habe. Daher kamen mir solche Proben gerade recht. Ich wasche meine Haare f\u00fcr gew\u00f6hnlich alle 2-3 Tage. Damit man mal ein Gef\u00fchl hat, wie sich die Mittelchen so machen.<\/p>\n<p>Das Shampoo hat einen f\u00fcr mich pers\u00f6nlich sehr angenehmen Duft. Es ist m.E. etwas blumig und duftet dezent einige Tage nach. Die Konsistenz und Ergiebigkeit sind auch absolut in Ordnung. Ich habe kurzes Haar und ben\u00f6tige gerade mal eine haselnussgro\u00dfe Menge (eher eine kleine Haselnuss \ud83d\ude00 ) Angewendet habe ich es nun ja ca. einige wenige Male und von Volumen keine Spur, finde ich. Dennoch finde ich das Shampoo nicht schlecht, denn das Haargef\u00fchl ist schon angenehm. Ich habe es auch einige Male mal ohne die Sp\u00fclung ausprobiert, um da auch etwas beurteilen zu k\u00f6nnen.<\/p>\n<p>Die Sp\u00fclung hingegen ist schon ungew\u00f6hnlich. Nach der Haarw\u00e4sche wird es auf die Hand gespr\u00fcht, es ergibt sich ein sehr feiner Schaum und gegen\u00fcber Schaumfestiger ist es etwas fluffiger und leichter. Das wird also ins Haar aufgetragen, einmassiert und wenige Minuten einwirken lassen. Und man merkt nach kurzer Zeit beim Anfassen des Haares, dass sich der Schaum schnell aufl\u00f6st und die Haare nicht so latschig sind wie bei klassischen Sp\u00fclungen. Man hat das Gef\u00fchl, als h\u00e4tte man keine Sp\u00fclung im Haar. Nat\u00fcrlich muss es ausgesp\u00fclt werden und das geht wirklich einfacher als bei cremiger Konsistenz. Beim Dosieren muss man allerdings ziemlich aufpassen, denn man kriegt erst beim 2.- 3. Mal die richtige Menge raus, wie man f\u00fcr seine Haarl\u00e4nge braucht. Man kann also fix versehentlich \u201e\u00fcberdosieren\u201c. Das finde ich als einzigen Punkt etwas unvorteilhaft, ansonsten klasse. Und wie wirkt es nun? Hm, nach ca. 6-7 Anwendungen habe ich nat\u00fcrlich kein Superhaar und habe es eh nie erwartet, ganz gleich, womit man so wirbt. Aber der Glanz ist nicht zu \u00fcbersehen und ich habe eher das Gef\u00fchl, als w\u00fcrde die Sp\u00fclung die Haare etwas kr\u00e4ftigen.<\/p>\n<p>Das war es erstmal zum verh\u00e4ltnism\u00e4\u00dfigen Kurztest. Ich werde bei gegebener Zeit noch etwas \u201enachladen\u201c.<\/p>\n<p>Wenn man mit Sternchen bewerten m\u00f6chte, g\u00e4be ich dem Shampoo und der Sp\u00fclung jeweils 4 von 5 Sternen.<\/p>\n<p>Bis auf bald<\/p>\n<div id=\"wp_fb_like_button\" style=\"margin:5px 0;float:none;height:100px;\"><script src=\"http:\/\/connect.facebook.net\/en_US\/all.js#xfbml=1\"><\/script><fb:like href=\"http:\/\/strubbelmiez.de\/index.php\/testecke\/pantene-pro-v-shampoo-und-schaumspuelung\/\" send=\"true\" layout=\"standard\" width=\"450\" show_faces=\"true\" font=\"arial\" action=\"like\" colorscheme=\"light\"><\/fb:like><\/div>","protected":false},"excerpt":{"rendered":"<p>So M\u00e4dels, der Blog funzt endlich wieder und es geht weiter mit den Testberichten, die ich ja lieber l\u00e4ngst nicht mehr auf Ciao &amp; Co. ver\u00f6ffentliche. Erinnert sich wer an die Werbung, in der es hei\u00dft, dass die Sp\u00fclungen seit den 70ern eher cremig waren und nun Schaum sind? N\u00f6? Nicht schlimm, so spektakul\u00e4r finde &hellip; <a href=\"http:\/\/strubbelmiez.de\/index.php\/testecke\/pantene-pro-v-shampoo-und-schaumspuelung\/\" class=\"more-link\"><span class=\"screen-reader-text\">Pantene Pro V Shampoo und Schaumsp\u00fclung<\/span> weiterlesen <span class=\"meta-nav\">&rarr;<\/span><\/a><\/p>\n","protected":false},"author":1,"featured_media":0,"parent":2984,"menu_order":3,"comment_status":"open","ping_status":"open","template":"","meta":{"jetpack_post_was_ever_published":false,"footnotes":""},"class_list":["post-3162","page","type-page","status-publish","hentry"],"jetpack_sharing_enabled":true,"jetpack_shortlink":"https:\/\/wp.me\/P2ijNL-P0","jetpack-related-posts":[],"_links":{"self":[{"href":"http:\/\/strubbelmiez.de\/index.php\/wp-json\/wp\/v2\/pages\/3162","targetHints":{"allow":["GET"]}}],"collection":[{"href":"http:\/\/strubbelmiez.de\/index.php\/wp-json\/wp\/v2\/pages"}],"about":[{"href":"http:\/\/strubbelmiez.de\/index.php\/wp-json\/wp\/v2\/types\/page"}],"author":[{"embeddable":true,"href":"http:\/\/strubbelmiez.de\/index.php\/wp-json\/wp\/v2\/users\/1"}],"replies":[{"embeddable":true,"href":"http:\/\/strubbelmiez.de\/index.php\/wp-json\/wp\/v2\/comments?post=3162"}],"version-history":[{"count":1,"href":"http:\/\/strubbelmiez.de\/index.php\/wp-json\/wp\/v2\/pages\/3162\/revisions"}],"predecessor-version":[{"id":3163,"href":"http:\/\/strubbelmiez.de\/index.php\/wp-json\/wp\/v2\/pages\/3162\/revisions\/3163"}],"up":[{"embeddable":true,"href":"http:\/\/strubbelmiez.de\/index.php\/wp-json\/wp\/v2\/pages\/2984"}],"wp:attachment":[{"href":"http:\/\/strubbelmiez.de\/index.php\/wp-json\/wp\/v2\/media?parent=3162"}],"curies":[{"name":"wp","href":"https:\/\/api.w.org\/{rel}","templated":true}]}}