{"id":3210,"date":"2016-04-28T14:47:09","date_gmt":"2016-04-28T12:47:09","guid":{"rendered":"http:\/\/strubbelmiez.de\/?page_id=3210"},"modified":"2016-04-28T14:47:09","modified_gmt":"2016-04-28T12:47:09","slug":"swiffer-staubwedel-und-bodenwischer","status":"publish","type":"page","link":"http:\/\/strubbelmiez.de\/index.php\/testecke\/swiffer-staubwedel-und-bodenwischer\/","title":{"rendered":"Swiffer Staubwedel und Bodenwischer"},"content":{"rendered":"<p>Ha, wenn das Weibchen wieder Testberichte schreibt, hat es eine neue Motivation, denn ich bekomme vieles zum Testen geschenkt. Gelegentlich kaufe ich auch etwas, ganz klar.<\/p>\n<p>Jetzt geht es um Swiffer. Mir fiel noch siedendhei\u00df ein, dass ich Swiffer doch schon mal getestet hatte, aber es ist etliche Jahre her und hier ist der damalige Testbericht mit dem Vergleich zwischen Marke und Eigenmarke bzw. Preiswertprodukt -&gt; <a href=\"http:\/\/www.ciao.de\/Staubmop_Staubweg_Handy__Test_8274088\">http:\/\/www.ciao.de\/Staubmop_Staubweg_Handy__Test_8274088<\/a><\/p>\n<p>Nun, wenn sich nichts ge\u00e4ndert h\u00e4tte, w\u00e4re ich ja nun fertig. Nee, bin ich nicht, denn es gab mehr zu testen als nur den Adapter. In meinem Testpaket waren etliche Wedel, etliche Adapter, Teleskopstiel und das Bodenwischerset. Da es schon etwas geordneter sein darf, hier die einzelnen Handhabungen.<\/p>\n<p>Die Adapter bzw. Handst\u00fccke sind jeweils als ein \u201eKit\u201c (Set) mit je einem Wedel einzeln verpackt worden. Diese Teile sind zum Weitergeben an weitere interessierte Tester. Da warte ich noch immer auf die restlichen Einsch\u00e4tzungen. Im Moment gab es eher so \u201eZweien\u201c in der \u201eBewertung\u201c, was ja schon positiv klingt. Nun mein pers\u00f6nlicher Test:<\/p>\n<p>Wer zu kurz f\u00fcr diese Welt ist, sieht jegliche Teleskopstiele schon als einen Segen an. Auch in engen B\u00e4dern beispielsweise ist vieles nur schwer und mit Leiter zug\u00e4nglich, wenn \u00fcberhaupt eine hineinpasst. Bei mir ist es nicht der Fall. Also war ich schon sehr froh, im Testprojekt dabei sein zu k\u00f6nnen.<\/p>\n<p>Der Teleskopstab ist schnell zusammengesetzt und der daran befindliche Adapter l\u00e4sst sich per Arretierung in fast jede Neigung \u201eknicken\u201c, so dass man auch hohe Fl\u00e4chen erreicht und nicht noch mit dem Stab in Waage alles um sich herum herunterhaut.<\/p>\n<p>Vor allem ist meine Badlampe, die nicht an der Decke, sondern am Schacht angebracht ist, ein kleines \u201eProblemkind\u201c. Der Teleskopstiel kam gut hin und ich konnte endlich \u00f6fter mal \u201edr\u00fcbergehen\u201c. Meine Flurlampe ist eine Biene, ja ein Kinderzimmerschmuckst\u00fcck, aber ich fand die so niedlich. Sie hat nat\u00fcrlich auch viel angesammelt, da ich die schon oft vernachl\u00e4ssige (arme Biene!). Auch hier hat Swiffer ganze Arbeit geleistet, ohne dass ich auf meinen Leitertritt steigen muss. Mein H\u00e4ngeboden im Flur sammelt auch viel an. Und auch hier bew\u00e4hrte es sich. Nach etwa 3 R\u00e4umen und einigen H\u00e4rtef\u00e4llen war der Wedel auch schon ziemlich grau. Aber das ist ja eher so mein Verschulden \ud83d\ude06 Allerdings nimmt er noch immer etwas auf und f\u00fcr den etwas vervollst\u00e4ndigten Fr\u00fchjahrsputz ist das schon ein gutes Ergebnis.<\/p>\n<p>Der Bodenwischer ist schnell zusammengesteckt und das Bodenteil sch\u00f6n zierlich. Unter mein Sofa kann es dennoch nie kommen, dazu ist es doch zu tief \ud83d\ude06 bei mir h\u00e4tte man also keinen Spot drehen k\u00f6nnen, wenn es darum gegangen w\u00e4re. Die mitgelieferten T\u00fccher sind trocken und in einer Folie verschwei\u00dft. Sie sind recht schnell angebracht, indem man die Ecken nach oben klappt und in die L\u00f6cher dr\u00fcckt, die auch angeschnittene Z\u00e4hnchen hat, um den Halt zu gew\u00e4hrleisten. Selbst bei geschenkten Artikeln bin ich recht sparsam und der H\u00e4rtetest hat ergeben, dass er trocken nicht schlecht, aber angefeuchtet doch besser ist und gr\u00fcndlicher aufnimmt. F\u00fcr mich bedarfsfaules Weibchen ists prima, damit feucht die Fliesen im Bad abzuwischen, wo ich nur schwer drankomme.<\/p>\n<p>Insgesamt ergibt es f\u00fcr mich ein positives Ergebnis und hier ist die Schnellzusammenfassung aller Plus- und Minuspunkte:<\/p>\n<p>+ schnell zusammengesteckte Stiele des Staubwedels und des Bodenreinigers<\/p>\n<p>+ durch Teleskopstiel schnelleres Staub wischen, erspart Leitern<\/p>\n<p>+ Stufenweise neigbarer Wedelaufsatz f\u00fcr gerade und hohe Fl\u00e4chen.<\/p>\n<p>+ Handlichkeit insgesamt (kein Grat -&gt; keine Verletzungen)<\/p>\n<p>&#8211; Leider lassen sich die Wedel nur schwer aufziehen, da das Handst\u00fcck eher einer sehr spitzen Gabel \u00e4hnelt und die F\u00fchrung ziemlich undurchsichtig ist. Hier sind die preiswerteren Versionen, die ich noch vorr\u00e4tig habe, ziemlich im Komfort voraus.<\/p>\n<p>&#8211; der Kaufpreis f\u00fcr Staubwedel (incl. Handst\u00fccke) und den Bodenwischer.<\/p>\n<p>Fazit: sollten jegliche Wischer und Wedel alle sein und man hat in der Zwischenzeit einiges verbessert, kaufe ich auch gern Marke nach.<\/p>\n<p>&nbsp;<\/p>\n<p><a href=\"https:\/\/i0.wp.com\/strubbelmiez.de\/wordpress\/wp-content\/uploads\/IMG_20160415_100114.jpg\"><img data-recalc-dims=\"1\" loading=\"lazy\" decoding=\"async\" data-attachment-id=\"3211\" data-permalink=\"http:\/\/strubbelmiez.de\/index.php\/testecke\/swiffer-staubwedel-und-bodenwischer\/img_20160415_100114\/\" data-orig-file=\"https:\/\/i0.wp.com\/strubbelmiez.de\/wordpress\/wp-content\/uploads\/IMG_20160415_100114.jpg?fit=500%2C890\" data-orig-size=\"500,890\" data-comments-opened=\"1\" data-image-meta=\"{&quot;aperture&quot;:&quot;2&quot;,&quot;credit&quot;:&quot;&quot;,&quot;camera&quot;:&quot;ALE-L21&quot;,&quot;caption&quot;:&quot;&quot;,&quot;created_timestamp&quot;:&quot;1460714475&quot;,&quot;copyright&quot;:&quot;&quot;,&quot;focal_length&quot;:&quot;3.79&quot;,&quot;iso&quot;:&quot;470&quot;,&quot;shutter_speed&quot;:&quot;0.03030303030303&quot;,&quot;title&quot;:&quot;&quot;,&quot;orientation&quot;:&quot;1&quot;}\" data-image-title=\"IMG_20160415_100114\" data-image-description=\"\" data-image-caption=\"\" data-large-file=\"https:\/\/i0.wp.com\/strubbelmiez.de\/wordpress\/wp-content\/uploads\/IMG_20160415_100114.jpg?fit=500%2C890\" class=\"alignleft size-full wp-image-3211\" src=\"https:\/\/i0.wp.com\/strubbelmiez.de\/wordpress\/wp-content\/uploads\/IMG_20160415_100114.jpg?resize=500%2C890\" alt=\"IMG_20160415_100114\" width=\"500\" height=\"890\" \/><\/a> <a href=\"https:\/\/i0.wp.com\/strubbelmiez.de\/wordpress\/wp-content\/uploads\/IMG_20160415_103027.jpg\"><img data-recalc-dims=\"1\" loading=\"lazy\" decoding=\"async\" data-attachment-id=\"3212\" data-permalink=\"http:\/\/strubbelmiez.de\/index.php\/testecke\/swiffer-staubwedel-und-bodenwischer\/img_20160415_103027\/\" data-orig-file=\"https:\/\/i0.wp.com\/strubbelmiez.de\/wordpress\/wp-content\/uploads\/IMG_20160415_103027.jpg?fit=500%2C890\" data-orig-size=\"500,890\" data-comments-opened=\"1\" data-image-meta=\"{&quot;aperture&quot;:&quot;2&quot;,&quot;credit&quot;:&quot;&quot;,&quot;camera&quot;:&quot;ALE-L21&quot;,&quot;caption&quot;:&quot;&quot;,&quot;created_timestamp&quot;:&quot;1460716228&quot;,&quot;copyright&quot;:&quot;&quot;,&quot;focal_length&quot;:&quot;3.79&quot;,&quot;iso&quot;:&quot;940&quot;,&quot;shutter_speed&quot;:&quot;0.03030303030303&quot;,&quot;title&quot;:&quot;&quot;,&quot;orientation&quot;:&quot;1&quot;}\" data-image-title=\"IMG_20160415_103027\" data-image-description=\"\" data-image-caption=\"\" data-large-file=\"https:\/\/i0.wp.com\/strubbelmiez.de\/wordpress\/wp-content\/uploads\/IMG_20160415_103027.jpg?fit=500%2C890\" class=\"alignleft size-full wp-image-3212\" src=\"https:\/\/i0.wp.com\/strubbelmiez.de\/wordpress\/wp-content\/uploads\/IMG_20160415_103027.jpg?resize=500%2C890\" alt=\"IMG_20160415_103027\" width=\"500\" height=\"890\" \/><\/a><\/p>\n<div id=\"wp_fb_like_button\" style=\"margin:5px 0;float:none;height:100px;\"><script src=\"http:\/\/connect.facebook.net\/en_US\/all.js#xfbml=1\"><\/script><fb:like href=\"http:\/\/strubbelmiez.de\/index.php\/testecke\/swiffer-staubwedel-und-bodenwischer\/\" send=\"true\" layout=\"standard\" width=\"450\" show_faces=\"true\" font=\"arial\" action=\"like\" colorscheme=\"light\"><\/fb:like><\/div>","protected":false},"excerpt":{"rendered":"<p>Ha, wenn das Weibchen wieder Testberichte schreibt, hat es eine neue Motivation, denn ich bekomme vieles zum Testen geschenkt. Gelegentlich kaufe ich auch etwas, ganz klar. Jetzt geht es um Swiffer. Mir fiel noch siedendhei\u00df ein, dass ich Swiffer doch schon mal getestet hatte, aber es ist etliche Jahre her und hier ist der damalige &hellip; <a href=\"http:\/\/strubbelmiez.de\/index.php\/testecke\/swiffer-staubwedel-und-bodenwischer\/\" class=\"more-link\"><span class=\"screen-reader-text\">Swiffer Staubwedel und Bodenwischer<\/span> weiterlesen <span class=\"meta-nav\">&rarr;<\/span><\/a><\/p>\n","protected":false},"author":1,"featured_media":0,"parent":2984,"menu_order":4,"comment_status":"open","ping_status":"open","template":"","meta":{"jetpack_post_was_ever_published":false,"footnotes":""},"class_list":["post-3210","page","type-page","status-publish","hentry"],"jetpack_sharing_enabled":true,"jetpack_shortlink":"https:\/\/wp.me\/P2ijNL-PM","jetpack-related-posts":[],"_links":{"self":[{"href":"http:\/\/strubbelmiez.de\/index.php\/wp-json\/wp\/v2\/pages\/3210","targetHints":{"allow":["GET"]}}],"collection":[{"href":"http:\/\/strubbelmiez.de\/index.php\/wp-json\/wp\/v2\/pages"}],"about":[{"href":"http:\/\/strubbelmiez.de\/index.php\/wp-json\/wp\/v2\/types\/page"}],"author":[{"embeddable":true,"href":"http:\/\/strubbelmiez.de\/index.php\/wp-json\/wp\/v2\/users\/1"}],"replies":[{"embeddable":true,"href":"http:\/\/strubbelmiez.de\/index.php\/wp-json\/wp\/v2\/comments?post=3210"}],"version-history":[{"count":1,"href":"http:\/\/strubbelmiez.de\/index.php\/wp-json\/wp\/v2\/pages\/3210\/revisions"}],"predecessor-version":[{"id":3213,"href":"http:\/\/strubbelmiez.de\/index.php\/wp-json\/wp\/v2\/pages\/3210\/revisions\/3213"}],"up":[{"embeddable":true,"href":"http:\/\/strubbelmiez.de\/index.php\/wp-json\/wp\/v2\/pages\/2984"}],"wp:attachment":[{"href":"http:\/\/strubbelmiez.de\/index.php\/wp-json\/wp\/v2\/media?parent=3210"}],"curies":[{"name":"wp","href":"https:\/\/api.w.org\/{rel}","templated":true}]}}