{"id":3223,"date":"2016-05-24T14:53:22","date_gmt":"2016-05-24T12:53:22","guid":{"rendered":"http:\/\/strubbelmiez.de\/?page_id=3223"},"modified":"2016-05-24T14:53:22","modified_gmt":"2016-05-24T12:53:22","slug":"hugo-light-live-klassische-sorte","status":"publish","type":"page","link":"http:\/\/strubbelmiez.de\/index.php\/testecke\/hugo-light-live-klassische-sorte\/","title":{"rendered":"&#8222;Hugo light live&#8220; (klassische Sorte)"},"content":{"rendered":"<p>So, jetzt wo man denkt, die Viertsch\u00f6nste in diesem Seniorenhaushalt bes\u00e4uft sich st\u00e4ndig sinnlos, gebe ich dem Affen gleich mal Zucker. <a href=\"http:\/\/strubbelmiez.de\/index.php\/sommerrufe\/\">Wie man schon gelesen hatte<\/a>, bekamen wir als tollen Ersatz 2 Sekt namens <em>\u201eHugo light live\u201c<\/em> aus der Sektkellerei Schloss Wachenheim. Einmal die klassische Sorte und einmal \u201eHerbs &amp; Fruits\u201c mit Vanille- und Rhabarberaroma. Beides ist alkoholfei, also kann man die Korken schon mal \u00f6fter knallen lassen. So viel Sekt, wie nach der Pr\u00fcfung und rund um den Purzeltag schnasseln wir sonst in einem halben Jahr \ud83d\ude06 . Und Besuch ist hier nicht oft. Es gibt ja hier kein edles Hotelflair *hust*, denn die Bude ist eher ungew\u00f6hnlich eingerichtet, nicht so wie alle klassischen Wohn- und Schlafzimmer.<\/p>\n<p>Den klassischen Sekt, um den es mit dem seifigen Geschmack ging, wurde schon gekostet. Ergebnis: Ein sehr leicht seifiger Geschmack ist noch da, aber nicht so unangenehm wie bei der beanstandeten Flasche. Auf alle F\u00e4lle kann man den wirklich eher genie\u00dfen, wenn man Freund lieblich-s\u00fc\u00dfer Getr\u00e4nke ist. Meine Bekannte verdrehte eher vor Lachen die Augen, weil sie erst nicht wusste, wie sie den Geschmack den beanstandeten Sekt beschreiben sollte. \u201eSeifig\u201c traf es ja vorher schon richtig. Aber der jetzige Sekt ist mit sehr minimal bekanntem Geschmack absolut in Ordnung.<\/p>\n<p>Es w\u00e4re sogar nicht mal schlimm, wenn man ruckzuck allein eine Flasche geleert h\u00e4tte statt ein- und aufzuteilen. Aber ohne Freundin, die das Ganze ins Rollen brachte, machts ja keinen Spa\u00df, ob gekauft oder nicht. L\u00e4nger als 2 Tage bleibt hier ja nichts stehen und gekauft wird auch nur auf m\u00f6glichen Bedarf, der meist Rest wird halt am Folgetag leergenascht.<\/p>\n<p><strong>An dieser Stelle von uns nochmals vielen Dank an das Team der Sektkellerei, die sich wirklich klasse verhielt und uns auch noch mit zwei Flaschen \u00fcberrascht hatte.<\/strong><\/p>\n<p>Der zweite Sekt wird nat\u00fcrlich auch getestet, logisch! \ud83d\ude00 da wird nat\u00fcrlich was nachgereicht.<\/p>\n<div id=\"wp_fb_like_button\" style=\"margin:5px 0;float:none;height:100px;\"><script src=\"http:\/\/connect.facebook.net\/en_US\/all.js#xfbml=1\"><\/script><fb:like href=\"http:\/\/strubbelmiez.de\/index.php\/testecke\/hugo-light-live-klassische-sorte\/\" send=\"true\" layout=\"standard\" width=\"450\" show_faces=\"true\" font=\"arial\" action=\"like\" colorscheme=\"light\"><\/fb:like><\/div>","protected":false},"excerpt":{"rendered":"<p>So, jetzt wo man denkt, die Viertsch\u00f6nste in diesem Seniorenhaushalt bes\u00e4uft sich st\u00e4ndig sinnlos, gebe ich dem Affen gleich mal Zucker. Wie man schon gelesen hatte, bekamen wir als tollen Ersatz 2 Sekt namens \u201eHugo light live\u201c aus der Sektkellerei Schloss Wachenheim. Einmal die klassische Sorte und einmal \u201eHerbs &amp; Fruits\u201c mit Vanille- und Rhabarberaroma. &hellip; <a href=\"http:\/\/strubbelmiez.de\/index.php\/testecke\/hugo-light-live-klassische-sorte\/\" class=\"more-link\"><span class=\"screen-reader-text\">&#8222;Hugo light live&#8220; (klassische Sorte)<\/span> weiterlesen <span class=\"meta-nav\">&rarr;<\/span><\/a><\/p>\n","protected":false},"author":1,"featured_media":0,"parent":2984,"menu_order":6,"comment_status":"open","ping_status":"open","template":"","meta":{"jetpack_post_was_ever_published":false,"footnotes":""},"class_list":["post-3223","page","type-page","status-publish","hentry"],"jetpack_sharing_enabled":true,"jetpack_shortlink":"https:\/\/wp.me\/P2ijNL-PZ","jetpack-related-posts":[],"_links":{"self":[{"href":"http:\/\/strubbelmiez.de\/index.php\/wp-json\/wp\/v2\/pages\/3223","targetHints":{"allow":["GET"]}}],"collection":[{"href":"http:\/\/strubbelmiez.de\/index.php\/wp-json\/wp\/v2\/pages"}],"about":[{"href":"http:\/\/strubbelmiez.de\/index.php\/wp-json\/wp\/v2\/types\/page"}],"author":[{"embeddable":true,"href":"http:\/\/strubbelmiez.de\/index.php\/wp-json\/wp\/v2\/users\/1"}],"replies":[{"embeddable":true,"href":"http:\/\/strubbelmiez.de\/index.php\/wp-json\/wp\/v2\/comments?post=3223"}],"version-history":[{"count":1,"href":"http:\/\/strubbelmiez.de\/index.php\/wp-json\/wp\/v2\/pages\/3223\/revisions"}],"predecessor-version":[{"id":3224,"href":"http:\/\/strubbelmiez.de\/index.php\/wp-json\/wp\/v2\/pages\/3223\/revisions\/3224"}],"up":[{"embeddable":true,"href":"http:\/\/strubbelmiez.de\/index.php\/wp-json\/wp\/v2\/pages\/2984"}],"wp:attachment":[{"href":"http:\/\/strubbelmiez.de\/index.php\/wp-json\/wp\/v2\/media?parent=3223"}],"curies":[{"name":"wp","href":"https:\/\/api.w.org\/{rel}","templated":true}]}}