{"id":3227,"date":"2016-05-27T11:40:40","date_gmt":"2016-05-27T09:40:40","guid":{"rendered":"http:\/\/strubbelmiez.de\/?page_id=3227"},"modified":"2016-05-27T11:40:40","modified_gmt":"2016-05-27T09:40:40","slug":"hugo-sekt-mit-rhabarber-und-vanille","status":"publish","type":"page","link":"http:\/\/strubbelmiez.de\/index.php\/testecke\/hugo-sekt-mit-rhabarber-und-vanille\/","title":{"rendered":"&#8222;Hugo&#8220; Sekt mit Rhabarber und Vanille"},"content":{"rendered":"<p>So, Test Nr. 2 der Sorten von \u201eHugo\u201c<\/p>\n<p>Aus vorangegangenen Artikeln ist zu lesen, dass wir von der Sektkellerei Schloss Wachenheim Sekt geschickt bekamen und warum.<\/p>\n<p>M\u00e4dels sind von natur aus neugierig und klar haben wir den n\u00e4chsten ge\u00f6ffnet, w\u00e4hrend wir etwas herumbastelten und ordentlich viel geschnattert haben.<\/p>\n<p>Der zweite Sekt mit Vanille- und Rhabarberaroma war uns zumindest bis dato ja unbekannt, da wir den in keinem Markt gesehen hatten. Meine Bekannte aber verfolgt Werbung und hat auch nichts mitbekommen. Hier gibt\u2019s also f\u00fcr beide ein ganz neues Geschmackserlebnis. Ich selbst dachte erst, es w\u00fcrde schon recht sauer nach Rhabarber schmecken, aber zum Gl\u00fcck war dem nicht so, auch wenn es das andere Trinchen bei Getr\u00e4nken eher herber mag. Keine Spur von sauer und dennoch Rhabarbergeschmack. Mit dem Vanillegeschmack ist es \u00e4hnlich, beides ist klasse abgerundet und auch nicht zu s\u00fc\u00df. Also dieser Sorte werde ich k\u00fcnftig wohl im Netz nachjagen, wenn es nicht bald im Handel zu erwischen ist. Denn die J\u00e4gerin nach fl\u00fcssigen Leckerchen bin nun mal ich, w\u00e4hrend sich die andere J\u00e4gerin auf die besten S\u00fc\u00dfigkeiten \u201espezialisiert\u201c hat.<\/p>\n<p><strong>Wir empfehlen die uns jetzt bekannten Sektsorten mit gutem Gewissen und sind begeistert.<\/strong> Und wer es herber mag, kann ja etwas Grapefruitsaft so oder als Eisw\u00fcrfel veredeln. Aber versaut wird mir hier im Hause nix, sonst kann man gleich Grapefruitsaft trinken \ud83d\ude06<\/p>\n<p>&nbsp;<\/p>\n<p>&nbsp;<\/p>\n<div id=\"wp_fb_like_button\" style=\"margin:5px 0;float:none;height:100px;\"><script src=\"http:\/\/connect.facebook.net\/en_US\/all.js#xfbml=1\"><\/script><fb:like href=\"http:\/\/strubbelmiez.de\/index.php\/testecke\/hugo-sekt-mit-rhabarber-und-vanille\/\" send=\"true\" layout=\"standard\" width=\"450\" show_faces=\"true\" font=\"arial\" action=\"like\" colorscheme=\"light\"><\/fb:like><\/div>","protected":false},"excerpt":{"rendered":"<p>So, Test Nr. 2 der Sorten von \u201eHugo\u201c Aus vorangegangenen Artikeln ist zu lesen, dass wir von der Sektkellerei Schloss Wachenheim Sekt geschickt bekamen und warum. M\u00e4dels sind von natur aus neugierig und klar haben wir den n\u00e4chsten ge\u00f6ffnet, w\u00e4hrend wir etwas herumbastelten und ordentlich viel geschnattert haben. Der zweite Sekt mit Vanille- und Rhabarberaroma &hellip; <a href=\"http:\/\/strubbelmiez.de\/index.php\/testecke\/hugo-sekt-mit-rhabarber-und-vanille\/\" class=\"more-link\"><span class=\"screen-reader-text\">&#8222;Hugo&#8220; Sekt mit Rhabarber und Vanille<\/span> weiterlesen <span class=\"meta-nav\">&rarr;<\/span><\/a><\/p>\n","protected":false},"author":1,"featured_media":0,"parent":2984,"menu_order":7,"comment_status":"open","ping_status":"open","template":"","meta":{"jetpack_post_was_ever_published":false,"footnotes":""},"class_list":["post-3227","page","type-page","status-publish","hentry"],"jetpack_sharing_enabled":true,"jetpack_shortlink":"https:\/\/wp.me\/P2ijNL-Q3","jetpack-related-posts":[],"_links":{"self":[{"href":"http:\/\/strubbelmiez.de\/index.php\/wp-json\/wp\/v2\/pages\/3227","targetHints":{"allow":["GET"]}}],"collection":[{"href":"http:\/\/strubbelmiez.de\/index.php\/wp-json\/wp\/v2\/pages"}],"about":[{"href":"http:\/\/strubbelmiez.de\/index.php\/wp-json\/wp\/v2\/types\/page"}],"author":[{"embeddable":true,"href":"http:\/\/strubbelmiez.de\/index.php\/wp-json\/wp\/v2\/users\/1"}],"replies":[{"embeddable":true,"href":"http:\/\/strubbelmiez.de\/index.php\/wp-json\/wp\/v2\/comments?post=3227"}],"version-history":[{"count":1,"href":"http:\/\/strubbelmiez.de\/index.php\/wp-json\/wp\/v2\/pages\/3227\/revisions"}],"predecessor-version":[{"id":3228,"href":"http:\/\/strubbelmiez.de\/index.php\/wp-json\/wp\/v2\/pages\/3227\/revisions\/3228"}],"up":[{"embeddable":true,"href":"http:\/\/strubbelmiez.de\/index.php\/wp-json\/wp\/v2\/pages\/2984"}],"wp:attachment":[{"href":"http:\/\/strubbelmiez.de\/index.php\/wp-json\/wp\/v2\/media?parent=3227"}],"curies":[{"name":"wp","href":"https:\/\/api.w.org\/{rel}","templated":true}]}}