{"id":358,"date":"2011-10-24T08:46:19","date_gmt":"2011-10-24T08:46:19","guid":{"rendered":"http:\/\/strubbelmiez.de\/wordpress\/?page_id=358"},"modified":"2015-05-12T18:00:01","modified_gmt":"2015-05-12T16:00:01","slug":"wir-uben-den-ersten-heimischen-wintersport","status":"publish","type":"page","link":"http:\/\/strubbelmiez.de\/index.php\/ordnung-ist-das-halbe-leben-aber-es-kann-weniger-brauchen\/wir-uben-den-ersten-heimischen-wintersport\/","title":{"rendered":"Wir \u00fcben den ersten heimischen Wintersport"},"content":{"rendered":"<p>M\u00e4dels, die Temperaturen werden knackig und ich frage mich, was es erst im Winter werden soll. So manche Vertreterin unseres Geschlechts wird schon trotz des mega-kuschelig warmen Hausanzuges und warmer Pl\u00fcschtreter zeitweilig schon die Heizung angestellt haben. Allerdings schwitzen wir schon bei dem Gedanken an die n\u00e4chste Abrechnung.<\/p>\n<p>Wer sich gerade nur auf notwendige Wege wie zur Arbeit etc. nach drau\u00dfen bewegen m\u00f6chte, hat ja noch die Option auf den heimischen Wintersport. Dieser \u00e4hnelt stark den&nbsp; sommerlichen \u201eDisziplinen\u201c wie Hockstreckspr\u00fcngen an der W\u00e4scheleine, Hindernislauf \u00fcber W\u00e4scheberge oder das vorerst \u201ezentrierte\u201c Chaos, um in Ruhe Krimskrams auszusortieren. Jetzt bricht also wieder die Zeit an, in der wir ganze Schr\u00e4nke und B\u00f6den umkrempeln.<\/p>\n<p>F\u00fcr die geistige und zugleich k\u00f6rperliche Fitness bietet sich hier das Kleiderschranktetris an. Wir M\u00e4dels h\u00e4tten ja gern eine ganze Menge Schrank, haben aber kaum Platz und noch seltener die Bereitschaft, l\u00e4ngst nicht mehr passende oder \u00fcberhaupt lange nicht mehr getragene Klamotten auszur\u00fcmpeln. Der eine oder andere Blick in Auktionsplattformen l\u00e4sst mein Weiberherzchen schmilzen, im n\u00e4chsten Moment aber auch Tr\u00e4nen der tiefen Trauer um mangelnden Platz und finanziellen Spielraumes wie B\u00e4che herabrinnen. Es finden sich n\u00e4mlich begehbare Kleiderschr\u00e4nke, die mitten im Raum aufgestellt werden, von allen Seiten den Blick ins Innere bieten und \u201emal eben\u201c ab 3000 \u20ac erh\u00e4ltlich sind. Ich wische meine Tr\u00e4nchen dennoch tapfer weg, schaue mich nach Ordnungssystemen um, teile meine Schnarcheria etwas ab und schiebe optisch unliebsame aber praktische M\u00f6bel an die Wand und verdecke sie mit einer Gardinenreihe als Raumteiler.<\/p>\n<p>Ich habe also *klingelingeling\u201c 1 Punkt!<\/p>\n<p>Die kleinen Ordnungshelfer, die uns so manches Versandhaus oder Gesch\u00e4ft verkauft, sind angeschafft und es kann losgehen. Es sind beispielsweise Schrankk\u00f6rbe, Schubladen- und H\u00e4ngeorganizer in gro\u00dfer Auswahl, Vakuumh\u00fcllen in etlichen Gr\u00f6\u00dfen und Ausf\u00fchrungen, kleine Textil- und Schuhboxen, die ich auf meinen Bedarf abgestimmt zu haben glaubte und fast selbst Handel hiermit betreiben k\u00f6nnte, und vieles mehr.<\/p>\n<p>Die Praxis, liebe Damen, sieht so aus: Die Schrankk\u00f6rbe, inzwischen in insgesamt gro\u00dfer Anzahl, aber x verschiedenen Gr\u00f6\u00dfen erweisen sich als wahre Hilfe. Die kleinen Schrankk\u00f6rbe f\u00fcr die in der Breite begrenzten Regalteile des Kleiderschrankes sind nach langer Suche auch gefunden, in Massen beschafft und erf\u00fcllen ihren Zweck. Jeder Millimeter der 2 Regalteile ist genutzt. Kleine Teile wie Tops f\u00fcr den Sommer, Basics f\u00fcr den Winter und vieles mehr wurden hier fast in Ma\u00dfarbeit untergebracht.<\/p>\n<p>Es klingelt f\u00fcr den 2. Punkt, M\u00e4dels \u2026, denn Sommer- und Wintersachen sind gut und verdammt \u00fcbersichtlich verstaut.<\/p>\n<p>Kommen wir zu den weiteren kleinen Teilchen, die wir drunter und unten tragen: Die Auswahl an Socken und anderen netten \u201eTeilchen\u201c ist (bei mir jedenfalls) erschreckend gro\u00df und muss in einer Kommode untergebracht werden. Socken-Kn\u00e4ule schlie\u00dfe ich aus, da die B\u00fcndchen hierdurch m\u00e4chtig leiden, also muss der \u201eSchubi-Teiler\u201c her. Wir kennen das Bild der Bienenwaben und so gestaltet sich per \u201eKlick\u201c auch das Zusammensetzen der gelieferten \u201eStreifen\u201c, die aber auch in der L\u00e4nge und Breite der Schubladen abgestimmt sein m\u00fcssen. Es f\u00e4llt A viel Verschnitt an und B muss man sich ein f\u00fcr alle Mal in der L\u00e4nge festlegen, in der Tiefe ist die Methode flexibel. Ich fluche laut, denn bekomme nur die H\u00e4lfte meiner eingerollten Str\u00fcmpfe unter. Au\u00dferdem habe ich wunde Finger vom m\u00fchsamen Schneiden und Zusammensetzen.<\/p>\n<p>Keinen Punkt, schade!<\/p>\n<p>Inzwischen sind andere in der L\u00e4nge einstellbare \u201eSchubi-Organizer\u201c gefunden und der Punkt ist wieder da *puh*! Wir w\u00e4ren also bei bislang 3 Punkten.<\/p>\n<p>Die Vakuum-H\u00fcllen mit einem&nbsp; B\u00fcgel \u00fcberfordern meinen&nbsp; Schrank in der Breite und finden nun auf dem H\u00e4ngeboden Platz. 4. Punkt gerettet!<\/p>\n<p>Kleine Kisten f\u00fcr Schuhe erf\u00fcllen supi ihren Zweck und passen noch gerade so in die L\u00fccke unter die B\u00fcgelkleidung. 5. \u201ePunkte-Pling* aber knapp!<\/p>\n<p>Die H\u00e4nge-Organizer f\u00fcr Kleiderst\u00e4nder oder auch Schr\u00e4nke sind \u2026[oops\u2026!] \u00fcberfl\u00fcssig geworden und das bei sogar zwei weiteren Kleiderst\u00e4ndern in meiner \u201eTornado-Ecke\u201c unterm Hochbett. Es braucht wohl ein dekoratives \u201eOrdnungskistchen\u201c wo \u00fcbrig gebliebene oder ungenutzte Ordnungssysteme untergebracht werden. Aha, das Ordnungssystem im Ordnungssystem (wie \u201ehilfreich\u201c!). Kein Punkt!<\/p>\n<p>Ich schwitze bereits und das aus 2 Gr\u00fcnden. Mir ist warm und dazu passend siedendhei\u00df f\u00e4llt mir die Frage ein: Wohin eigentlich mit der so genannten Hausw\u00e4sche wie Bettzeug etc., die ich nun doch aus dem Schrank nahm? Offen horten und Staub darauf fallen lassen? Keineswegs! Hey, wir haben noch eine Kissenh\u00fclle gefunden und es passt leider nur die H\u00e4lfte hinein. Noch mehr Ordnungskisten und mit noch gr\u00f6\u00dferen Ma\u00dfen? Will ich noch eine weitere Disziplin wie Leitertritt \u00fcben, um an die Bettw\u00e4sche zu kommen? F\u00fcr G\u00e4ste w\u00e4re es nicht zu h\u00e4ufig. Ich finde noch eine letzte Vakuumh\u00fclle und male mir aus, bei \u00dcbernachtungsbesuch von Freundinnen oder Familie jedes Mal den bekannten Aufwand zu haben.<\/p>\n<p>Aber f\u00fcr den 6. Punkt \u2026 sei\u00b4s drum!<\/p>\n<p>Die weiteren \u201eLevel\u201c f\u00fcr Bad und K\u00fcche sind Dank Zweckentfremdung von Ordnungshelferlein auch geschafft [yeah!] und ich f\u00fchle mich langsam wie eine Expertin. Bilder sind gegen meinen Lieblingskuchen (ich verrate aber nix, das l\u00e4sst sich recherchieren) und einem gro\u00dfen Preis (von diversen Sendungen *gg*) m\u00f6glich.<\/p>\n<p>Inzwischen ist alles f\u00fcr den Winter umgeordnet, alles hat seinen Platz und meine Auswahl an Kisten in etlichen Gr\u00f6\u00dfen, Formaten, Farben und Materialien wird immer gr\u00f6\u00dfer. Punkt? Highscore geknackt? Und gegen wen eigentlich? Hier steht ja Highscore gegen Umsatz. Wer hat gewonnen? Ich quetsche noch ein Argument heraus: ich habe hierdurch wenigstens festgestellt, dass ich bis auf ein paar Winterstiefel nichts weiter an Klamotten brauche. Ich glaube, der Punkt geht aber eher unter.<\/p>\n<p>Ich f\u00fchle mich gerade irgendwie wie eine Politikerin hinter einem Rednerpult: <em>\u201eDas sind wahre Probleme, meine Damen und Herren\u2026!<\/em> \u201e und muss \u00fcber die bildliche Vorstellung und den \u201eSinn\u201c m\u00e4chtig japsen.<\/p>\n<p>Das Wort \u201eWirtschaft\u201c hat ja vielerlei&nbsp; Bedeutung wie z. B. \u201eWeiberwirtschaft\u201c, wir sind schlie\u00dflich die Zielgruppe, ohne die so manche Modekette, Deko- und Haushaltswarengesch\u00e4ft kaum&nbsp; \u00fcberleben w\u00fcrde, oder? Lasst uns nach Herzenslust Kisten stapeln, das Klingeln der Punkte in den Ohren haben, herzhaft oder Herz zerrei\u00dfend fluchen, neu kaufen, aussortieren und evtl. noch verzweifelt tr\u00e4nen\u00fcberstr\u00f6mt zum Partner schauen. Dieser, sofern vorhanden, wird sich entweder stolz geschwellter Brust des Problems annehmen, nachdem er sich vom Lachanfall erholt hat oder nur noch das Wei\u00dfe in den Augen zeigte, da die Pupillen sehr nach oben gerichtet sind.<\/p>\n<p>Liebe Versandhaus-Chefs: Entwickelt doch einfach ein unterhaltsames Spielchen f\u00fcr uns Damen und somit lassen sich ebenfalls viele kleine Helfer und deren k\u00fcnftiger Inhalt (gell?) vermarkten. Vielleicht bringt der Highscore ja sogar noch Gewinne f\u00fcr beide Seiten mit sich. Na?! F\u00fcr die evtl. Aufdeckung einer gro\u00dfen und wohl lukrativ wirkenden Marktl\u00fccke h\u00e4tte ich dann gern wenigstens einen Gutschein zu den warmen Worten (Gewinnbeteiligung w\u00e4re ja der Kracher, auf den ich aber wohl nicht hoffen brauche, oder?) \ud83d\ude09<\/p>\n<p>Liebe Autoren oder Autorinnen, die \u201eFrauenversteher-B\u00fccher\u201c oder sonstige wissenschaftliche oder satirische B\u00fccher herausbringen: denkt an diese Worte und schenkt mir dann bitte eine signierte Ausgabe des Wunderwerks. Danke.<\/p>\n<p>Das kleine Fazit unter der \u201eTapete\u201c: W\u00fcrde ich alles stapeln und das investierte Geld zusammenrechnen, h\u00e4tte ich sicher fast so einen Traumschrank stehen haben k\u00f6nnen, aber wo bliebe dann der k\u00f6rperliche und geistige Sport, dank dem ich mich mit minimal oder nicht aufgedrehter Heizung warm arbeite? \ud83d\ude09<\/p>\n<p>Achso: Ob ich sonst keine Sorgen oder nichts zu tun habe\u2026? Doch, aber Therapeuten sind verdammt teuer und das \u201etherapeutische Heimtetris spielen\u201c bleibt ein Wochenend-\u201eProjekt\u201c und <em>\u201e\u00c4u\u00dfere Ordnung ist auch innere Ordnung\u201c.<\/em> Zumindest sagt man das \ud83d\ude1b<\/p>\n<p>&nbsp;<\/p>\n<div id=\"wp_fb_like_button\" style=\"margin:5px 0;float:none;height:100px;\"><script src=\"http:\/\/connect.facebook.net\/en_US\/all.js#xfbml=1\"><\/script><fb:like href=\"http:\/\/strubbelmiez.de\/index.php\/ordnung-ist-das-halbe-leben-aber-es-kann-weniger-brauchen\/wir-uben-den-ersten-heimischen-wintersport\/\" send=\"true\" layout=\"standard\" width=\"450\" show_faces=\"true\" font=\"arial\" action=\"like\" colorscheme=\"light\"><\/fb:like><\/div>","protected":false},"excerpt":{"rendered":"<p>M\u00e4dels, die Temperaturen werden knackig und ich frage mich, was es erst im Winter werden soll. So manche Vertreterin unseres Geschlechts wird schon trotz des mega-kuschelig warmen Hausanzuges und warmer Pl\u00fcschtreter zeitweilig schon die Heizung angestellt haben. Allerdings schwitzen wir schon bei dem Gedanken an die n\u00e4chste Abrechnung. Wer sich gerade nur auf notwendige Wege &hellip; <a href=\"http:\/\/strubbelmiez.de\/index.php\/ordnung-ist-das-halbe-leben-aber-es-kann-weniger-brauchen\/wir-uben-den-ersten-heimischen-wintersport\/\" class=\"more-link\"><span class=\"screen-reader-text\">Wir \u00fcben den ersten heimischen Wintersport<\/span> weiterlesen <span class=\"meta-nav\">&rarr;<\/span><\/a><\/p>\n","protected":false},"author":1,"featured_media":0,"parent":2954,"menu_order":16,"comment_status":"open","ping_status":"open","template":"","meta":{"jetpack_post_was_ever_published":false,"footnotes":""},"class_list":["post-358","page","type-page","status-publish","hentry"],"jetpack_sharing_enabled":true,"jetpack_shortlink":"https:\/\/wp.me\/P2ijNL-5M","jetpack-related-posts":[],"_links":{"self":[{"href":"http:\/\/strubbelmiez.de\/index.php\/wp-json\/wp\/v2\/pages\/358","targetHints":{"allow":["GET"]}}],"collection":[{"href":"http:\/\/strubbelmiez.de\/index.php\/wp-json\/wp\/v2\/pages"}],"about":[{"href":"http:\/\/strubbelmiez.de\/index.php\/wp-json\/wp\/v2\/types\/page"}],"author":[{"embeddable":true,"href":"http:\/\/strubbelmiez.de\/index.php\/wp-json\/wp\/v2\/users\/1"}],"replies":[{"embeddable":true,"href":"http:\/\/strubbelmiez.de\/index.php\/wp-json\/wp\/v2\/comments?post=358"}],"version-history":[{"count":12,"href":"http:\/\/strubbelmiez.de\/index.php\/wp-json\/wp\/v2\/pages\/358\/revisions"}],"predecessor-version":[{"id":3071,"href":"http:\/\/strubbelmiez.de\/index.php\/wp-json\/wp\/v2\/pages\/358\/revisions\/3071"}],"up":[{"embeddable":true,"href":"http:\/\/strubbelmiez.de\/index.php\/wp-json\/wp\/v2\/pages\/2954"}],"wp:attachment":[{"href":"http:\/\/strubbelmiez.de\/index.php\/wp-json\/wp\/v2\/media?parent=358"}],"curies":[{"name":"wp","href":"https:\/\/api.w.org\/{rel}","templated":true}]}}