{"id":370,"date":"2011-10-24T10:24:39","date_gmt":"2011-10-24T10:24:39","guid":{"rendered":"http:\/\/strubbelmiez.de\/wordpress\/?page_id=370"},"modified":"2011-12-09T21:44:18","modified_gmt":"2011-12-09T20:44:18","slug":"kindermund","status":"publish","type":"page","link":"http:\/\/strubbelmiez.de\/index.php\/plauderecke\/kindermund\/","title":{"rendered":"Kindermund&#8230;"},"content":{"rendered":"<p>\u201eKindermund tut Wahrheit kund\u201c ein abgedroschen wirkender Spruch, aber immer wieder aktuell, am\u00fcsant und nicht unwahr.<\/p>\n<p>Wie oft erleben wir es, dass eigene oder auch uns anvertraute Kinder die herrlichsten Geschichten liefern k\u00f6nnen.<\/p>\n<p>Ohne Nennung der Namen und ohne Diffamierung untereinander l\u00e4sst es sich hier gem\u00fctlich \u00fcber die kleinen Anekdoten schwatzen. Kommentare werden vor Zulassung ohnehin gepr\u00fcft.<\/p>\n<p>In manchen F\u00e4llen werde ich also personenbezogene Daten oder unsachliche \u00c4u\u00dferungen editieren oder ganze Kommentare ohne Zulassung l\u00f6schen m\u00fcssen. Ich bin, wie in jedem Thema und auf jeder Seite hier im Blog, auf ein friedliches Miteinander aus. Und besonders der Datenschutz und der Schutz pers\u00f6nlicher Rechte sollten gewahrt werden.<\/p>\n<p>Darum sind zus\u00e4tzlich auch beispielsweise Fotos nicht zugelassen. Wir sollten \u00fcber den Kopf der Kinder nicht hinwegentscheiden, ob ihre Bilder (und seien sie noch so lustig und unverf\u00e4nglich) ver\u00f6ffentlicht werden. Dieses gilt f\u00fcr eigene sowohl und erst recht f\u00fcr anvertraute Kinder.<\/p>\n<p>Und nun\u2026B\u00fchne frei f\u00fcr unsere kleinen Erlebnisse \ud83d\ude09<\/p>\n<p>&nbsp;<\/p>\n<div id=\"wp_fb_like_button\" style=\"margin:5px 0;float:none;height:100px;\"><script src=\"http:\/\/connect.facebook.net\/en_US\/all.js#xfbml=1\"><\/script><fb:like href=\"http:\/\/strubbelmiez.de\/index.php\/plauderecke\/kindermund\/\" send=\"true\" layout=\"standard\" width=\"450\" show_faces=\"true\" font=\"arial\" action=\"like\" colorscheme=\"light\"><\/fb:like><\/div>","protected":false},"excerpt":{"rendered":"<p>\u201eKindermund tut Wahrheit kund\u201c ein abgedroschen wirkender Spruch, aber immer wieder aktuell, am\u00fcsant und nicht unwahr. Wie oft erleben wir es, dass eigene oder auch uns anvertraute Kinder die herrlichsten Geschichten liefern k\u00f6nnen. Ohne Nennung der Namen und ohne Diffamierung untereinander l\u00e4sst es sich hier gem\u00fctlich \u00fcber die kleinen Anekdoten schwatzen. Kommentare werden vor Zulassung &hellip; <a href=\"http:\/\/strubbelmiez.de\/index.php\/plauderecke\/kindermund\/\" class=\"more-link\"><span class=\"screen-reader-text\">Kindermund&#8230;<\/span> weiterlesen <span class=\"meta-nav\">&rarr;<\/span><\/a><\/p>\n","protected":false},"author":1,"featured_media":0,"parent":45,"menu_order":5,"comment_status":"open","ping_status":"open","template":"","meta":{"jetpack_post_was_ever_published":false,"footnotes":""},"class_list":["post-370","page","type-page","status-publish","hentry"],"jetpack_sharing_enabled":true,"jetpack_shortlink":"https:\/\/wp.me\/P2ijNL-5Y","jetpack-related-posts":[],"_links":{"self":[{"href":"http:\/\/strubbelmiez.de\/index.php\/wp-json\/wp\/v2\/pages\/370","targetHints":{"allow":["GET"]}}],"collection":[{"href":"http:\/\/strubbelmiez.de\/index.php\/wp-json\/wp\/v2\/pages"}],"about":[{"href":"http:\/\/strubbelmiez.de\/index.php\/wp-json\/wp\/v2\/types\/page"}],"author":[{"embeddable":true,"href":"http:\/\/strubbelmiez.de\/index.php\/wp-json\/wp\/v2\/users\/1"}],"replies":[{"embeddable":true,"href":"http:\/\/strubbelmiez.de\/index.php\/wp-json\/wp\/v2\/comments?post=370"}],"version-history":[{"count":8,"href":"http:\/\/strubbelmiez.de\/index.php\/wp-json\/wp\/v2\/pages\/370\/revisions"}],"predecessor-version":[{"id":585,"href":"http:\/\/strubbelmiez.de\/index.php\/wp-json\/wp\/v2\/pages\/370\/revisions\/585"}],"up":[{"embeddable":true,"href":"http:\/\/strubbelmiez.de\/index.php\/wp-json\/wp\/v2\/pages\/45"}],"wp:attachment":[{"href":"http:\/\/strubbelmiez.de\/index.php\/wp-json\/wp\/v2\/media?parent=370"}],"curies":[{"name":"wp","href":"https:\/\/api.w.org\/{rel}","templated":true}]}}