{"id":376,"date":"2011-10-24T10:41:43","date_gmt":"2011-10-24T10:41:43","guid":{"rendered":"http:\/\/strubbelmiez.de\/wordpress\/?page_id=376"},"modified":"2011-10-24T10:42:49","modified_gmt":"2011-10-24T10:42:49","slug":"skurrile-fotos","status":"publish","type":"page","link":"http:\/\/strubbelmiez.de\/index.php\/plauderecke\/skurrile-fotos\/","title":{"rendered":"skurrile Fotos"},"content":{"rendered":"<p>Wie gern h\u00e4tten wir spontan eine Kamera dabei, wenn wir auf skurrile Motive sto\u00dfen? Manchmal ist sie dank dem Handy ja dabei.<\/p>\n<p>Unter Wahrung des Pers\u00f6nlichkeitsrechts k\u00f6nnen hier skurrile Fotos erscheinen, die uns immer wieder zum Schmunzeln bringen. Fotos aus dem Internet sind hier also fehl am Platze, es sei denn, sie stammen aus der eigenen privaten Webseite (mit Quellenangabe) und sind selbst geschossen worden.<\/p>\n<p>Auch anst\u00f6\u00dfige und andere Rechte verletzende Bilder werden entfernt bzw. nicht zugelassen.<\/p>\n<p>Die Galerie ist jetzt er\u00f6ffnet \u2026 \ud83d\ude42<\/p>\n<p>&nbsp;<\/p>\n<div id=\"wp_fb_like_button\" style=\"margin:5px 0;float:none;height:100px;\"><script src=\"http:\/\/connect.facebook.net\/en_US\/all.js#xfbml=1\"><\/script><fb:like href=\"http:\/\/strubbelmiez.de\/index.php\/plauderecke\/skurrile-fotos\/\" send=\"true\" layout=\"standard\" width=\"450\" show_faces=\"true\" font=\"arial\" action=\"like\" colorscheme=\"light\"><\/fb:like><\/div>","protected":false},"excerpt":{"rendered":"<p>Wie gern h\u00e4tten wir spontan eine Kamera dabei, wenn wir auf skurrile Motive sto\u00dfen? Manchmal ist sie dank dem Handy ja dabei. Unter Wahrung des Pers\u00f6nlichkeitsrechts k\u00f6nnen hier skurrile Fotos erscheinen, die uns immer wieder zum Schmunzeln bringen. Fotos aus dem Internet sind hier also fehl am Platze, es sei denn, sie stammen aus der &hellip; <a href=\"http:\/\/strubbelmiez.de\/index.php\/plauderecke\/skurrile-fotos\/\" class=\"more-link\"><span class=\"screen-reader-text\">skurrile Fotos<\/span> weiterlesen <span class=\"meta-nav\">&rarr;<\/span><\/a><\/p>\n","protected":false},"author":1,"featured_media":0,"parent":45,"menu_order":7,"comment_status":"open","ping_status":"open","template":"","meta":{"jetpack_post_was_ever_published":false,"footnotes":""},"class_list":["post-376","page","type-page","status-publish","hentry"],"jetpack_sharing_enabled":true,"jetpack_shortlink":"https:\/\/wp.me\/P2ijNL-64","jetpack-related-posts":[],"_links":{"self":[{"href":"http:\/\/strubbelmiez.de\/index.php\/wp-json\/wp\/v2\/pages\/376","targetHints":{"allow":["GET"]}}],"collection":[{"href":"http:\/\/strubbelmiez.de\/index.php\/wp-json\/wp\/v2\/pages"}],"about":[{"href":"http:\/\/strubbelmiez.de\/index.php\/wp-json\/wp\/v2\/types\/page"}],"author":[{"embeddable":true,"href":"http:\/\/strubbelmiez.de\/index.php\/wp-json\/wp\/v2\/users\/1"}],"replies":[{"embeddable":true,"href":"http:\/\/strubbelmiez.de\/index.php\/wp-json\/wp\/v2\/comments?post=376"}],"version-history":[{"count":2,"href":"http:\/\/strubbelmiez.de\/index.php\/wp-json\/wp\/v2\/pages\/376\/revisions"}],"predecessor-version":[{"id":378,"href":"http:\/\/strubbelmiez.de\/index.php\/wp-json\/wp\/v2\/pages\/376\/revisions\/378"}],"up":[{"embeddable":true,"href":"http:\/\/strubbelmiez.de\/index.php\/wp-json\/wp\/v2\/pages\/45"}],"wp:attachment":[{"href":"http:\/\/strubbelmiez.de\/index.php\/wp-json\/wp\/v2\/media?parent=376"}],"curies":[{"name":"wp","href":"https:\/\/api.w.org\/{rel}","templated":true}]}}