{"id":52,"date":"2010-12-29T23:16:32","date_gmt":"2010-12-29T23:16:32","guid":{"rendered":"http:\/\/strubbelmiez.de\/wordpress\/?page_id=52"},"modified":"2012-03-17T23:38:31","modified_gmt":"2012-03-17T22:38:31","slug":"home","status":"publish","type":"page","link":"http:\/\/strubbelmiez.de\/index.php\/home\/","title":{"rendered":"Impressum"},"content":{"rendered":"<p>Hallo Welt, hier entsteht gerade ein Blog \u00fcber dies und das. Es werden Spr\u00fcche und Texte erscheinen, die mich halt in meinem Schreibwahn hin und wieder durch den Kopf gehen.<\/p>\n<p>Bis der Blog so richtig eingerichtet ist, bedarf es nat\u00fcrlich noch ein wenig Zeit und vor allem \u00dcbung : -)<\/p>\n<p>&nbsp;<\/p>\n<p style=\"text-align: left;\">Da dieser Blog ausschlie\u00dflich privaten Zwecken dient und somit keine wirtschaftlichen Interessen dahinter stehen, besteht hier lt. <em>\u00a7 55 I RStV<\/em> keine Impressumspflicht.<\/p>\n<p style=\"text-align: left;\">Sollten Urheberrechte und andere verletzt werden, bitte ich Sie, mir dieses unter der Mailadresse<\/p>\n<p><img loading=\"lazy\" decoding=\"async\" class=\" alignnone\" src=\"http:\/\/dl.dropbox.com\/u\/881749\/Bild_mit_MailaddyfuerBlog.jpg\" alt=\"\" width=\"215\" height=\"42\" \/><\/p>\n<p>mitzuteilen. Ich werde dem schnellstm\u00f6glich nachgehen.<\/p>\n<p><!-- <img loading=\"lazy\" decoding=\"async\" title=\"Bild_mit_Anschrift_fuerBlog\" src=\"http:\/\/strubbelmiez.de\/wordpress\/wp-content\/uploads\/2010\/12\/Bild_mit_Anschrift_fuerBlog4-e1312797749239-150x71.jpg\" alt=\"\" width=\"150\" height=\"71\" \/> --><\/p>\n<p>(auf RS gepr\u00fcft und schr\u00e4g geguckt ;-))<\/p>\n<p>&nbsp;<\/p>\n<div id=\"wp_fb_like_button\" style=\"margin:5px 0;float:none;height:100px;\"><script src=\"http:\/\/connect.facebook.net\/en_US\/all.js#xfbml=1\"><\/script><fb:like href=\"http:\/\/strubbelmiez.de\/index.php\/home\/\" send=\"true\" layout=\"standard\" width=\"450\" show_faces=\"true\" font=\"arial\" action=\"like\" colorscheme=\"light\"><\/fb:like><\/div>","protected":false},"excerpt":{"rendered":"<p>Hallo Welt, hier entsteht gerade ein Blog \u00fcber dies und das. Es werden Spr\u00fcche und Texte erscheinen, die mich halt in meinem Schreibwahn hin und wieder durch den Kopf gehen. Bis der Blog so richtig eingerichtet ist, bedarf es nat\u00fcrlich noch ein wenig Zeit und vor allem \u00dcbung : -) &nbsp; Da dieser Blog ausschlie\u00dflich &hellip; <a href=\"http:\/\/strubbelmiez.de\/index.php\/home\/\" class=\"more-link\"><span class=\"screen-reader-text\">Impressum<\/span> weiterlesen <span class=\"meta-nav\">&rarr;<\/span><\/a><\/p>\n","protected":false},"author":1,"featured_media":0,"parent":0,"menu_order":0,"comment_status":"closed","ping_status":"open","template":"","meta":{"jetpack_post_was_ever_published":false,"footnotes":""},"class_list":["post-52","page","type-page","status-publish","hentry"],"jetpack_sharing_enabled":true,"jetpack_shortlink":"https:\/\/wp.me\/P2ijNL-Q","jetpack-related-posts":[],"_links":{"self":[{"href":"http:\/\/strubbelmiez.de\/index.php\/wp-json\/wp\/v2\/pages\/52","targetHints":{"allow":["GET"]}}],"collection":[{"href":"http:\/\/strubbelmiez.de\/index.php\/wp-json\/wp\/v2\/pages"}],"about":[{"href":"http:\/\/strubbelmiez.de\/index.php\/wp-json\/wp\/v2\/types\/page"}],"author":[{"embeddable":true,"href":"http:\/\/strubbelmiez.de\/index.php\/wp-json\/wp\/v2\/users\/1"}],"replies":[{"embeddable":true,"href":"http:\/\/strubbelmiez.de\/index.php\/wp-json\/wp\/v2\/comments?post=52"}],"version-history":[{"count":25,"href":"http:\/\/strubbelmiez.de\/index.php\/wp-json\/wp\/v2\/pages\/52\/revisions"}],"predecessor-version":[{"id":1046,"href":"http:\/\/strubbelmiez.de\/index.php\/wp-json\/wp\/v2\/pages\/52\/revisions\/1046"}],"wp:attachment":[{"href":"http:\/\/strubbelmiez.de\/index.php\/wp-json\/wp\/v2\/media?parent=52"}],"curies":[{"name":"wp","href":"https:\/\/api.w.org\/{rel}","templated":true}]}}