{"id":768,"date":"2012-01-11T20:36:09","date_gmt":"2012-01-11T19:36:09","guid":{"rendered":"http:\/\/strubbelmiez.de\/wordpress\/?page_id=768"},"modified":"2012-01-15T01:04:10","modified_gmt":"2012-01-15T00:04:10","slug":"wir-uben-hightech","status":"publish","type":"page","link":"http:\/\/strubbelmiez.de\/index.php\/therapie-eckchen\/wir-uben-hightech\/","title":{"rendered":"Wir \u00fcben &#8222;Technik&#8220;"},"content":{"rendered":"<p>Frauen und Technik\u2026sind ja eigentlich in Verbindung kaum vorstellbar. Denkste! Ich befasse mich ganz gern mit der einen oder anderen Herausforderung. In diesem Falle ist es (mal wieder) ein Handy. Ich brauche den Wechsel nicht in den k\u00fcrzesten Abst\u00e4nden und auch nicht die br\u00fcllend neuesten Modelle, die evtl. schon Rasierer oder sonst was f\u00fcr Funktionen haben, aber schon etwas mehr bieten als Telefonie. Als orientierungsloses Weibchen freue ich mich beispielsweise \u00fcber Navis. Wer mich kennt, wei\u00df, dass ich zwar nicht motorisiert bin, aber dennoch das \u201eV\u00f6gelchen\u201c ben\u00f6tigt, welches mir ein <em>\u201eDa musste lang\u201c<\/em> oder <em>\u201eJa, wo laufen Sie denn?\u201c<\/em> aus dem Lautsprecher \u201ezwitschert\u201c. Klar, so langsam kenne ich die Gegend hier streckenweise und ich mache mich immer seltener zum Apfel, wenn ich ratlosen Blickes auf die Anzeige starre, welche dunkle Gasse nun von mir betreten werden muss, um fix an mein Ziel zu kommen. Mein (von jemand aus dem soz. Netzwerk) abgegucktes Gebet <em>\u201eLiebes Universum, bitte in Wei\u00df\u201c<\/em> wurde erh\u00f6rt, auch wenn es sich nicht um ein <em>\u201eiDings\u201c<\/em> handelt. Da wir wissen, dass diverse \u201eGebete\u201c nichts bringen und schon entweder eine Vertragsverl\u00e4ngerung voranging oder der blo\u00dfe Kauf eines solchen Handtaschenf\u00fcllers, sind wir  faktisch die Beschaffer, die ihr geliebtes Geld daf\u00fcr hingeben.<\/p>\n<p>Das P\u00e4ckchen kam also und nach dem \u00d6ffnen der Umverpackung fiel mir ein kleines buntes W\u00fcrfelchen in die Hand, wo ich kaum glauben wollte, dass darin nun das Handy in seinen Bauteilen stecken soll. Und tats\u00e4chlich steckten alle Teilchen in dieser kleinen schnuffigen Verpackung. Ich war gr\u00f6\u00dfere Umverpackungen gewohnt, da ja sonst auch Software-CD und einige Zusatzteilchen dazugeh\u00f6rten. <\/p>\n<p>Nun lag es vor mir, das \u201eTatsch- und Tipperhandy\u201c (Touchscreen und Tastatur). Ich erinnere mich noch an das vor Jahren probierte Handy, wo das Men\u00fc nur noch so sprang und ich es vorerst erschrocken beiseite legte und dann entnervt wieder zur\u00fccksendete. Nun sitze ich wieder vor einem solchen Teilchen, wo aber eben noch eine Tastatur dabei ist. <\/p>\n<p>W\u00fcrde man f\u00fcr Frauen wie mich Bedienungsanleitungen schreiben, k\u00f6nnte diese so klingen: <\/p>\n<p><em>\u201eVersuchen Sie vorsichtig den Akkudeckel zu \u00f6ffnen und lassen sie das Ger\u00e4t dank Ihrer vor Aufregung zittrigen H\u00e4nde nicht fallen. Ist es Ihnen gelungen, dann herzlichen Gl\u00fcckwunsch! Gelang es nicht, wenden Sie sich ggf. vorerst an Ihren Therapeuten und leiten Sie dann weitere Schritte mit dem Paket ein, indem Sie tapfer mit dem Kundendienst telefonieren. Bei vorhergehendem gro\u00dfen Tr\u00e4nenfluss, nutzen Sie besser ein Headset, um sich mit den freien H\u00e4nden die Tr\u00e4nchen zu trocken und die Fingern\u00e4gel zu feilen\u201c<\/em><\/p>\n<p>(Ich nehme stolz die mir selbst vergebene Begl\u00fcckw\u00fcnschung an und bin \u00fcber mich selbst verbl\u00fcfft, dass ich ruhig blieb.)<\/p>\n<p>Weiter:<br \/>\n<em>\u201eSchieben Sie, wie im Bild beschrieben, SIM-Karte und Akku in die Vorrichtungen, schlie\u00dfen Sie vorsichtig den Deckel und \u201est\u00f6pseln\u201c sie das Ladekabel an die jeweils prima gekennzeichneten Buchsen an. W\u00e4hrend das Akku nun l\u00e4dt, k\u00f6nnen Sie vorerst herzzerrei\u00dfend ihren Daumennagel beweinen und wieder eben zurechtfeilen.\u201c<\/em><\/p>\n<p>(Ist erledigt, Daumennagel sieht wieder ansehnlich aus und ich habe tapfer, wie ich bin, nicht geweint. Ich h\u00e4tte daf\u00fcr gern die Belohnungsschokolade)<\/p>\n<p><em>\u201eW\u00e4hrend der Aufladezeit des Akkus, die wegen immenser Vorfreude auf die Benutzung zeitlich sehr lange vorkommt, erledigen Sie ihre Pflichten oder versuchen sich im F\u00fc\u00dfe-Hochhalten.\u201c <\/em><\/p>\n<p>(Letzteres gelang mir nicht, aber das \u00dcbliche f\u00fcr den Tag konnte ich, wenn auch mit \u201eMuhaaha\u2026\u201c erledigen).<\/p>\n<p>Zielgruppengerecht ist doch derzeit der Clou, oder?<\/p>\n<p>Fortsetzung folgt\u2026 <\/p>\n<div id=\"wp_fb_like_button\" style=\"margin:5px 0;float:none;height:100px;\"><script src=\"http:\/\/connect.facebook.net\/en_US\/all.js#xfbml=1\"><\/script><fb:like href=\"http:\/\/strubbelmiez.de\/index.php\/therapie-eckchen\/wir-uben-hightech\/\" send=\"true\" layout=\"standard\" width=\"450\" show_faces=\"true\" font=\"arial\" action=\"like\" colorscheme=\"light\"><\/fb:like><\/div>","protected":false},"excerpt":{"rendered":"<p>Frauen und Technik\u2026sind ja eigentlich in Verbindung kaum vorstellbar. Denkste! Ich befasse mich ganz gern mit der einen oder anderen Herausforderung. In diesem Falle ist es (mal wieder) ein Handy. Ich brauche den Wechsel nicht in den k\u00fcrzesten Abst\u00e4nden und auch nicht die br\u00fcllend neuesten Modelle, die evtl. schon Rasierer oder sonst was f\u00fcr Funktionen &hellip; <a href=\"http:\/\/strubbelmiez.de\/index.php\/therapie-eckchen\/wir-uben-hightech\/\" class=\"more-link\"><span class=\"screen-reader-text\">Wir \u00fcben &#8222;Technik&#8220;<\/span> weiterlesen <span class=\"meta-nav\">&rarr;<\/span><\/a><\/p>\n","protected":false},"author":1,"featured_media":0,"parent":354,"menu_order":3,"comment_status":"open","ping_status":"open","template":"","meta":{"jetpack_post_was_ever_published":false,"footnotes":""},"class_list":["post-768","page","type-page","status-publish","hentry"],"jetpack_sharing_enabled":true,"jetpack_shortlink":"https:\/\/wp.me\/P2ijNL-co","jetpack-related-posts":[],"_links":{"self":[{"href":"http:\/\/strubbelmiez.de\/index.php\/wp-json\/wp\/v2\/pages\/768","targetHints":{"allow":["GET"]}}],"collection":[{"href":"http:\/\/strubbelmiez.de\/index.php\/wp-json\/wp\/v2\/pages"}],"about":[{"href":"http:\/\/strubbelmiez.de\/index.php\/wp-json\/wp\/v2\/types\/page"}],"author":[{"embeddable":true,"href":"http:\/\/strubbelmiez.de\/index.php\/wp-json\/wp\/v2\/users\/1"}],"replies":[{"embeddable":true,"href":"http:\/\/strubbelmiez.de\/index.php\/wp-json\/wp\/v2\/comments?post=768"}],"version-history":[{"count":8,"href":"http:\/\/strubbelmiez.de\/index.php\/wp-json\/wp\/v2\/pages\/768\/revisions"}],"predecessor-version":[{"id":777,"href":"http:\/\/strubbelmiez.de\/index.php\/wp-json\/wp\/v2\/pages\/768\/revisions\/777"}],"up":[{"embeddable":true,"href":"http:\/\/strubbelmiez.de\/index.php\/wp-json\/wp\/v2\/pages\/354"}],"wp:attachment":[{"href":"http:\/\/strubbelmiez.de\/index.php\/wp-json\/wp\/v2\/media?parent=768"}],"curies":[{"name":"wp","href":"https:\/\/api.w.org\/{rel}","templated":true}]}}