{"id":973,"date":"2012-03-09T15:36:15","date_gmt":"2012-03-09T14:36:15","guid":{"rendered":"http:\/\/strubbelmiez.de\/wordpress\/?page_id=973"},"modified":"2012-03-09T22:31:00","modified_gmt":"2012-03-09T21:31:00","slug":"wir-uben-einkaufstempelwahnsinn","status":"publish","type":"page","link":"http:\/\/strubbelmiez.de\/index.php\/therapie-eckchen\/wir-uben-einkaufstempelwahnsinn\/","title":{"rendered":"Wir \u00fcben Einkaufstempelwahnsinn&#8230;"},"content":{"rendered":"<p>Irgendwann mal lernten wir doch in der Schule, dass die Herrschaften einst J\u00e4ger und Sammler waren. W\u00e4hrenddessen sa\u00dfen die Weiberlein am Feuer und h\u00fcteten den Nachwuchs. Kam das M\u00e4nnelein mit der Beute heim, war die Freude wohl gro\u00df. Na gut, so etwas wie <em>\u201eToll Schatzi (Hasi, B\u00e4rchen oder wie auch immer)!\u201c <\/em>wird es wohl kaum durch die Gegend geschallt haben, aber nun gut. Seit vielen, vielen Jahren sieht man die meisten Weibelein mit etlichen bunten T\u00fctchen und riesen Taschen mit unheimlich viel Beute umher laufen. Entweder zu einem Treffpunkt (da M\u00e4nnelein nach Technik oder Spielen gucken wollte) oder mit strahlenden \u00c4uglein schleunigst nach Hause. Man helfe mir bitte auf die Spr\u00fcnge, dieses zu begreifen. Ehrlich, ich bin laut Geburtsurkunde und vielleicht auch nur wenig erkennbar anatomischen Merkmalen auch ein Weibchen, aber irgendwie muss mir ein Gen unterschlagen worden sein.<\/p>\n<p>Erst neulich hie\u00df es, das Einkaufszentrum f\u00fcr eine Gruppenarbeit zu st\u00fcrmen und den Sinn der Anordnung von Gesch\u00e4ften herauszufinden. Etwas Zielgruppenbeobachtung geh\u00f6rte ja logischerweise auch dazu. Einerseits freute ich mich ja \u00fcber die bevorstehende Bewegung, andererseits graulte ich mich mal wieder vor den Massen mit entsprechend orts\u00fcblicher Mimik. Au\u00dferdem ist alles ohnehin knallbunt und jedes Gesch\u00e4ft w\u00fcrde jetzt von innen betrachtet werden m\u00fcssen. 3 Damen und 2 Herrschaften, die mir schon sofort etwas Leid taten, ziehen also los, beobachten die Massen und notierten auch die Anordnung der Gesch\u00e4fte. Die Verbl\u00fcffung dar\u00fcber, dass sich z. B. mehrere Schuhgesch\u00e4fte mit unterschiedlichem Preisniveau in der N\u00e4he eines Caf\u00e9s im Mitteltrakt des Obergeschosses befinden, traf sogar die sonst anscheinend einkaufsbegeisterte Fraktion. Jede uns relevant erscheinende Beobachtung wurde aufs Bl\u00f6ckchen gekritzelt und sp\u00e4ter zusammengetragen. Welche Zielgruppen nun um diese Zeit und \u00fcberwiegend vertreten war, d\u00fcrfte klar sein. Sp\u00e4ter wurde alles in der gesamten Gruppe vorgebracht und ausgewertet. Danach wurde dann \u00fcber die Konzepte der jeweiligen Jubel &#8211; St\u00e4tten diskutiert. Ich kenne jetzt also sogar die eine oder andere Marke mehr (na gut, jetzt sind es wohl 3) und ich bin f\u00fcr die n\u00e4chsten etlichen Wochen mal wieder \u201eeinkaufscentersatt\u201c. Wir hatten allerdings wirklich unseren Spa\u00df dabei, wenn f\u00fcr so Manches eine Vermutung ausgesprochen wurde. Ich bin und bleibe also weiterhin ein \u201eShoppingmuffelchen\u201c und mache mir immer noch keine Gedanken dar\u00fcber, ob das bunte T\u00fctchen nun zum restlichen Outfit passt.<\/p>\n<p>Wer sich bei der \u201eMarktforschung\u201c wirklich am\u00fcsieren m\u00f6chte, schickt ein M\u00e4nnlein und ein Weiblein in einen gro\u00dfen Baumarkt, verschr\u00e4nkt vorerst sicher die Arme und denkt sich <em>\u201eJaja, die Weiber zum Haushaltskram und Bl\u00fcmchen, die Herrschaften zum Baumaterial oder zu den Werkzeugen \u2013 fertig\u201c<\/em> Denkste, mein Lieber! Es gibt begeisterte Weiberlein, die dann in der Baumaterialabteilung stehen und im Kopfe schon ganze Konstruktionen fertig haben, sich aber auf den Kontostand und ihrer zwei manchmal linken H\u00e4nde besinnen. Links ist halt immer zu schwach, gelle? Eben auch bei der Armkraft. Man stelle sich mal vor, es g\u00e4be dort ein Caf\u00e9 oder so ein Baumarkt w\u00fcrde sich sogar in einem Einkaufscenter befinden, hach, das stelle ich mir am\u00fcsant vor! W\u00e4hrend viele andere Weiblein sonst T\u00fcten um T\u00fcten beim M\u00e4nne im Caf\u00e9-Bereich abladen und sich mit einem s\u00fc\u00dfen L\u00e4cheln mit einem <em>\u201ebis gleich\u201c<\/em> (finde den Fehler!) verabschiedet, h\u00e4tte das verlegen err\u00f6tetete Weiblein hinter der Tastatur eine ganz andere Vorstellung: Sie kann den gro\u00dfen Wagen mit den vielen Baumaterialien an die gro\u00dfe Laderampe karren, vor der sich vorteilhafterweise ein entsprechend gro\u00dfes Lieferfahrzeug und das Caf\u00e9 (oder gar eine Kneipe?) befindet. Mit einem ebenfalls zuckers\u00fc\u00dfen L\u00e4cheln wie beim Schuhkauf anderer Weibchen s\u00e4uselt sie dem Leid geplagten M\u00e4nne zu, dass sie <em>\u201enur noch fix&#8220; <\/em>Werkzeug und Beschl\u00e4ge kaufen geht. Nach dem Bezahlen holt das Weibelein das M\u00e4nnelein von der \u201eAufbewahrungsstelle\u201c ab und es geht samt materiellen Eroberungen und dem sicherlich bereits quengeligen M\u00e4nne im Lieferwagen nach Hause, womit noch eine rechte und eine evtl. linke Hand zum Bauen hinzuk\u00e4me. Aber&#8230; passt dann die graue Verpackung zur bunten Haus- und Hof-Lodder-Kluft? <\/p>\n<p>Was w\u00e4re also lieber? W\u00f6chentlich f\u00fcr den zauberhaften Haussegen T\u00fcten um T\u00fcten Schuhe shoppen lassen, mit s\u00fc\u00dfsaurer Miene auch Beutelchen nach Hause mittragen und als gezwungener Zuschauer bei der gro\u00dfen Schuhmodenschau \u00c4uglein zu verdrehen oder die andere Version, die wegen z.B. begrenztem Platz nur selten vorkommen d\u00fcrfte? \ud83d\ude09 <\/p>\n<p>G\u00e4be es diese Studie (oder ist sie mir entgangen?), w\u00e4re sogar ein Fahrer und somit auch zwei helfende Pf\u00f6tchen zur Stelle, die das Frauchen beim Bauen und sp\u00e4ter hingerissenen Betrachten des Ergebnisses \u201eAbajajajippijippijeh\u2026\u201c oder \u201eMach es zu deinem Projekt\u201c jubeln lassen. Jetzt w\u00e4re ich doch ein bisschen f\u00fcr die Weibelein-Quote in den Chefetagen &#8211; n\u00e4mlich, um das noch erleben zu d\u00fcrfen. Ich trockne noch fix mein Hoffnungs- und Lachtr\u00e4nchen, \u00fcbe mich im Gebet und dann geht es ans Werk \u2013 der \u00fcbliche Wahnsinn. Es wird ja Fr\u00fchling, ich stehe dann auf der Leiter und vernehme mein eigenes <em>*yeah!*<\/em>\u2026\u00e4hm <em>\u201eAbajajajippijippijey!\u201c. <\/em><\/p>\n<p>Wer Gl\u00fcck hat, schmunzelt \u00fcber das Ganze, denn es gibt sogar die ganz tapferen Helden, die den Marathon durch den Baumarkt und die gemeinsame Bauerei mit Begeisterung oder einem geschmunzelten Augenverleiern &#8222;\u00fcberstehen&#8220;. Man kann sogar zusammen herzhaft \u00fcber solche Erlebnisse lachen.<\/p>\n<div id=\"wp_fb_like_button\" style=\"margin:5px 0;float:none;height:100px;\"><script src=\"http:\/\/connect.facebook.net\/en_US\/all.js#xfbml=1\"><\/script><fb:like href=\"http:\/\/strubbelmiez.de\/index.php\/therapie-eckchen\/wir-uben-einkaufstempelwahnsinn\/\" send=\"true\" layout=\"standard\" width=\"450\" show_faces=\"true\" font=\"arial\" action=\"like\" colorscheme=\"light\"><\/fb:like><\/div>","protected":false},"excerpt":{"rendered":"<p>Irgendwann mal lernten wir doch in der Schule, dass die Herrschaften einst J\u00e4ger und Sammler waren. W\u00e4hrenddessen sa\u00dfen die Weiberlein am Feuer und h\u00fcteten den Nachwuchs. Kam das M\u00e4nnelein mit der Beute heim, war die Freude wohl gro\u00df. Na gut, so etwas wie \u201eToll Schatzi (Hasi, B\u00e4rchen oder wie auch immer)!\u201c wird es wohl kaum &hellip; <a href=\"http:\/\/strubbelmiez.de\/index.php\/therapie-eckchen\/wir-uben-einkaufstempelwahnsinn\/\" class=\"more-link\"><span class=\"screen-reader-text\">Wir \u00fcben Einkaufstempelwahnsinn&#8230;<\/span> weiterlesen <span class=\"meta-nav\">&rarr;<\/span><\/a><\/p>\n","protected":false},"author":1,"featured_media":0,"parent":354,"menu_order":5,"comment_status":"open","ping_status":"open","template":"","meta":{"jetpack_post_was_ever_published":false,"footnotes":""},"class_list":["post-973","page","type-page","status-publish","hentry"],"jetpack_sharing_enabled":true,"jetpack_shortlink":"https:\/\/wp.me\/P2ijNL-fH","jetpack-related-posts":[],"_links":{"self":[{"href":"http:\/\/strubbelmiez.de\/index.php\/wp-json\/wp\/v2\/pages\/973","targetHints":{"allow":["GET"]}}],"collection":[{"href":"http:\/\/strubbelmiez.de\/index.php\/wp-json\/wp\/v2\/pages"}],"about":[{"href":"http:\/\/strubbelmiez.de\/index.php\/wp-json\/wp\/v2\/types\/page"}],"author":[{"embeddable":true,"href":"http:\/\/strubbelmiez.de\/index.php\/wp-json\/wp\/v2\/users\/1"}],"replies":[{"embeddable":true,"href":"http:\/\/strubbelmiez.de\/index.php\/wp-json\/wp\/v2\/comments?post=973"}],"version-history":[{"count":14,"href":"http:\/\/strubbelmiez.de\/index.php\/wp-json\/wp\/v2\/pages\/973\/revisions"}],"predecessor-version":[{"id":993,"href":"http:\/\/strubbelmiez.de\/index.php\/wp-json\/wp\/v2\/pages\/973\/revisions\/993"}],"up":[{"embeddable":true,"href":"http:\/\/strubbelmiez.de\/index.php\/wp-json\/wp\/v2\/pages\/354"}],"wp:attachment":[{"href":"http:\/\/strubbelmiez.de\/index.php\/wp-json\/wp\/v2\/media?parent=973"}],"curies":[{"name":"wp","href":"https:\/\/api.w.org\/{rel}","templated":true}]}}